{"id":703,"date":"2013-07-03T15:30:34","date_gmt":"2013-07-03T13:30:34","guid":{"rendered":"http:\/\/thailandia.evolutiontravel.it\/infovacanze\/?page_id=703"},"modified":"2019-06-12T10:17:06","modified_gmt":"2019-06-12T08:17:06","slug":"attrazioni-turistiche-bangkok","status":"publish","type":"page","link":"https:\/\/thailandia.evolutiontravel.it\/infovacanze\/da-vedere\/attrazioni-turistiche-bangkok\/","title":{"rendered":"Cose da vedere a Bangkok"},"content":{"rendered":"<p>Le <strong>attrazioni di Bangkok<\/strong> sono<strong> templi<\/strong>, <strong>parchi<\/strong>, <strong>edifici storici<\/strong> ma anche <strong>centri commerciali<\/strong> e negozi di artigianato locale.<\/p>\n<p>Infatti &#8220;<em>la citt\u00e0 degli angeli<\/em>&#8220;, cos\u00ec \u00e8 soprannominata la capitale della Thailandia, offre infatti tantissime cose da vedere durante le tue vacanze.<\/p>\n<p>Ad ogni modo a Bangkok ci sono <strong>almeno 5 attrazioni che non potete assolutamente perdere<\/strong>: Grand Palace,\u00a0Wat Phra Kaew,\u00a0 Wat Pho, i canali di Bangkok e Lumpini park.<\/p>\n<p style=\"text-align: center\">Grand Palace Bangkok<\/p>\n<p style=\"text-align: center\"><img loading=\"lazy\" decoding=\"async\" class=\"alignnone wp-image-770 size-full\" src=\"https:\/\/thailandia.evolutiontravel.it\/infovacanze\/wp-content\/uploads\/sites\/2\/2013\/07\/Grand-Palace-Bangkok.jpg\" alt=\"Grand Palace Bangkok\" width=\"800\" height=\"528\" srcset=\"https:\/\/thailandia.evolutiontravel.it\/infovacanze\/wp-content\/uploads\/sites\/2\/2013\/07\/Grand-Palace-Bangkok.jpg 800w, https:\/\/thailandia.evolutiontravel.it\/infovacanze\/wp-content\/uploads\/sites\/2\/2013\/07\/Grand-Palace-Bangkok-300x198.jpg 300w, https:\/\/thailandia.evolutiontravel.it\/infovacanze\/wp-content\/uploads\/sites\/2\/2013\/07\/Grand-Palace-Bangkok-454x300.jpg 454w\" sizes=\"(max-width: 800px) 100vw, 800px\" \/><\/p>\n<p>&nbsp;<\/p>\n<h2>Grand Palace di Bangkok<\/h2>\n<p>E&#8217; un <strong>gruppo di edifici<\/strong> che sono stati residenza reale dal <strong>XVIII secolo alla met\u00e0 del XX secolo<\/strong>. Nel 1792 si inizi\u00f2 a costruire la notevole architettura del resort e la sua misura esorbitante lo rende <strong>una delle principali attrazioni<\/strong>.<\/p>\n<p>La zona \u00e8 composto da vari edifici e case, non solo il palazzo, ma alcuni siti molto importanti per la storia e la cultura di Bangkok e la Thailandia. Tra i luoghi pi\u00f9 suggestivi troviamo il Wat Phra Kaew.<\/p>\n<ul>\n<li>Dove si trova: Na Phra Lan Road<\/li>\n<li>Prezzo biglietti: 500 baht (circa 15 euro)<\/li>\n<li>Sito web ufficiale: <a href=\"https:\/\/www.royalgrandpalace.th\/en\/home\" target=\"_blank\" rel=\"noopener\">www.royalgrandpalace.th<\/a><\/li>\n<\/ul>\n<p>&nbsp;<\/p>\n<h2>Wat Phra Kaew<\/h2>\n<p>Il Wat Phra Kaew \u00e8 <strong>il pi\u00f9 importante tempio buddista in Thailandia<\/strong>.<\/p>\n<p>In questo tempio religioso sontuoso <strong>c&#8217;\u00e8 il famoso Buddha di Smeraldo<\/strong>, il simbolo religioso della Thailandia per eccellenza: una piccola scultura del Buddha seduto di <strong>45 centimetri di altezza<\/strong>.<\/p>\n<p>&nbsp;<\/p>\n<h2>Wat Pho<\/h2>\n<p>Wat Pho \u00e8 <strong>il pi\u00f9 antico tempio di Bangkok<\/strong> con sculture di dimensioni umane. All&#8217;interno c&#8217;\u00e8 <strong>il famoso Buddha sdraiato<\/strong>.<\/p>\n<p>La scultura <strong>ricoperta d&#8217;oro<\/strong> \u00e8 molto pi\u00f9 grande di quanto ci si possa aspettare, addirittura \u00e8 necessario uscire e rientrare per contemplarlo nella sua interezza.<\/p>\n<p style=\"text-align: center\"><a href=\"https:\/\/thailandia.evolutiontravel.it\/infovacanze\/wp-content\/uploads\/sites\/2\/2013\/06\/Wat-Po-Bangkok.jpg\"><img loading=\"lazy\" decoding=\"async\" class=\"alignnone wp-image-525\" src=\"https:\/\/thailandia.evolutiontravel.it\/infovacanze\/wp-content\/uploads\/sites\/2\/2013\/06\/Wat-Po-Bangkok-1024x672.jpg\" alt=\"\" width=\"800\" height=\"526\" srcset=\"https:\/\/thailandia.evolutiontravel.it\/infovacanze\/wp-content\/uploads\/sites\/2\/2013\/06\/Wat-Po-Bangkok-1024x672.jpg 1024w, https:\/\/thailandia.evolutiontravel.it\/infovacanze\/wp-content\/uploads\/sites\/2\/2013\/06\/Wat-Po-Bangkok-300x197.jpg 300w, https:\/\/thailandia.evolutiontravel.it\/infovacanze\/wp-content\/uploads\/sites\/2\/2013\/06\/Wat-Po-Bangkok-456x300.jpg 456w, https:\/\/thailandia.evolutiontravel.it\/infovacanze\/wp-content\/uploads\/sites\/2\/2013\/06\/Wat-Po-Bangkok.jpg 1315w\" sizes=\"(max-width: 800px) 100vw, 800px\" \/><\/a><\/p>\n<p>&nbsp;<\/p>\n<ul>\n<li>Dove si trova: 2 Sanamchai Road, Grand Palace Subdistrict<\/li>\n<li>Prezzo biglietti: 200 Baht<\/li>\n<li>sito web ufficiale: <a href=\"http:\/\/www.watpho.com\/en\" target=\"_blank\" rel=\"noopener\">www.watpho.com<\/a><\/li>\n<\/ul>\n<p>&nbsp;<\/p>\n<h2>Canali di Bangkok<\/h2>\n<p>I canali della capitale thailandese sono una delle attrazioni pi\u00f9 conosciute dagli occidentali. Il fiume \u00e8 Cho Pharaya e lungo i canali e le rive ci sono tanti negozi dove <a href=\"https:\/\/thailandia.evolutiontravel.it\/infovacanze\/souvenir\/\">acquistare prodotti locali<\/a>.<\/p>\n<p><strong>I battelli<\/strong> organizzano anche <strong>tour ed escursioni<\/strong> lungo il fiume: \u00e8 da fare almeno una volta!<\/p>\n<p>In generale poi il trasporto fluviale a Bangkok funziona piuttosto bene, anche se trafficato, e pu\u00f2 quindi essere un&#8217;occasione per visitare pi\u00f9 posti anche nei dintorni della citt\u00e0.<\/p>\n<p>A circa <strong>4 minuti da dove ci si imbarca<\/strong> c&#8217;\u00e8 poi un altro tempio che se avete tempo consigliamo di andare a vedere visto che \u00e8 vicino: <strong>Wat Phraya Krai<\/strong>.<\/p>\n<p>&nbsp;<\/p>\n<h2>Lumpini Park<\/h2>\n<p>A Bangkok troverete anche un <strong>grande parco con tanti sentieri<\/strong> dove passeggiare nel verde. E&#8217; Lumpini Park dove ci sono prati, alberi, <strong>scoiattoli e lucertole<\/strong> piuttosto grandi.<\/p>\n<p>E&#8217; il posto <strong>ideale per rilassarsi<\/strong> soprattutto dopo aver fatto una gita della citt\u00e0, piuttosto frenetica.<\/p>\n<p><strong>L&#8217;accesso al parco \u00e8 libero<\/strong>.<\/p>\n<ul>\n<li>sito web ufficiale: <a href=\"https:\/\/www.tourismthailand.org\/Attraction\/Lumpini-Park--108\" target=\"_blank\" rel=\"noopener\">www.tourismthailand.org\/Attraction\/Lumpini-Park<\/a><\/li>\n<\/ul>\n<p>&nbsp;<\/p>\n<h3>La vita notturna a Bangkok<\/h3>\n<p>Bangkok \u00e8 una delle capitali con pi\u00f9 occasioni di divertimento notturno. <strong>La zona di Sukumvit<\/strong> offre locali pi\u00f9 chic ma anche pi\u00f9 cari, fra questi il famoso <strong>Narz<\/strong>.<\/p>\n<p>Nella zona commerciale, quella del world trade center thailandese, sono presenti moltissimi locali, tra i pi\u00f9 famosi ricordiamo lo <strong><em>Sky Bar<\/em> <\/strong>situato al 65esimo piano di un grattacielo. Questa location \u00e8 stata utilizzata anche per il film \u201c<em>Una notte da Leoni 2<\/em>\u201d.<\/p>\n<p>Oltre a questi due locali ce ne sono molti altri soprattutto sulla <strong>Nanai Road di Sukhumvit<\/strong> o nel quartiere a luci rosse di Pat Pong.<\/p>\n<p>Un buon modo per scoprire tutte le attazioni della capitale della Thailandia \u00e8 scaricare la mappa della citt\u00e0 con i vari punti di interesse.<\/p>\n<p>Sul sito web ufficiale del turismo della Thailandia potete scaricare quella che preferite da questo link: <a href=\"https:\/\/www.tourismthailand.org\/multimedia\/maps-search?destination_id=219&amp;keyword=\" target=\"_blank\" rel=\"noopener\">www.tourismthailand.org\/multimedia\/maps<\/a><\/p>\n<p>Oppure la soluzione pi\u00f9 veloce \u00e8<strong> contattare &#8211; senza alcun impegno &#8211; i nostri consulenti<\/strong> esperti proprio in quesa destinazione e ottenere tanti consigli!<\/p>\n<p>Non perdere l&#8217;occasione di <span style=\"color: #008000\"><strong>trovare &#8211; subito &#8211; l&#8217;offerta ideale per la Thailandia<\/strong><\/span>: <strong>CLICCA<\/strong> sulle ultime proposte di viaggio pubblicate per vedere dettagli del viaggio, luoghi e destinazioni che potrai visitare!<\/p>\n<p>&nbsp;<\/p>\n<h3 style=\"text-align: center\"><strong>Offerte viaggi e vacanze in Thailandia<\/strong><\/h3>\n<div class=\"feedzy-67a4f5a1b3a37f0b51cea48ba74fa8d0 feedzy-rss\">\n\t\t<ul class=\"feedzy-style2\">\n\t\t\t\t\t<li  style=\"padding: 23px 0 38px\" class=\"rss_item feedzy-rss-col-3\" >\n\t\t\t\t\t\t\t\t\t<div class=\"rss_image\" style=\"width:225px; height:225px;\">\n\t\t\t\t\t\t<a href=\"https:\/\/thailandia.evolutiontravel.it\/it_IT\/896\/tab\/35698_la-magia-del-nord-e-il-mare-delle-andamane.html\" target=\"_blank\" \n\t\t\t\t\t\t\trel=\"noopener \"\n\t\t\t\t\t\t\ttitle=\"La Magia del Nord e il Mare delle Andamane\"\n\t\t\t\t\t\t\tstyle=\"width:225px; height:225px;\">\n\t\t\t\t\t\t\t<span class=\"fetched\" style=\"background-image:  url('http:\/\/etcdn.net\/thumbnails\/35698\/it-bangkok-tour-del-nord-phuket-il-fiume-kwai-e-la-magia-del-nord-e-il-mare-delle-andamane-611dc.jpg');\" title=\"La Magia del Nord e il Mare delle Andamane\"><\/span><amp-img width=\"225\" height=\"225\" src=\"http:\/\/etcdn.net\/thumbnails\/35698\/it-bangkok-tour-del-nord-phuket-il-fiume-kwai-e-la-magia-del-nord-e-il-mare-delle-andamane-611dc.jpg\">\t\t\t\t\t\t<\/a>\n\t\t\t\t\t<\/div>\n\t\t\t\t\t\t\t\t<div class=\"rss_content_wrap\">\n\t\t\t\t\t<span class=\"title\">\n\t\t\t\t\t\t<a href=\"https:\/\/thailandia.evolutiontravel.it\/it_IT\/896\/tab\/35698_la-magia-del-nord-e-il-mare-delle-andamane.html\" target=\"_blank\"  rel=\"noopener \">\n\t\t\t\t\t\t\tLa Magia del Nord e il Mare delle Andamane\t\t\t\t\t\t<\/a>\n\t\t\t\t\t<\/span>\n\t\t\t\t\t<div class=\"rss_content\"\n\t\t\t\t\t\t\tstyle=\"\">\n\t\t\t\t\t\t\n\t\t\t\t\t\t\t\t\t\t\t\t<p class=\"description\">Lasciati accompagnare alla scoperta del Paese prima di terminare il viaggio su una delle tante spiagge tropicali del sud del [&hellip;]<\/p>\n\t\t\t\t\t\t\n\t\t\t\t\t\t\t\t\t\t\t\t\t\t\t\t\t\t\t<div class=\"price-wrap\">\n\t\t\t\t\t\t\t\t<a href=\"https:\/\/thailandia.evolutiontravel.it\/it_IT\/896\/tab\/35698_la-magia-del-nord-e-il-mare-delle-andamane.html\" target=\"_blank\" rel=\"noopener\"><button class=\"price\"> 1780<\/button><\/a>\n\t\t\t\t\t\t\t<\/div>\n\t\t\t\t\t\t\t\t\t\t\t<\/div>\n\t\t\t\t<\/div>\n\t\t\t<\/li>\n\t\t\t\t\t\t<li  style=\"padding: 23px 0 38px\" class=\"rss_item feedzy-rss-col-3\" >\n\t\t\t\t\t\t\t\t\t<div class=\"rss_image\" style=\"width:225px; height:225px;\">\n\t\t\t\t\t\t<a href=\"https:\/\/thailandia.evolutiontravel.it\/it_IT\/896\/tab\/9283_le-luci-e-i-colori-della-capitale-il-fascino-del-nord-e-il-mare-delle-andamane.html\" target=\"_blank\" \n\t\t\t\t\t\t\trel=\"noopener \"\n\t\t\t\t\t\t\ttitle=\"Le luci e i colori della capitale, il fascino del Nord e il mare delle Andamane\"\n\t\t\t\t\t\t\tstyle=\"width:225px; height:225px;\">\n\t\t\t\t\t\t\t<span class=\"fetched\" style=\"background-image:  url('http:\/\/etcdn.net\/thumbnails\/9283\/it-bangkok-tour-del-nord-krabi-le-luci-e-i-colori-della-capitale-il-fascino-del-nord-e-il-mare-delle-andamane-4dfa8.jpg');\" title=\"Le luci e i colori della capitale, il fascino del Nord e il mare delle Andamane\"><\/span><amp-img width=\"225\" height=\"225\" src=\"http:\/\/etcdn.net\/thumbnails\/9283\/it-bangkok-tour-del-nord-krabi-le-luci-e-i-colori-della-capitale-il-fascino-del-nord-e-il-mare-delle-andamane-4dfa8.jpg\">\t\t\t\t\t\t<\/a>\n\t\t\t\t\t<\/div>\n\t\t\t\t\t\t\t\t<div class=\"rss_content_wrap\">\n\t\t\t\t\t<span class=\"title\">\n\t\t\t\t\t\t<a href=\"https:\/\/thailandia.evolutiontravel.it\/it_IT\/896\/tab\/9283_le-luci-e-i-colori-della-capitale-il-fascino-del-nord-e-il-mare-delle-andamane.html\" target=\"_blank\"  rel=\"noopener \">\n\t\t\t\t\t\t\tLe luci e i colori della capitale, il fascino del Nord e il mare delle Andamane\t\t\t\t\t\t<\/a>\n\t\t\t\t\t<\/span>\n\t\t\t\t\t<div class=\"rss_content\"\n\t\t\t\t\t\t\tstyle=\"\">\n\t\t\t\t\t\t\n\t\t\t\t\t\t\t\t\t\t\t\t<p class=\"description\">Un viaggio nel viaggio per scoprire il vero volto della Thailandia nel modo pi\u00f9 autentico e affascinante.<\/p>\n\t\t\t\t\t\t\n\t\t\t\t\t\t\t\t\t\t\t\t\t\t\t\t\t\t\t<div class=\"price-wrap\">\n\t\t\t\t\t\t\t\t<a href=\"https:\/\/thailandia.evolutiontravel.it\/it_IT\/896\/tab\/9283_le-luci-e-i-colori-della-capitale-il-fascino-del-nord-e-il-mare-delle-andamane.html\" target=\"_blank\" rel=\"noopener\"><button class=\"price\"> 1710<\/button><\/a>\n\t\t\t\t\t\t\t<\/div>\n\t\t\t\t\t\t\t\t\t\t\t<\/div>\n\t\t\t\t<\/div>\n\t\t\t<\/li>\n\t\t\t\t\t\t<li  style=\"padding: 23px 0 38px\" class=\"rss_item feedzy-rss-col-3\" >\n\t\t\t\t\t\t\t\t\t<div class=\"rss_image\" style=\"width:225px; height:225px;\">\n\t\t\t\t\t\t<a href=\"https:\/\/thailandia.evolutiontravel.it\/it_IT\/896\/tab\/23625_il-meglio-del-golfo-del-siam.html\" target=\"_blank\" \n\t\t\t\t\t\t\trel=\"noopener \"\n\t\t\t\t\t\t\ttitle=\"Il Meglio del Golfo del Siam\"\n\t\t\t\t\t\t\tstyle=\"width:225px; height:225px;\">\n\t\t\t\t\t\t\t<span class=\"fetched\" style=\"background-image:  url('http:\/\/etcdn.net\/thumbnails\/23625\/it-bangkok-koh-samui-koh-tao-il-meglio-del-golfo-del-siam-4bf52.jpg');\" title=\"Il Meglio del Golfo del Siam\"><\/span><amp-img width=\"225\" height=\"225\" src=\"http:\/\/etcdn.net\/thumbnails\/23625\/it-bangkok-koh-samui-koh-tao-il-meglio-del-golfo-del-siam-4bf52.jpg\">\t\t\t\t\t\t<\/a>\n\t\t\t\t\t<\/div>\n\t\t\t\t\t\t\t\t<div class=\"rss_content_wrap\">\n\t\t\t\t\t<span class=\"title\">\n\t\t\t\t\t\t<a href=\"https:\/\/thailandia.evolutiontravel.it\/it_IT\/896\/tab\/23625_il-meglio-del-golfo-del-siam.html\" target=\"_blank\"  rel=\"noopener \">\n\t\t\t\t\t\t\tIl Meglio del Golfo del Siam\t\t\t\t\t\t<\/a>\n\t\t\t\t\t<\/span>\n\t\t\t\t\t<div class=\"rss_content\"\n\t\t\t\t\t\t\tstyle=\"\">\n\t\t\t\t\t\t\n\t\t\t\t\t\t\t\t\t\t\t\t<p class=\"description\">Un bellissimo viaggio tra la cultura e la tradizione di Bangkok, l'incantevole natura di Koh Samui e i magnifici fondali di Koh [&hellip;]<\/p>\n\t\t\t\t\t\t\n\t\t\t\t\t\t\t\t\t\t\t\t\t\t\t\t\t\t\t<div class=\"price-wrap\">\n\t\t\t\t\t\t\t\t<a href=\"https:\/\/thailandia.evolutiontravel.it\/it_IT\/896\/tab\/23625_il-meglio-del-golfo-del-siam.html\" target=\"_blank\" rel=\"noopener\"><button class=\"price\"> 1710<\/button><\/a>\n\t\t\t\t\t\t\t<\/div>\n\t\t\t\t\t\t\t\t\t\t\t<\/div>\n\t\t\t\t<\/div>\n\t\t\t<\/li>\n\t\t\t\t\t\t<li  style=\"padding: 23px 0 38px\" class=\"rss_item feedzy-rss-col-3\" >\n\t\t\t\t\t\t\t\t\t<div class=\"rss_image\" style=\"width:225px; height:225px;\">\n\t\t\t\t\t\t<a href=\"https:\/\/thailandia.evolutiontravel.it\/it_IT\/896\/tab\/23143_i-templi-e-il-meglio-del-mar-delle-andamane.html\" target=\"_blank\" \n\t\t\t\t\t\t\trel=\"noopener \"\n\t\t\t\t\t\t\ttitle=\"I templi e il meglio del mar delle Andamane\"\n\t\t\t\t\t\t\tstyle=\"width:225px; height:225px;\">\n\t\t\t\t\t\t\t<span class=\"fetched\" style=\"background-image:  url('http:\/\/etcdn.net\/thumbnails\/23143\/it-bangkok-phuket-phi-phi-island-i-templi-e-il-meglio-del-mar-delle-andamane-4dfa5.jpg');\" title=\"I templi e il meglio del mar delle Andamane\"><\/span><amp-img width=\"225\" height=\"225\" src=\"http:\/\/etcdn.net\/thumbnails\/23143\/it-bangkok-phuket-phi-phi-island-i-templi-e-il-meglio-del-mar-delle-andamane-4dfa5.jpg\">\t\t\t\t\t\t<\/a>\n\t\t\t\t\t<\/div>\n\t\t\t\t\t\t\t\t<div class=\"rss_content_wrap\">\n\t\t\t\t\t<span class=\"title\">\n\t\t\t\t\t\t<a href=\"https:\/\/thailandia.evolutiontravel.it\/it_IT\/896\/tab\/23143_i-templi-e-il-meglio-del-mar-delle-andamane.html\" target=\"_blank\"  rel=\"noopener \">\n\t\t\t\t\t\t\tI templi e il meglio del mar delle Andamane\t\t\t\t\t\t<\/a>\n\t\t\t\t\t<\/span>\n\t\t\t\t\t<div class=\"rss_content\"\n\t\t\t\t\t\t\tstyle=\"\">\n\t\t\t\t\t\t\n\t\t\t\t\t\t\t\t\t\t\t\t<p class=\"description\">Immagina un arcipelago tropicale formato da migliaia di isolette. Ora immagina di essere su una di queste un verde gioiello [&hellip;]<\/p>\n\t\t\t\t\t\t\n\t\t\t\t\t\t\t\t\t\t\t\t\t\t\t\t\t\t\t<div class=\"price-wrap\">\n\t\t\t\t\t\t\t\t<a href=\"https:\/\/thailandia.evolutiontravel.it\/it_IT\/896\/tab\/23143_i-templi-e-il-meglio-del-mar-delle-andamane.html\" target=\"_blank\" rel=\"noopener\"><button class=\"price\"> 1690<\/button><\/a>\n\t\t\t\t\t\t\t<\/div>\n\t\t\t\t\t\t\t\t\t\t\t<\/div>\n\t\t\t\t<\/div>\n\t\t\t<\/li>\n\t\t\t\t\t\t<li  style=\"padding: 23px 0 38px\" class=\"rss_item feedzy-rss-col-3\" >\n\t\t\t\t\t\t\t\t\t<div class=\"rss_image\" style=\"width:225px; height:225px;\">\n\t\t\t\t\t\t<a href=\"https:\/\/thailandia.evolutiontravel.it\/it_IT\/896\/tab\/23142_il-meglio-della-costa-est.html\" target=\"_blank\" \n\t\t\t\t\t\t\trel=\"noopener \"\n\t\t\t\t\t\t\ttitle=\"Il Meglio della Costa Est\"\n\t\t\t\t\t\t\tstyle=\"width:225px; height:225px;\">\n\t\t\t\t\t\t\t<span class=\"fetched\" style=\"background-image:  url('http:\/\/etcdn.net\/thumbnails\/23142\/it-bangkok-koh-samui-koh-phangan-il-meglio-della-costa-est-4bf48.jpg');\" title=\"Il Meglio della Costa Est\"><\/span><amp-img width=\"225\" height=\"225\" src=\"http:\/\/etcdn.net\/thumbnails\/23142\/it-bangkok-koh-samui-koh-phangan-il-meglio-della-costa-est-4bf48.jpg\">\t\t\t\t\t\t<\/a>\n\t\t\t\t\t<\/div>\n\t\t\t\t\t\t\t\t<div class=\"rss_content_wrap\">\n\t\t\t\t\t<span class=\"title\">\n\t\t\t\t\t\t<a href=\"https:\/\/thailandia.evolutiontravel.it\/it_IT\/896\/tab\/23142_il-meglio-della-costa-est.html\" target=\"_blank\"  rel=\"noopener \">\n\t\t\t\t\t\t\tIl Meglio della Costa Est\t\t\t\t\t\t<\/a>\n\t\t\t\t\t<\/span>\n\t\t\t\t\t<div class=\"rss_content\"\n\t\t\t\t\t\t\tstyle=\"\">\n\t\t\t\t\t\t\n\t\t\t\t\t\t\t\t\t\t\t\t<p class=\"description\">La storia e la cultura di Bangkok, la natura incredibile di Koh Samui, le spiaggie bianchissime di Koh Phangan, con i suoi [&hellip;]<\/p>\n\t\t\t\t\t\t\n\t\t\t\t\t\t\t\t\t\t\t\t\t\t\t\t\t\t\t<div class=\"price-wrap\">\n\t\t\t\t\t\t\t\t<a href=\"https:\/\/thailandia.evolutiontravel.it\/it_IT\/896\/tab\/23142_il-meglio-della-costa-est.html\" target=\"_blank\" rel=\"noopener\"><button class=\"price\"> 1890<\/button><\/a>\n\t\t\t\t\t\t\t<\/div>\n\t\t\t\t\t\t\t\t\t\t\t<\/div>\n\t\t\t\t<\/div>\n\t\t\t<\/li>\n\t\t\t\t\t\t<li  style=\"padding: 23px 0 38px\" class=\"rss_item feedzy-rss-col-3\" >\n\t\t\t\t\t\t\t\t\t<div class=\"rss_image\" style=\"width:225px; height:225px;\">\n\t\t\t\t\t\t<a href=\"https:\/\/thailandia.evolutiontravel.it\/it_IT\/896\/tab\/6357_perle-di-thailandia.html\" target=\"_blank\" \n\t\t\t\t\t\t\trel=\"noopener \"\n\t\t\t\t\t\t\ttitle=\"Perle di Thailandia\"\n\t\t\t\t\t\t\tstyle=\"width:225px; height:225px;\">\n\t\t\t\t\t\t\t<span class=\"fetched\" style=\"background-image:  url('http:\/\/etcdn.net\/thumbnails\/6357\/it-bangkok-tour-del-nord-tour-classico-4bf5c.jpg');\" title=\"Perle di Thailandia\"><\/span><amp-img width=\"225\" height=\"225\" src=\"http:\/\/etcdn.net\/thumbnails\/6357\/it-bangkok-tour-del-nord-tour-classico-4bf5c.jpg\">\t\t\t\t\t\t<\/a>\n\t\t\t\t\t<\/div>\n\t\t\t\t\t\t\t\t<div class=\"rss_content_wrap\">\n\t\t\t\t\t<span class=\"title\">\n\t\t\t\t\t\t<a href=\"https:\/\/thailandia.evolutiontravel.it\/it_IT\/896\/tab\/6357_perle-di-thailandia.html\" target=\"_blank\"  rel=\"noopener \">\n\t\t\t\t\t\t\tPerle di Thailandia\t\t\t\t\t\t<\/a>\n\t\t\t\t\t<\/span>\n\t\t\t\t\t<div class=\"rss_content\"\n\t\t\t\t\t\t\tstyle=\"\">\n\t\t\t\t\t\t\n\t\t\t\t\t\t\t\t\t\t\t\t<p class=\"description\">Viaggiare verso le aree settentrionali della Thailandia scoprire un mondo completamente diverso da quello della Capitale.<\/p>\n\t\t\t\t\t\t\n\t\t\t\t\t\t\t\t\t\t\t\t\t\t\t\t\t\t\t<div class=\"price-wrap\">\n\t\t\t\t\t\t\t\t<a href=\"https:\/\/thailandia.evolutiontravel.it\/it_IT\/896\/tab\/6357_perle-di-thailandia.html\" target=\"_blank\" rel=\"noopener\"><button class=\"price\"> 907<\/button><\/a>\n\t\t\t\t\t\t\t<\/div>\n\t\t\t\t\t\t\t\t\t\t\t<\/div>\n\t\t\t\t<\/div>\n\t\t\t<\/li>\n\t\t\t\t<\/ul>\n<\/div>\n<style type=\"text\/css\" media=\"all\">.feedzy-rss .rss_item .rss_image{float:left;position:relative;border:none;text-decoration:none;max-width:100%}.feedzy-rss .rss_item .rss_image span{display:inline-block;position:absolute;width:100%;height:100%;background-position:50%;background-size:cover}.feedzy-rss .rss_item .rss_image{margin:.3em 1em 0 0;content-visibility:auto}.feedzy-rss ul{list-style:none}.feedzy-rss ul li{display:inline-block}<\/style>\n","protected":false},"excerpt":{"rendered":"<p>Le attrazioni di Bangkok sono templi, parchi, edifici storici ma anche centri commerciali e negozi di artigianato locale. Infatti &#8220;la citt\u00e0 degli angeli&#8220;, cos\u00ec \u00e8 soprannominata la capitale della Thailandia, offre infatti tantissime cose da vedere durante le tue vacanze. Ad ogni modo a Bangkok ci sono almeno 5 attrazioni che non potete assolutamente perdere: <a class=\"moretag\" href=\"https:\/\/thailandia.evolutiontravel.it\/infovacanze\/da-vedere\/attrazioni-turistiche-bangkok\/\">[&#8230;]<\/a><\/p>\n","protected":false},"author":1,"featured_media":0,"parent":29,"menu_order":0,"comment_status":"open","ping_status":"open","template":"templates\/template-with-right-sidebar.php","meta":{"footnotes":""},"yoast_head":"<!-- This site is optimized with the Yoast SEO plugin v21.9.1 - https:\/\/yoast.com\/wordpress\/plugins\/seo\/ -->\n<title>Attrazioni a Bangkok, cose da vedere nella capitale thailandese<\/title>\n<meta name=\"description\" content=\"Almeno 5 attrazioni turistiche da vedere durante le vostre vacanze a Bangkok, capitale della Thailandia: scopri con noi il suo fascino!\" \/>\n<meta name=\"robots\" content=\"index, follow, max-snippet:-1, max-image-preview:large, max-video-preview:-1\" \/>\n<link rel=\"canonical\" href=\"https:\/\/thailandia.evolutiontravel.it\/infovacanze\/da-vedere\/attrazioni-turistiche-bangkok\/\" \/>\n<meta name=\"twitter:label1\" content=\"Tempo di lettura stimato\" \/>\n\t<meta name=\"twitter:data1\" content=\"3 minuti\" \/>\n<script type=\"application\/ld+json\" class=\"yoast-schema-graph\">{\"@context\":\"https:\/\/schema.org\",\"@graph\":[{\"@type\":\"WebPage\",\"@id\":\"https:\/\/thailandia.evolutiontravel.it\/infovacanze\/da-vedere\/attrazioni-turistiche-bangkok\/\",\"url\":\"https:\/\/thailandia.evolutiontravel.it\/infovacanze\/da-vedere\/attrazioni-turistiche-bangkok\/\",\"name\":\"Attrazioni a Bangkok, cose da vedere nella capitale thailandese\",\"isPartOf\":{\"@id\":\"https:\/\/thailandia.evolutiontravel.it\/infovacanze\/#website\"},\"datePublished\":\"2013-07-03T13:30:34+00:00\",\"dateModified\":\"2019-06-12T08:17:06+00:00\",\"description\":\"Almeno 5 attrazioni turistiche da vedere durante le vostre vacanze a Bangkok, capitale della Thailandia: scopri con noi il suo fascino!\",\"breadcrumb\":{\"@id\":\"https:\/\/thailandia.evolutiontravel.it\/infovacanze\/da-vedere\/attrazioni-turistiche-bangkok\/#breadcrumb\"},\"inLanguage\":\"it-IT\",\"potentialAction\":[{\"@type\":\"ReadAction\",\"target\":[\"https:\/\/thailandia.evolutiontravel.it\/infovacanze\/da-vedere\/attrazioni-turistiche-bangkok\/\"]}]},{\"@type\":\"BreadcrumbList\",\"@id\":\"https:\/\/thailandia.evolutiontravel.it\/infovacanze\/da-vedere\/attrazioni-turistiche-bangkok\/#breadcrumb\",\"itemListElement\":[{\"@type\":\"ListItem\",\"position\":1,\"name\":\"Destinazioni della Thailandia\",\"item\":\"https:\/\/thailandia.evolutiontravel.it\/infovacanze\/da-vedere\/\"},{\"@type\":\"ListItem\",\"position\":2,\"name\":\"Cose da vedere a Bangkok\"}]},{\"@type\":\"WebSite\",\"@id\":\"https:\/\/thailandia.evolutiontravel.it\/infovacanze\/#website\",\"url\":\"https:\/\/thailandia.evolutiontravel.it\/infovacanze\/\",\"name\":\"Thailandia\",\"description\":\"\",\"potentialAction\":[{\"@type\":\"SearchAction\",\"target\":{\"@type\":\"EntryPoint\",\"urlTemplate\":\"https:\/\/thailandia.evolutiontravel.it\/infovacanze\/?s={search_term_string}\"},\"query-input\":\"required name=search_term_string\"}],\"inLanguage\":\"it-IT\"}]}<\/script>\n<!-- \/ Yoast SEO plugin. -->","yoast_head_json":{"title":"Attrazioni a Bangkok, cose da vedere nella capitale thailandese","description":"Almeno 5 attrazioni turistiche da vedere durante le vostre vacanze a Bangkok, capitale della Thailandia: scopri con noi il suo fascino!","robots":{"index":"index","follow":"follow","max-snippet":"max-snippet:-1","max-image-preview":"max-image-preview:large","max-video-preview":"max-video-preview:-1"},"canonical":"https:\/\/thailandia.evolutiontravel.it\/infovacanze\/da-vedere\/attrazioni-turistiche-bangkok\/","twitter_misc":{"Tempo di lettura stimato":"3 minuti"},"schema":{"@context":"https:\/\/schema.org","@graph":[{"@type":"WebPage","@id":"https:\/\/thailandia.evolutiontravel.it\/infovacanze\/da-vedere\/attrazioni-turistiche-bangkok\/","url":"https:\/\/thailandia.evolutiontravel.it\/infovacanze\/da-vedere\/attrazioni-turistiche-bangkok\/","name":"Attrazioni a Bangkok, cose da vedere nella capitale thailandese","isPartOf":{"@id":"https:\/\/thailandia.evolutiontravel.it\/infovacanze\/#website"},"datePublished":"2013-07-03T13:30:34+00:00","dateModified":"2019-06-12T08:17:06+00:00","description":"Almeno 5 attrazioni turistiche da vedere durante le vostre vacanze a Bangkok, capitale della Thailandia: scopri con noi il suo fascino!","breadcrumb":{"@id":"https:\/\/thailandia.evolutiontravel.it\/infovacanze\/da-vedere\/attrazioni-turistiche-bangkok\/#breadcrumb"},"inLanguage":"it-IT","potentialAction":[{"@type":"ReadAction","target":["https:\/\/thailandia.evolutiontravel.it\/infovacanze\/da-vedere\/attrazioni-turistiche-bangkok\/"]}]},{"@type":"BreadcrumbList","@id":"https:\/\/thailandia.evolutiontravel.it\/infovacanze\/da-vedere\/attrazioni-turistiche-bangkok\/#breadcrumb","itemListElement":[{"@type":"ListItem","position":1,"name":"Destinazioni della Thailandia","item":"https:\/\/thailandia.evolutiontravel.it\/infovacanze\/da-vedere\/"},{"@type":"ListItem","position":2,"name":"Cose da vedere a Bangkok"}]},{"@type":"WebSite","@id":"https:\/\/thailandia.evolutiontravel.it\/infovacanze\/#website","url":"https:\/\/thailandia.evolutiontravel.it\/infovacanze\/","name":"Thailandia","description":"","potentialAction":[{"@type":"SearchAction","target":{"@type":"EntryPoint","urlTemplate":"https:\/\/thailandia.evolutiontravel.it\/infovacanze\/?s={search_term_string}"},"query-input":"required name=search_term_string"}],"inLanguage":"it-IT"}]}},"_links":{"self":[{"href":"https:\/\/thailandia.evolutiontravel.it\/infovacanze\/wp-json\/wp\/v2\/pages\/703"}],"collection":[{"href":"https:\/\/thailandia.evolutiontravel.it\/infovacanze\/wp-json\/wp\/v2\/pages"}],"about":[{"href":"https:\/\/thailandia.evolutiontravel.it\/infovacanze\/wp-json\/wp\/v2\/types\/page"}],"author":[{"embeddable":true,"href":"https:\/\/thailandia.evolutiontravel.it\/infovacanze\/wp-json\/wp\/v2\/users\/1"}],"replies":[{"embeddable":true,"href":"https:\/\/thailandia.evolutiontravel.it\/infovacanze\/wp-json\/wp\/v2\/comments?post=703"}],"version-history":[{"count":37,"href":"https:\/\/thailandia.evolutiontravel.it\/infovacanze\/wp-json\/wp\/v2\/pages\/703\/revisions"}],"predecessor-version":[{"id":2183,"href":"https:\/\/thailandia.evolutiontravel.it\/infovacanze\/wp-json\/wp\/v2\/pages\/703\/revisions\/2183"}],"up":[{"embeddable":true,"href":"https:\/\/thailandia.evolutiontravel.it\/infovacanze\/wp-json\/wp\/v2\/pages\/29"}],"wp:attachment":[{"href":"https:\/\/thailandia.evolutiontravel.it\/infovacanze\/wp-json\/wp\/v2\/media?parent=703"}],"curies":[{"name":"wp","href":"https:\/\/api.w.org\/{rel}","templated":true}]}}