{"id":6,"date":"2013-05-20T13:22:59","date_gmt":"2013-05-20T13:22:59","guid":{"rendered":"http:\/\/wpseo.evolutiontravel.it\/thailandia\/?page_id=2"},"modified":"2019-06-03T15:18:47","modified_gmt":"2019-06-03T13:18:47","slug":"verso-la-thailandia","status":"publish","type":"page","link":"https:\/\/thailandia.evolutiontravel.it\/infovacanze\/","title":{"rendered":"Verso la Thailandia"},"content":{"rendered":"<h1>Vacanze in Thailandia, tutto in un click!<\/h1>\n<p>Qui trovi <strong>tutto quel che c&#8217;\u00e8 da sapere sulla Thailandia<\/strong> come prossima meta delle tue vacanze.<\/p>\n<p><strong>Mare<\/strong>,<strong> spiagge<\/strong>, ma anche <strong>citt\u00e0<\/strong> ricche di cultura: questa \u00e8 la Thailandia, un&#8217;esperienza di viaggio da immortalare in <strong>mille scatti fotografici<\/strong>.<\/p>\n<p>Su Infovacanze di Thailandia trovi tantissimi contenuti utili per approfondire la conscenza di questo paese adatto a qualsiasi tipo di turista, <a title=\"thailandia viaggi di nozze\" href=\"https:\/\/thailandia.evolutiontravel.it\/infovacanze\/informazioni\/viaggio-di-nozze-thailandia\/\"><strong>coppie<\/strong> in viaggio di nozze<\/a>, <strong>famiglie<\/strong>, <strong>amici<\/strong> e <strong>single<\/strong>!<\/p>\n<p style=\"text-align: justify\">Ti stupirai davanti ai templi del <strong>Triangolo d&#8217;Oro<\/strong>, ti divertirai <a title=\"phuket spiagge\" href=\"https:\/\/thailandia.evolutiontravel.it\/infovacanze\/da-vedere\/viaggio-phuket\/\"><strong>sulle spiagge di Phuket<\/strong><\/a> con <strong>la sua capitale Bangkok<\/strong> e vedrai <a title=\"thailandia luoghi di interesse\" href=\"https:\/\/thailandia.evolutiontravel.it\/infovacanze\/da-vedere\/i-migliori-posti-della-thailandia\/\">tanti altri luoghi di interesse e attrazioni<\/a>.<\/p>\n<p>Intanto per darti un&#8217;idea di viaggio, clicca su uno degli argomenti qui sotto in elenco e scopri ogni parte della Thailandia:<\/p>\n<ol>\n<li><a title=\"thailandia del nord\" href=\"https:\/\/thailandia.evolutiontravel.it\/infovacanze\/itinerari\/itinerario-thailandia-nord\/\"><u><strong>Thailandia del Nord<\/strong><\/u><\/a>:<\/li>\n<li><strong><a title=\"sud\" href=\"https:\/\/thailandia.evolutiontravel.it\/infovacanze\/itinerari\/itinerario-thailandia-del-sud\/\"><u>Thailandia del sud\u00a0<\/u><\/a><\/strong>con le sue leggendarie <strong>coste;<\/strong><\/li>\n<li><a title=\"thailandia centrale\" href=\"https:\/\/thailandia.evolutiontravel.it\/infovacanze\/itinerari\/itinerario-thailandia-centrale\/\"><u><strong>Thailandia centrale<\/strong><\/u><\/a><\/li>\n<li><a title=\"isole thailandia\" href=\"https:\/\/thailandia.evolutiontravel.it\/infovacanze\/da-vedere\/migliori-isole-thailandia\/\"><u><strong>Isole della Thailandia<\/strong><\/u><\/a><\/li>\n<li><strong><a title=\"spiagge thailandia\" href=\"https:\/\/thailandia.evolutiontravel.it\/infovacanze\/informazioni\/le-spiagge-in-thailandia\/\"><u>Le pi\u00f9 belle spiagge thailandesi<\/u><\/a><\/strong><\/li>\n<\/ol>\n<p>Ci sono anche tanti<a title=\"parchi thailandia\" href=\"https:\/\/thailandia.evolutiontravel.it\/infovacanze\/parchi\/\"> <strong>parchi<\/strong> da esplorare con una passeggiata.<\/a> Tra questi visita il <strong>parco di Khao Yai<\/strong>, dove orsi, tigri ed elefanti convivono in totale tranquillit\u00e0 e il <strong>parco marino di Phi-Noppharat Thara<\/strong>, quando al tramonto e c\u2019\u00e8 la <strong>bassa marea<\/strong>.<\/p>\n<p><strong>Se vuoi fare immersioni subacquee<\/strong> allora c&#8217;\u00e8 il <strong>parco delle isole Similian<\/strong> e il <strong>Golfo di Thailandia<\/strong>, vicino al confine con la Cambogia.<\/p>\n<p><img loading=\"lazy\" decoding=\"async\" class=\"alignright wp-image-1198 size-large\" src=\"https:\/\/thailandia.evolutiontravel.it\/infovacanze\/wp-content\/uploads\/sites\/2\/2013\/10\/Koh-Phi-Phi-1024x678.jpg\" alt=\"Thailandia, Koh Phi Phi\" width=\"1000\" height=\"662\" srcset=\"https:\/\/thailandia.evolutiontravel.it\/infovacanze\/wp-content\/uploads\/sites\/2\/2013\/10\/Koh-Phi-Phi-1024x678.jpg 1024w, https:\/\/thailandia.evolutiontravel.it\/infovacanze\/wp-content\/uploads\/sites\/2\/2013\/10\/Koh-Phi-Phi-300x198.jpg 300w, https:\/\/thailandia.evolutiontravel.it\/infovacanze\/wp-content\/uploads\/sites\/2\/2013\/10\/Koh-Phi-Phi-452x300.jpg 452w, https:\/\/thailandia.evolutiontravel.it\/infovacanze\/wp-content\/uploads\/sites\/2\/2013\/10\/Koh-Phi-Phi.jpg 1200w\" sizes=\"(max-width: 1000px) 100vw, 1000px\" \/><\/p>\n<p><strong>Il sud del paese<\/strong> \u00e8, dopo Bangkok, il pi\u00f9 turistico del paese.<\/p>\n<p>Nella <strong>regione di Phuket<\/strong>, trovi splendide spiagge, acqua cristallina e perfino la giungla: panorami a dir poco mozzafiato!<\/p>\n<p><strong>Il periodo ideale <\/strong>per andare in Thailandia va da\u00a0 <strong>dicembre ad aprile<\/strong>, mentre \u00e8 sconsigliato arrivare nei mesi estivi a causa dei monsoni e comunque <a title=\"thailandia quando andare\" href=\"https:\/\/thailandia.evolutiontravel.it\/infovacanze\/informazioni\/quando-andare-in-thailandia\/\">qui<\/a> trovi tutte le informazioni che cerchi su clima e temperature in questo paese.<\/p>\n<p>&nbsp;<\/p>\n<p style=\"text-align: center\"><span style=\"color: #008000\"><strong>Clicca qui sotto per vedere subito le nostre ultime offerte<\/strong><\/span><\/p>\n<h2 style=\"text-align: center\">Offerte viaggi e vacanze in Thailandia<\/h2>\n<div class=\"feedzy-67a4f5a1b3a37f0b51cea48ba74fa8d0 feedzy-rss\">\n\t\t<ul class=\"feedzy-style2\">\n\t\t\t\t\t<li  style=\"padding: 23px 0 38px\" class=\"rss_item feedzy-rss-col-3\" >\n\t\t\t\t\t\t\t\t\t<div class=\"rss_image\" style=\"width:225px; height:225px;\">\n\t\t\t\t\t\t<a href=\"https:\/\/thailandia.evolutiontravel.it\/it_IT\/896\/tab\/35698_la-magia-del-nord-e-il-mare-delle-andamane.html\" target=\"_blank\" \n\t\t\t\t\t\t\trel=\"noopener \"\n\t\t\t\t\t\t\ttitle=\"La Magia del Nord e il Mare delle Andamane\"\n\t\t\t\t\t\t\tstyle=\"width:225px; height:225px;\">\n\t\t\t\t\t\t\t<span class=\"fetched\" style=\"background-image:  url('http:\/\/etcdn.net\/thumbnails\/35698\/it-bangkok-tour-del-nord-phuket-il-fiume-kwai-e-la-magia-del-nord-e-il-mare-delle-andamane-611dc.jpg');\" title=\"La Magia del Nord e il Mare delle Andamane\"><\/span><amp-img width=\"225\" height=\"225\" src=\"http:\/\/etcdn.net\/thumbnails\/35698\/it-bangkok-tour-del-nord-phuket-il-fiume-kwai-e-la-magia-del-nord-e-il-mare-delle-andamane-611dc.jpg\">\t\t\t\t\t\t<\/a>\n\t\t\t\t\t<\/div>\n\t\t\t\t\t\t\t\t<div class=\"rss_content_wrap\">\n\t\t\t\t\t<span class=\"title\">\n\t\t\t\t\t\t<a href=\"https:\/\/thailandia.evolutiontravel.it\/it_IT\/896\/tab\/35698_la-magia-del-nord-e-il-mare-delle-andamane.html\" target=\"_blank\"  rel=\"noopener \">\n\t\t\t\t\t\t\tLa Magia del Nord e il Mare delle Andamane\t\t\t\t\t\t<\/a>\n\t\t\t\t\t<\/span>\n\t\t\t\t\t<div class=\"rss_content\"\n\t\t\t\t\t\t\tstyle=\"\">\n\t\t\t\t\t\t\n\t\t\t\t\t\t\t\t\t\t\t\t<p class=\"description\">Lasciati accompagnare alla scoperta del Paese prima di terminare il viaggio su una delle tante spiagge tropicali del sud del [&hellip;]<\/p>\n\t\t\t\t\t\t\n\t\t\t\t\t\t\t\t\t\t\t\t\t\t\t\t\t\t\t<div class=\"price-wrap\">\n\t\t\t\t\t\t\t\t<a href=\"https:\/\/thailandia.evolutiontravel.it\/it_IT\/896\/tab\/35698_la-magia-del-nord-e-il-mare-delle-andamane.html\" target=\"_blank\" rel=\"noopener\"><button class=\"price\"> 1780<\/button><\/a>\n\t\t\t\t\t\t\t<\/div>\n\t\t\t\t\t\t\t\t\t\t\t<\/div>\n\t\t\t\t<\/div>\n\t\t\t<\/li>\n\t\t\t\t\t\t<li  style=\"padding: 23px 0 38px\" class=\"rss_item feedzy-rss-col-3\" >\n\t\t\t\t\t\t\t\t\t<div class=\"rss_image\" style=\"width:225px; height:225px;\">\n\t\t\t\t\t\t<a href=\"https:\/\/thailandia.evolutiontravel.it\/it_IT\/896\/tab\/9283_le-luci-e-i-colori-della-capitale-il-fascino-del-nord-e-il-mare-delle-andamane.html\" target=\"_blank\" \n\t\t\t\t\t\t\trel=\"noopener \"\n\t\t\t\t\t\t\ttitle=\"Le luci e i colori della capitale, il fascino del Nord e il mare delle Andamane\"\n\t\t\t\t\t\t\tstyle=\"width:225px; height:225px;\">\n\t\t\t\t\t\t\t<span class=\"fetched\" style=\"background-image:  url('http:\/\/etcdn.net\/thumbnails\/9283\/it-bangkok-tour-del-nord-krabi-le-luci-e-i-colori-della-capitale-il-fascino-del-nord-e-il-mare-delle-andamane-4dfa8.jpg');\" title=\"Le luci e i colori della capitale, il fascino del Nord e il mare delle Andamane\"><\/span><amp-img width=\"225\" height=\"225\" src=\"http:\/\/etcdn.net\/thumbnails\/9283\/it-bangkok-tour-del-nord-krabi-le-luci-e-i-colori-della-capitale-il-fascino-del-nord-e-il-mare-delle-andamane-4dfa8.jpg\">\t\t\t\t\t\t<\/a>\n\t\t\t\t\t<\/div>\n\t\t\t\t\t\t\t\t<div class=\"rss_content_wrap\">\n\t\t\t\t\t<span class=\"title\">\n\t\t\t\t\t\t<a href=\"https:\/\/thailandia.evolutiontravel.it\/it_IT\/896\/tab\/9283_le-luci-e-i-colori-della-capitale-il-fascino-del-nord-e-il-mare-delle-andamane.html\" target=\"_blank\"  rel=\"noopener \">\n\t\t\t\t\t\t\tLe luci e i colori della capitale, il fascino del Nord e il mare delle Andamane\t\t\t\t\t\t<\/a>\n\t\t\t\t\t<\/span>\n\t\t\t\t\t<div class=\"rss_content\"\n\t\t\t\t\t\t\tstyle=\"\">\n\t\t\t\t\t\t\n\t\t\t\t\t\t\t\t\t\t\t\t<p class=\"description\">Un viaggio nel viaggio per scoprire il vero volto della Thailandia nel modo pi\u00f9 autentico e affascinante.<\/p>\n\t\t\t\t\t\t\n\t\t\t\t\t\t\t\t\t\t\t\t\t\t\t\t\t\t\t<div class=\"price-wrap\">\n\t\t\t\t\t\t\t\t<a href=\"https:\/\/thailandia.evolutiontravel.it\/it_IT\/896\/tab\/9283_le-luci-e-i-colori-della-capitale-il-fascino-del-nord-e-il-mare-delle-andamane.html\" target=\"_blank\" rel=\"noopener\"><button class=\"price\"> 1710<\/button><\/a>\n\t\t\t\t\t\t\t<\/div>\n\t\t\t\t\t\t\t\t\t\t\t<\/div>\n\t\t\t\t<\/div>\n\t\t\t<\/li>\n\t\t\t\t\t\t<li  style=\"padding: 23px 0 38px\" class=\"rss_item feedzy-rss-col-3\" >\n\t\t\t\t\t\t\t\t\t<div class=\"rss_image\" style=\"width:225px; height:225px;\">\n\t\t\t\t\t\t<a href=\"https:\/\/thailandia.evolutiontravel.it\/it_IT\/896\/tab\/23625_il-meglio-del-golfo-del-siam.html\" target=\"_blank\" \n\t\t\t\t\t\t\trel=\"noopener \"\n\t\t\t\t\t\t\ttitle=\"Il Meglio del Golfo del Siam\"\n\t\t\t\t\t\t\tstyle=\"width:225px; height:225px;\">\n\t\t\t\t\t\t\t<span class=\"fetched\" style=\"background-image:  url('http:\/\/etcdn.net\/thumbnails\/23625\/it-bangkok-koh-samui-koh-tao-il-meglio-del-golfo-del-siam-4bf52.jpg');\" title=\"Il Meglio del Golfo del Siam\"><\/span><amp-img width=\"225\" height=\"225\" src=\"http:\/\/etcdn.net\/thumbnails\/23625\/it-bangkok-koh-samui-koh-tao-il-meglio-del-golfo-del-siam-4bf52.jpg\">\t\t\t\t\t\t<\/a>\n\t\t\t\t\t<\/div>\n\t\t\t\t\t\t\t\t<div class=\"rss_content_wrap\">\n\t\t\t\t\t<span class=\"title\">\n\t\t\t\t\t\t<a href=\"https:\/\/thailandia.evolutiontravel.it\/it_IT\/896\/tab\/23625_il-meglio-del-golfo-del-siam.html\" target=\"_blank\"  rel=\"noopener \">\n\t\t\t\t\t\t\tIl Meglio del Golfo del Siam\t\t\t\t\t\t<\/a>\n\t\t\t\t\t<\/span>\n\t\t\t\t\t<div class=\"rss_content\"\n\t\t\t\t\t\t\tstyle=\"\">\n\t\t\t\t\t\t\n\t\t\t\t\t\t\t\t\t\t\t\t<p class=\"description\">Un bellissimo viaggio tra la cultura e la tradizione di Bangkok, l'incantevole natura di Koh Samui e i magnifici fondali di Koh [&hellip;]<\/p>\n\t\t\t\t\t\t\n\t\t\t\t\t\t\t\t\t\t\t\t\t\t\t\t\t\t\t<div class=\"price-wrap\">\n\t\t\t\t\t\t\t\t<a href=\"https:\/\/thailandia.evolutiontravel.it\/it_IT\/896\/tab\/23625_il-meglio-del-golfo-del-siam.html\" target=\"_blank\" rel=\"noopener\"><button class=\"price\"> 1710<\/button><\/a>\n\t\t\t\t\t\t\t<\/div>\n\t\t\t\t\t\t\t\t\t\t\t<\/div>\n\t\t\t\t<\/div>\n\t\t\t<\/li>\n\t\t\t\t\t\t<li  style=\"padding: 23px 0 38px\" class=\"rss_item feedzy-rss-col-3\" >\n\t\t\t\t\t\t\t\t\t<div class=\"rss_image\" style=\"width:225px; height:225px;\">\n\t\t\t\t\t\t<a href=\"https:\/\/thailandia.evolutiontravel.it\/it_IT\/896\/tab\/23143_i-templi-e-il-meglio-del-mar-delle-andamane.html\" target=\"_blank\" \n\t\t\t\t\t\t\trel=\"noopener \"\n\t\t\t\t\t\t\ttitle=\"I templi e il meglio del mar delle Andamane\"\n\t\t\t\t\t\t\tstyle=\"width:225px; height:225px;\">\n\t\t\t\t\t\t\t<span class=\"fetched\" style=\"background-image:  url('http:\/\/etcdn.net\/thumbnails\/23143\/it-bangkok-phuket-phi-phi-island-i-templi-e-il-meglio-del-mar-delle-andamane-4dfa5.jpg');\" title=\"I templi e il meglio del mar delle Andamane\"><\/span><amp-img width=\"225\" height=\"225\" src=\"http:\/\/etcdn.net\/thumbnails\/23143\/it-bangkok-phuket-phi-phi-island-i-templi-e-il-meglio-del-mar-delle-andamane-4dfa5.jpg\">\t\t\t\t\t\t<\/a>\n\t\t\t\t\t<\/div>\n\t\t\t\t\t\t\t\t<div class=\"rss_content_wrap\">\n\t\t\t\t\t<span class=\"title\">\n\t\t\t\t\t\t<a href=\"https:\/\/thailandia.evolutiontravel.it\/it_IT\/896\/tab\/23143_i-templi-e-il-meglio-del-mar-delle-andamane.html\" target=\"_blank\"  rel=\"noopener \">\n\t\t\t\t\t\t\tI templi e il meglio del mar delle Andamane\t\t\t\t\t\t<\/a>\n\t\t\t\t\t<\/span>\n\t\t\t\t\t<div class=\"rss_content\"\n\t\t\t\t\t\t\tstyle=\"\">\n\t\t\t\t\t\t\n\t\t\t\t\t\t\t\t\t\t\t\t<p class=\"description\">Immagina un arcipelago tropicale formato da migliaia di isolette. Ora immagina di essere su una di queste un verde gioiello [&hellip;]<\/p>\n\t\t\t\t\t\t\n\t\t\t\t\t\t\t\t\t\t\t\t\t\t\t\t\t\t\t<div class=\"price-wrap\">\n\t\t\t\t\t\t\t\t<a href=\"https:\/\/thailandia.evolutiontravel.it\/it_IT\/896\/tab\/23143_i-templi-e-il-meglio-del-mar-delle-andamane.html\" target=\"_blank\" rel=\"noopener\"><button class=\"price\"> 1690<\/button><\/a>\n\t\t\t\t\t\t\t<\/div>\n\t\t\t\t\t\t\t\t\t\t\t<\/div>\n\t\t\t\t<\/div>\n\t\t\t<\/li>\n\t\t\t\t\t\t<li  style=\"padding: 23px 0 38px\" class=\"rss_item feedzy-rss-col-3\" >\n\t\t\t\t\t\t\t\t\t<div class=\"rss_image\" style=\"width:225px; height:225px;\">\n\t\t\t\t\t\t<a href=\"https:\/\/thailandia.evolutiontravel.it\/it_IT\/896\/tab\/23142_il-meglio-della-costa-est.html\" target=\"_blank\" \n\t\t\t\t\t\t\trel=\"noopener \"\n\t\t\t\t\t\t\ttitle=\"Il Meglio della Costa Est\"\n\t\t\t\t\t\t\tstyle=\"width:225px; height:225px;\">\n\t\t\t\t\t\t\t<span class=\"fetched\" style=\"background-image:  url('http:\/\/etcdn.net\/thumbnails\/23142\/it-bangkok-koh-samui-koh-phangan-il-meglio-della-costa-est-4bf48.jpg');\" title=\"Il Meglio della Costa Est\"><\/span><amp-img width=\"225\" height=\"225\" src=\"http:\/\/etcdn.net\/thumbnails\/23142\/it-bangkok-koh-samui-koh-phangan-il-meglio-della-costa-est-4bf48.jpg\">\t\t\t\t\t\t<\/a>\n\t\t\t\t\t<\/div>\n\t\t\t\t\t\t\t\t<div class=\"rss_content_wrap\">\n\t\t\t\t\t<span class=\"title\">\n\t\t\t\t\t\t<a href=\"https:\/\/thailandia.evolutiontravel.it\/it_IT\/896\/tab\/23142_il-meglio-della-costa-est.html\" target=\"_blank\"  rel=\"noopener \">\n\t\t\t\t\t\t\tIl Meglio della Costa Est\t\t\t\t\t\t<\/a>\n\t\t\t\t\t<\/span>\n\t\t\t\t\t<div class=\"rss_content\"\n\t\t\t\t\t\t\tstyle=\"\">\n\t\t\t\t\t\t\n\t\t\t\t\t\t\t\t\t\t\t\t<p class=\"description\">La storia e la cultura di Bangkok, la natura incredibile di Koh Samui, le spiaggie bianchissime di Koh Phangan, con i suoi [&hellip;]<\/p>\n\t\t\t\t\t\t\n\t\t\t\t\t\t\t\t\t\t\t\t\t\t\t\t\t\t\t<div class=\"price-wrap\">\n\t\t\t\t\t\t\t\t<a href=\"https:\/\/thailandia.evolutiontravel.it\/it_IT\/896\/tab\/23142_il-meglio-della-costa-est.html\" target=\"_blank\" rel=\"noopener\"><button class=\"price\"> 1890<\/button><\/a>\n\t\t\t\t\t\t\t<\/div>\n\t\t\t\t\t\t\t\t\t\t\t<\/div>\n\t\t\t\t<\/div>\n\t\t\t<\/li>\n\t\t\t\t\t\t<li  style=\"padding: 23px 0 38px\" class=\"rss_item feedzy-rss-col-3\" >\n\t\t\t\t\t\t\t\t\t<div class=\"rss_image\" style=\"width:225px; height:225px;\">\n\t\t\t\t\t\t<a href=\"https:\/\/thailandia.evolutiontravel.it\/it_IT\/896\/tab\/6357_perle-di-thailandia.html\" target=\"_blank\" \n\t\t\t\t\t\t\trel=\"noopener \"\n\t\t\t\t\t\t\ttitle=\"Perle di Thailandia\"\n\t\t\t\t\t\t\tstyle=\"width:225px; height:225px;\">\n\t\t\t\t\t\t\t<span class=\"fetched\" style=\"background-image:  url('http:\/\/etcdn.net\/thumbnails\/6357\/it-bangkok-tour-del-nord-tour-classico-4bf5c.jpg');\" title=\"Perle di Thailandia\"><\/span><amp-img width=\"225\" height=\"225\" src=\"http:\/\/etcdn.net\/thumbnails\/6357\/it-bangkok-tour-del-nord-tour-classico-4bf5c.jpg\">\t\t\t\t\t\t<\/a>\n\t\t\t\t\t<\/div>\n\t\t\t\t\t\t\t\t<div class=\"rss_content_wrap\">\n\t\t\t\t\t<span class=\"title\">\n\t\t\t\t\t\t<a href=\"https:\/\/thailandia.evolutiontravel.it\/it_IT\/896\/tab\/6357_perle-di-thailandia.html\" target=\"_blank\"  rel=\"noopener \">\n\t\t\t\t\t\t\tPerle di Thailandia\t\t\t\t\t\t<\/a>\n\t\t\t\t\t<\/span>\n\t\t\t\t\t<div class=\"rss_content\"\n\t\t\t\t\t\t\tstyle=\"\">\n\t\t\t\t\t\t\n\t\t\t\t\t\t\t\t\t\t\t\t<p class=\"description\">Viaggiare verso le aree settentrionali della Thailandia scoprire un mondo completamente diverso da quello della Capitale.<\/p>\n\t\t\t\t\t\t\n\t\t\t\t\t\t\t\t\t\t\t\t\t\t\t\t\t\t\t<div class=\"price-wrap\">\n\t\t\t\t\t\t\t\t<a href=\"https:\/\/thailandia.evolutiontravel.it\/it_IT\/896\/tab\/6357_perle-di-thailandia.html\" target=\"_blank\" rel=\"noopener\"><button class=\"price\"> 907<\/button><\/a>\n\t\t\t\t\t\t\t<\/div>\n\t\t\t\t\t\t\t\t\t\t\t<\/div>\n\t\t\t\t<\/div>\n\t\t\t<\/li>\n\t\t\t\t<\/ul>\n<\/div>\n<style type=\"text\/css\" media=\"all\">.feedzy-rss .rss_item .rss_image{float:left;position:relative;border:none;text-decoration:none;max-width:100%}.feedzy-rss .rss_item .rss_image span{display:inline-block;position:absolute;width:100%;height:100%;background-position:50%;background-size:cover}.feedzy-rss .rss_item .rss_image{margin:.3em 1em 0 0;content-visibility:auto}.feedzy-rss ul{list-style:none}.feedzy-rss ul li{display:inline-block}<\/style>\n<h3>News sulla Thailandia<\/h3>\n<ul>\n<li><a href=\"https:\/\/www.evolutiontravel.eu\/2019\/03\/22\/mangiare-in-thailandia-street-food-stella-michelin\/\" target=\"_blank\" rel=\"noopener\">Street food in Thailandia<\/a> &#8211; 22\/03\/2019<\/li>\n<li><a href=\"https:\/\/www.evolutiontravel.eu\/2019\/02\/04\/viaggiare-e-meditare-mente-e-spirito-si-nutrono-in-vacanza\/\" target=\"_blank\" rel=\"noopener\">Meditazione e Yoga in Thailandia<\/a> &#8211; 04\/02\/2019<\/li>\n<\/ul>\n","protected":false},"excerpt":{"rendered":"<p>Vacanze in Thailandia, tutto in un click! Qui trovi tutto quel che c&#8217;\u00e8 da sapere sulla Thailandia come prossima meta delle tue vacanze. Mare, spiagge, ma anche citt\u00e0 ricche di cultura: questa \u00e8 la Thailandia, un&#8217;esperienza di viaggio da immortalare in mille scatti fotografici. Su Infovacanze di Thailandia trovi tantissimi contenuti utili per approfondire la <a class=\"moretag\" href=\"https:\/\/thailandia.evolutiontravel.it\/infovacanze\/\">[&#8230;]<\/a><\/p>\n","protected":false},"author":1,"featured_media":0,"parent":0,"menu_order":0,"comment_status":"closed","ping_status":"open","template":"templates\/template-with-right-sidebar.php","meta":{"footnotes":""},"yoast_head":"<!-- This site is optimized with the Yoast SEO plugin v21.9.1 - https:\/\/yoast.com\/wordpress\/plugins\/seo\/ -->\n<title>Tutto sulla Thailandia da Evolution Travel - Info Vacanze<\/title>\n<meta name=\"description\" content=\"Scopri subito con noi tutto sulla Thailandia: cosa fare, vedere, citt\u00e0, mare, spiagge e itinerari. Parti con le migliori offerte della settimana!\" \/>\n<meta name=\"robots\" content=\"index, follow, max-snippet:-1, max-image-preview:large, max-video-preview:-1\" \/>\n<link rel=\"canonical\" href=\"https:\/\/thailandia.evolutiontravel.it\/infovacanze\/\" \/>\n<meta name=\"twitter:label1\" content=\"Tempo di lettura stimato\" \/>\n\t<meta name=\"twitter:data1\" content=\"2 minuti\" \/>\n<script type=\"application\/ld+json\" class=\"yoast-schema-graph\">{\"@context\":\"https:\/\/schema.org\",\"@graph\":[{\"@type\":\"WebPage\",\"@id\":\"https:\/\/thailandia.evolutiontravel.it\/infovacanze\/\",\"url\":\"https:\/\/thailandia.evolutiontravel.it\/infovacanze\/\",\"name\":\"Tutto sulla Thailandia da Evolution Travel - Info Vacanze\",\"isPartOf\":{\"@id\":\"https:\/\/thailandia.evolutiontravel.it\/infovacanze\/#website\"},\"datePublished\":\"2013-05-20T13:22:59+00:00\",\"dateModified\":\"2019-06-03T13:18:47+00:00\",\"description\":\"Scopri subito con noi tutto sulla Thailandia: cosa fare, vedere, citt\u00e0, mare, spiagge e itinerari. Parti con le migliori offerte della settimana!\",\"inLanguage\":\"it-IT\",\"potentialAction\":[{\"@type\":\"ReadAction\",\"target\":[\"https:\/\/thailandia.evolutiontravel.it\/infovacanze\/\"]}]},{\"@type\":\"WebSite\",\"@id\":\"https:\/\/thailandia.evolutiontravel.it\/infovacanze\/#website\",\"url\":\"https:\/\/thailandia.evolutiontravel.it\/infovacanze\/\",\"name\":\"Thailandia\",\"description\":\"\",\"potentialAction\":[{\"@type\":\"SearchAction\",\"target\":{\"@type\":\"EntryPoint\",\"urlTemplate\":\"https:\/\/thailandia.evolutiontravel.it\/infovacanze\/?s={search_term_string}\"},\"query-input\":\"required name=search_term_string\"}],\"inLanguage\":\"it-IT\"}]}<\/script>\n<!-- \/ Yoast SEO plugin. -->","yoast_head_json":{"title":"Tutto sulla Thailandia da Evolution Travel - Info Vacanze","description":"Scopri subito con noi tutto sulla Thailandia: cosa fare, vedere, citt\u00e0, mare, spiagge e itinerari. Parti con le migliori offerte della settimana!","robots":{"index":"index","follow":"follow","max-snippet":"max-snippet:-1","max-image-preview":"max-image-preview:large","max-video-preview":"max-video-preview:-1"},"canonical":"https:\/\/thailandia.evolutiontravel.it\/infovacanze\/","twitter_misc":{"Tempo di lettura stimato":"2 minuti"},"schema":{"@context":"https:\/\/schema.org","@graph":[{"@type":"WebPage","@id":"https:\/\/thailandia.evolutiontravel.it\/infovacanze\/","url":"https:\/\/thailandia.evolutiontravel.it\/infovacanze\/","name":"Tutto sulla Thailandia da Evolution Travel - Info Vacanze","isPartOf":{"@id":"https:\/\/thailandia.evolutiontravel.it\/infovacanze\/#website"},"datePublished":"2013-05-20T13:22:59+00:00","dateModified":"2019-06-03T13:18:47+00:00","description":"Scopri subito con noi tutto sulla Thailandia: cosa fare, vedere, citt\u00e0, mare, spiagge e itinerari. Parti con le migliori offerte della settimana!","inLanguage":"it-IT","potentialAction":[{"@type":"ReadAction","target":["https:\/\/thailandia.evolutiontravel.it\/infovacanze\/"]}]},{"@type":"WebSite","@id":"https:\/\/thailandia.evolutiontravel.it\/infovacanze\/#website","url":"https:\/\/thailandia.evolutiontravel.it\/infovacanze\/","name":"Thailandia","description":"","potentialAction":[{"@type":"SearchAction","target":{"@type":"EntryPoint","urlTemplate":"https:\/\/thailandia.evolutiontravel.it\/infovacanze\/?s={search_term_string}"},"query-input":"required name=search_term_string"}],"inLanguage":"it-IT"}]}},"_links":{"self":[{"href":"https:\/\/thailandia.evolutiontravel.it\/infovacanze\/wp-json\/wp\/v2\/pages\/6"}],"collection":[{"href":"https:\/\/thailandia.evolutiontravel.it\/infovacanze\/wp-json\/wp\/v2\/pages"}],"about":[{"href":"https:\/\/thailandia.evolutiontravel.it\/infovacanze\/wp-json\/wp\/v2\/types\/page"}],"author":[{"embeddable":true,"href":"https:\/\/thailandia.evolutiontravel.it\/infovacanze\/wp-json\/wp\/v2\/users\/1"}],"replies":[{"embeddable":true,"href":"https:\/\/thailandia.evolutiontravel.it\/infovacanze\/wp-json\/wp\/v2\/comments?post=6"}],"version-history":[{"count":44,"href":"https:\/\/thailandia.evolutiontravel.it\/infovacanze\/wp-json\/wp\/v2\/pages\/6\/revisions"}],"predecessor-version":[{"id":2128,"href":"https:\/\/thailandia.evolutiontravel.it\/infovacanze\/wp-json\/wp\/v2\/pages\/6\/revisions\/2128"}],"wp:attachment":[{"href":"https:\/\/thailandia.evolutiontravel.it\/infovacanze\/wp-json\/wp\/v2\/media?parent=6"}],"curies":[{"name":"wp","href":"https:\/\/api.w.org\/{rel}","templated":true}]}}