{"id":217,"date":"2013-06-03T18:15:22","date_gmt":"2013-06-03T16:15:22","guid":{"rendered":"http:\/\/wpseo.evolutiontravel.it\/thailandia\/?page_id=217"},"modified":"2019-06-10T11:03:42","modified_gmt":"2019-06-10T09:03:42","slug":"viaggio-thailandia-costi","status":"publish","type":"page","link":"https:\/\/thailandia.evolutiontravel.it\/infovacanze\/informazioni\/viaggio-thailandia-costi\/","title":{"rendered":"Thailandia: quanto costa?"},"content":{"rendered":"<p>I <strong>prezzi del viaggio in Thailandia<\/strong> possono variare molto in base ad alcuni fattori: <strong>tipo di soggiorno<\/strong>, se <strong>last minute<\/strong>, <strong>periodo<\/strong> (alta stagione o bassa stagione). A questo dobbiamo poi aggiungere le <strong>spese giornaliere e lo shopping che faremo nel paese <\/strong>durante la vacanza.<\/p>\n<p style=\"text-align: justify\">Ecco alcuni consigli per trovare <strong>budget adeguato al nostro portafoglio, <\/strong>mantenere i costi ma senza rinunciare a divertimento e <a title=\"thailandia cosa vedere\" href=\"https:\/\/thailandia.evolutiontravel.it\/infovacanze\/da-vedere\/\">attrazioni che la Thailandia<\/a> offre ai turisti.<\/p>\n<h2>Last minute: pro e contro<\/h2>\n<p style=\"text-align: justify\">Se cercate offerte last minute per la Thailandia potreste trovare <strong>prezzi molto vantaggiosi<\/strong> ma ci sono sempre pro e contro:<\/p>\n<ul>\n<li style=\"text-align: justify\"><strong>contro<\/strong>: non potete scegliere voi la data di partenza e di ritorno, quindi preparatevi a partire da un momento all&#8217;altro.<\/li>\n<li style=\"text-align: justify\"><strong>Pro<\/strong>: trascorrerete una vacanza senza spendere una fortuna in una destinazione tra le pi\u00f9 gettonate al mondo.<\/li>\n<\/ul>\n<p>Altra cosa, ma sempre\u00a0<strong>conveniente, \u00e8 la\u00a0prenotazione\u00a0con molto anticipo<\/strong>: se volete partire ad agosto iniziate a cercare la soluzione pi\u00f9 economica gi\u00e0 a da gennaio in modo da approfittare subito delle offerte.<\/p>\n<h2>Alta stagione in Thailandia e condizioni meteo<\/h2>\n<p style=\"text-align: justify\">Il costo di una vacanza dipende anche dal periodo in cui partirete. <strong>In Thailandia l&#8217;alta stagione va da novembre a febbraio<\/strong>, in pratica corrisponde alle <strong>nostre vacanze a ridosso delle\u00a0festivit\u00e0<\/strong> natalizie\u00a0e di\u00a0Capodanno.<\/p>\n<p style=\"text-align: justify\">Un&#8217;altra importante variabile \u00e8 quella della <strong>stagionalit\u00e0 delle\u00a0piogge,<\/strong> diversa a seconda della regione che visitate.<\/p>\n<p style=\"text-align: justify\">Il periodo migliore per ogni zona:<\/p>\n<ul>\n<li>per visitare il\u00a0<strong>Nord<\/strong> da novembre a gennaio;<\/li>\n<li>per il\u00a0<strong>Sud<\/strong>\u00a0e quindi\u00a0<strong>Koh Samui<\/strong>\u00a0e isole circostanti, andate nei mesi estivi;<\/li>\n<li>per andare nelle regioni sul\u00a0<strong>Mare delle Andamane<\/strong>\u00a0\u00e8 sconsigliabile partire a novembre o nei mesi estivi, la probabilit\u00e0 di precipitazioni \u00e8 alta.<\/li>\n<\/ul>\n<p>Consigliamo di approfondire l&#8217;argomento clima in questo paese che per alcune zone \u00e8 veramente importante, leggi l&#8217;articolo dedicato: <em><a href=\"https:\/\/thailandia.evolutiontravel.it\/infovacanze\/informazioni\/quando-andare-in-thailandia\/\">Quando andare in Thailandia<\/a><\/em>.<\/p>\n<h2>Spese durante il viaggio<\/h2>\n<p style=\"text-align: justify\"><strong>Le tasse di imbarco<\/strong> sono comprese nel prezzo del\u00a0volo aereo e per quanto riguarda <strong>i prezzi dei voli interni non sono molto alti<\/strong> e potrete prenotarli anche low cost al momento dell&#8217;organizzazione della vacanza.<\/p>\n<p style=\"text-align: justify\">Una volta a destinazione potrete <a title=\"thailandia trasporti interni\" href=\"https:\/\/thailandia.evolutiontravel.it\/infovacanze\/informazioni\/trasporti\/\"><strong>spostarvi in\u00a0treno\u00a0o in\u00a0autobus<\/strong><\/a>: i costi sono accettabili e il servizio dotato di ogni\u00a0comfort. C&#8217;\u00e8 anche la possibilit\u00e0 di acquistare un conveniente <strong>abbonamento\u00a0ferroviario<\/strong> che vi far\u00e0 viaggiare spendendo ancora meno.<\/p>\n<p style=\"text-align: justify\"><a title=\"capitale bangkok\" href=\"https:\/\/thailandia.evolutiontravel.it\/infovacanze\/da-vedere\/attrazioni-turistiche-bangkok\/\">Per visitare <strong>Bangkok<\/strong><\/a> scegliete la <strong>metropolitana<\/strong>: anche in questo caso i prezzi dei <strong>pass giornalieri<\/strong>\u00a0che comprendono pi\u00f9 corse sono decsiamente economici.<\/p>\n<p style=\"text-align: justify\">Infine molto caratteristico e a buon prezzo c&#8217;\u00e8 <strong>il\u00a0Tuk Tuk<\/strong>: un mezzo a tre ruote con conducente che vi porter\u00e0 dove volete. Anche le corse sui <strong>taxi<\/strong> hanno tariffe accettabili, solitamente costano tra i 50 e i 150 bath (massimo 5 euro).<\/p>\n<p>Insomma, come non mancano le occasioni di risparmio anche per questa destinazione che sembra inaccessibile per i suoi costi e non solo, qui di seguito trovi le nostre migliori offerte per la <strong>Thailandia a meno di 1000 euro!<\/strong><\/p>\n<p>&nbsp;<\/p>\n<h3 style=\"text-align: center\"><span style=\"color: #008000\">TI SVELIAMO UN SEGRETO<\/span><\/h3>\n<h3 style=\"text-align: center\">Non devi spendere una fortuna per una vacanza in Thailandia!<\/h3>\n<p style=\"text-align: center\">Grazie alle <strong><span style=\"color: #008000\">nostre offerte speciali per la Thailandia<\/span><\/strong> puoi fare una vacanza spendendo <span style=\"color: #008000\"><strong>MOLTO MENO DI 1000\u20ac!<br \/>\n<\/strong><\/span>Leggi subito i dettagli delle offerte che trovi qui sotto e <span style=\"color: #008000\"><strong>non perdere questa occasione!<\/strong><\/span><\/p>\n<div class=\"feedzy-1c068afa55350444f6b171e0398ae492 feedzy-rss\">\n\t\t<ul class=\"feedzy-style2\">\n\t\t\t\t\t<li  style=\"padding: 23px 0 38px\" class=\"rss_item feedzy-rss-col-3\" >\n\t\t\t\t\t\t\t\t\t<div class=\"rss_image\" style=\"width:225px; height:225px;\">\n\t\t\t\t\t\t<a href=\"https:\/\/thailandia.evolutiontravel.it\/it_IT\/896\/tab\/6357_perle-di-thailandia.html\" target=\"_blank\" \n\t\t\t\t\t\t\trel=\"noopener \"\n\t\t\t\t\t\t\ttitle=\"Perle di Thailandia\"\n\t\t\t\t\t\t\tstyle=\"width:225px; height:225px;\">\n\t\t\t\t\t\t\t<span class=\"fetched\" style=\"background-image:  url('http:\/\/etcdn.net\/thumbnails\/6357\/it-bangkok-tour-del-nord-tour-classico-4bf5c.jpg');\" title=\"Perle di Thailandia\"><\/span><amp-img width=\"225\" height=\"225\" src=\"http:\/\/etcdn.net\/thumbnails\/6357\/it-bangkok-tour-del-nord-tour-classico-4bf5c.jpg\">\t\t\t\t\t\t<\/a>\n\t\t\t\t\t<\/div>\n\t\t\t\t\t\t\t\t<div class=\"rss_content_wrap\">\n\t\t\t\t\t<span class=\"title\">\n\t\t\t\t\t\t<a href=\"https:\/\/thailandia.evolutiontravel.it\/it_IT\/896\/tab\/6357_perle-di-thailandia.html\" target=\"_blank\"  rel=\"noopener \">\n\t\t\t\t\t\t\tPerle di Thailandia\t\t\t\t\t\t<\/a>\n\t\t\t\t\t<\/span>\n\t\t\t\t\t<div class=\"rss_content\"\n\t\t\t\t\t\t\tstyle=\"\">\n\t\t\t\t\t\t\n\t\t\t\t\t\t\t\t\t\t\t\t<p class=\"description\">Viaggiare verso le aree settentrionali della Thailandia scoprire un mondo completamente diverso da quello della Capitale.<\/p>\n\t\t\t\t\t\t\n\t\t\t\t\t\t\t\t\t\t\t\t\t\t\t\t\t\t\t<div class=\"price-wrap\">\n\t\t\t\t\t\t\t\t<a href=\"https:\/\/thailandia.evolutiontravel.it\/it_IT\/896\/tab\/6357_perle-di-thailandia.html\" target=\"_blank\" rel=\"noopener\"><button class=\"price\"> 907<\/button><\/a>\n\t\t\t\t\t\t\t<\/div>\n\t\t\t\t\t\t\t\t\t\t\t<\/div>\n\t\t\t\t<\/div>\n\t\t\t<\/li>\n\t\t\t\t\t\t<li  style=\"padding: 23px 0 38px\" class=\"rss_item feedzy-rss-col-3\" >\n\t\t\t\t\t\t\t\t\t<div class=\"rss_image\" style=\"width:225px; height:225px;\">\n\t\t\t\t\t\t<a href=\"https:\/\/thailandia.evolutiontravel.it\/it_IT\/896\/tab\/37022_da-bangkok-a-chiang-mai-in-treno.html\" target=\"_blank\" \n\t\t\t\t\t\t\trel=\"noopener \"\n\t\t\t\t\t\t\ttitle=\"Da Bangkok a Chiang Mai in treno\"\n\t\t\t\t\t\t\tstyle=\"width:225px; height:225px;\">\n\t\t\t\t\t\t\t<span class=\"fetched\" style=\"background-image:  url('http:\/\/etcdn.net\/thumbnails\/37022\/it-bangkok-la-thailandia-sconosciuta-7f2a9.jpg');\" title=\"Da Bangkok a Chiang Mai in treno\"><\/span><amp-img width=\"225\" height=\"225\" src=\"http:\/\/etcdn.net\/thumbnails\/37022\/it-bangkok-la-thailandia-sconosciuta-7f2a9.jpg\">\t\t\t\t\t\t<\/a>\n\t\t\t\t\t<\/div>\n\t\t\t\t\t\t\t\t<div class=\"rss_content_wrap\">\n\t\t\t\t\t<span class=\"title\">\n\t\t\t\t\t\t<a href=\"https:\/\/thailandia.evolutiontravel.it\/it_IT\/896\/tab\/37022_da-bangkok-a-chiang-mai-in-treno.html\" target=\"_blank\"  rel=\"noopener \">\n\t\t\t\t\t\t\tDa Bangkok a Chiang Mai in treno\t\t\t\t\t\t<\/a>\n\t\t\t\t\t<\/span>\n\t\t\t\t\t<div class=\"rss_content\"\n\t\t\t\t\t\t\tstyle=\"\">\n\t\t\t\t\t\t\n\t\t\t\t\t\t\t\t\t\t\t\t<p class=\"description\">Un itinerario alla scoperta degli scenari pi\u00f9 suggestivi e dei grandi capolavori dell\u2019architettura della Thailandia.\u00a0<\/p>\n\t\t\t\t\t\t\n\t\t\t\t\t\t\t\t\t\t\t\t\t\t\t\t\t\t\t<div class=\"price-wrap\">\n\t\t\t\t\t\t\t\t<a href=\"https:\/\/thailandia.evolutiontravel.it\/it_IT\/896\/tab\/37022_da-bangkok-a-chiang-mai-in-treno.html\" target=\"_blank\" rel=\"noopener\"><button class=\"price\"> 643<\/button><\/a>\n\t\t\t\t\t\t\t<\/div>\n\t\t\t\t\t\t\t\t\t\t\t<\/div>\n\t\t\t\t<\/div>\n\t\t\t<\/li>\n\t\t\t\t\t\t<li  style=\"padding: 23px 0 38px\" class=\"rss_item feedzy-rss-col-3\" >\n\t\t\t\t\t\t\t\t\t<div class=\"rss_image\" style=\"width:225px; height:225px;\">\n\t\t\t\t\t\t<a href=\"https:\/\/thailandia.evolutiontravel.it\/it_IT\/896\/tab\/34477_da-bangkok-a-chiang-mai-con-roadbook.html\" target=\"_blank\" \n\t\t\t\t\t\t\trel=\"noopener \"\n\t\t\t\t\t\t\ttitle=\"Da Bangkok a Chiang Mai con Roadbook\"\n\t\t\t\t\t\t\tstyle=\"width:225px; height:225px;\">\n\t\t\t\t\t\t\t<span class=\"fetched\" style=\"background-image:  url('http:\/\/etcdn.net\/thumbnails\/34477\/it-bangkok-da-bangkok-a-chiang-mai-con-roadbook-86429.jpg');\" title=\"Da Bangkok a Chiang Mai con Roadbook\"><\/span><amp-img width=\"225\" height=\"225\" src=\"http:\/\/etcdn.net\/thumbnails\/34477\/it-bangkok-da-bangkok-a-chiang-mai-con-roadbook-86429.jpg\">\t\t\t\t\t\t<\/a>\n\t\t\t\t\t<\/div>\n\t\t\t\t\t\t\t\t<div class=\"rss_content_wrap\">\n\t\t\t\t\t<span class=\"title\">\n\t\t\t\t\t\t<a href=\"https:\/\/thailandia.evolutiontravel.it\/it_IT\/896\/tab\/34477_da-bangkok-a-chiang-mai-con-roadbook.html\" target=\"_blank\"  rel=\"noopener \">\n\t\t\t\t\t\t\tDa Bangkok a Chiang Mai con Roadbook\t\t\t\t\t\t<\/a>\n\t\t\t\t\t<\/span>\n\t\t\t\t\t<div class=\"rss_content\"\n\t\t\t\t\t\t\tstyle=\"\">\n\t\t\t\t\t\t\n\t\t\t\t\t\t\t\t\t\t\t\t<p class=\"description\">La Thailandia pi\u00f9 amata dai viaggiatori: da Bangkok\u00a0fino all\u2019estremo Nord.<\/p>\n\t\t\t\t\t\t\n\t\t\t\t\t\t\t\t\t\t\t\t\t\t\t\t\t\t\t<div class=\"price-wrap\">\n\t\t\t\t\t\t\t\t<a href=\"https:\/\/thailandia.evolutiontravel.it\/it_IT\/896\/tab\/34477_da-bangkok-a-chiang-mai-con-roadbook.html\" target=\"_blank\" rel=\"noopener\"><button class=\"price\"> 571<\/button><\/a>\n\t\t\t\t\t\t\t<\/div>\n\t\t\t\t\t\t\t\t\t\t\t<\/div>\n\t\t\t\t<\/div>\n\t\t\t<\/li>\n\t\t\t\t<\/ul>\n<\/div>\n<style type=\"text\/css\" media=\"all\">.feedzy-rss .rss_item .rss_image{float:left;position:relative;border:none;text-decoration:none;max-width:100%}.feedzy-rss .rss_item .rss_image span{display:inline-block;position:absolute;width:100%;height:100%;background-position:50%;background-size:cover}.feedzy-rss .rss_item .rss_image{margin:.3em 1em 0 0;content-visibility:auto}.feedzy-rss ul{list-style:none}.feedzy-rss ul li{display:inline-block}<\/style>\n","protected":false},"excerpt":{"rendered":"<p>I prezzi del viaggio in Thailandia possono variare molto in base ad alcuni fattori: tipo di soggiorno, se last minute, periodo (alta stagione o bassa stagione). A questo dobbiamo poi aggiungere le spese giornaliere e lo shopping che faremo nel paese durante la vacanza. Ecco alcuni consigli per trovare budget adeguato al nostro portafoglio, mantenere <a class=\"moretag\" href=\"https:\/\/thailandia.evolutiontravel.it\/infovacanze\/informazioni\/viaggio-thailandia-costi\/\">[&#8230;]<\/a><\/p>\n","protected":false},"author":1,"featured_media":0,"parent":30,"menu_order":0,"comment_status":"closed","ping_status":"open","template":"templates\/template-with-right-sidebar.php","meta":{"footnotes":""},"yoast_head":"<!-- This site is optimized with the Yoast SEO plugin v21.9.1 - https:\/\/yoast.com\/wordpress\/plugins\/seo\/ -->\n<title>Prezzi vacanza in Thailandia: last minute, alta stagione e offerte<\/title>\n<meta name=\"description\" content=\"Vuoi sapere quanto costa una vacanza in Thailandia e avere consigli su come risparmiare? Leggi il nostro articolo e scopri le offerte della settimana!\" \/>\n<meta name=\"robots\" content=\"index, follow, max-snippet:-1, max-image-preview:large, max-video-preview:-1\" \/>\n<link rel=\"canonical\" href=\"https:\/\/thailandia.evolutiontravel.it\/infovacanze\/informazioni\/viaggio-thailandia-costi\/\" \/>\n<meta name=\"twitter:label1\" content=\"Tempo di lettura stimato\" \/>\n\t<meta name=\"twitter:data1\" content=\"3 minuti\" \/>\n<script type=\"application\/ld+json\" class=\"yoast-schema-graph\">{\"@context\":\"https:\/\/schema.org\",\"@graph\":[{\"@type\":\"WebPage\",\"@id\":\"https:\/\/thailandia.evolutiontravel.it\/infovacanze\/informazioni\/viaggio-thailandia-costi\/\",\"url\":\"https:\/\/thailandia.evolutiontravel.it\/infovacanze\/informazioni\/viaggio-thailandia-costi\/\",\"name\":\"Prezzi vacanza in Thailandia: last minute, alta stagione e offerte\",\"isPartOf\":{\"@id\":\"https:\/\/thailandia.evolutiontravel.it\/infovacanze\/#website\"},\"datePublished\":\"2013-06-03T16:15:22+00:00\",\"dateModified\":\"2019-06-10T09:03:42+00:00\",\"description\":\"Vuoi sapere quanto costa una vacanza in Thailandia e avere consigli su come risparmiare? Leggi il nostro articolo e scopri le offerte della settimana!\",\"breadcrumb\":{\"@id\":\"https:\/\/thailandia.evolutiontravel.it\/infovacanze\/informazioni\/viaggio-thailandia-costi\/#breadcrumb\"},\"inLanguage\":\"it-IT\",\"potentialAction\":[{\"@type\":\"ReadAction\",\"target\":[\"https:\/\/thailandia.evolutiontravel.it\/infovacanze\/informazioni\/viaggio-thailandia-costi\/\"]}]},{\"@type\":\"BreadcrumbList\",\"@id\":\"https:\/\/thailandia.evolutiontravel.it\/infovacanze\/informazioni\/viaggio-thailandia-costi\/#breadcrumb\",\"itemListElement\":[{\"@type\":\"ListItem\",\"position\":1,\"name\":\"Informazioni sulla Thailandia\",\"item\":\"https:\/\/thailandia.evolutiontravel.it\/infovacanze\/informazioni\/\"},{\"@type\":\"ListItem\",\"position\":2,\"name\":\"Thailandia: quanto costa?\"}]},{\"@type\":\"WebSite\",\"@id\":\"https:\/\/thailandia.evolutiontravel.it\/infovacanze\/#website\",\"url\":\"https:\/\/thailandia.evolutiontravel.it\/infovacanze\/\",\"name\":\"Thailandia\",\"description\":\"\",\"potentialAction\":[{\"@type\":\"SearchAction\",\"target\":{\"@type\":\"EntryPoint\",\"urlTemplate\":\"https:\/\/thailandia.evolutiontravel.it\/infovacanze\/?s={search_term_string}\"},\"query-input\":\"required name=search_term_string\"}],\"inLanguage\":\"it-IT\"}]}<\/script>\n<!-- \/ Yoast SEO plugin. -->","yoast_head_json":{"title":"Prezzi vacanza in Thailandia: last minute, alta stagione e offerte","description":"Vuoi sapere quanto costa una vacanza in Thailandia e avere consigli su come risparmiare? Leggi il nostro articolo e scopri le offerte della settimana!","robots":{"index":"index","follow":"follow","max-snippet":"max-snippet:-1","max-image-preview":"max-image-preview:large","max-video-preview":"max-video-preview:-1"},"canonical":"https:\/\/thailandia.evolutiontravel.it\/infovacanze\/informazioni\/viaggio-thailandia-costi\/","twitter_misc":{"Tempo di lettura stimato":"3 minuti"},"schema":{"@context":"https:\/\/schema.org","@graph":[{"@type":"WebPage","@id":"https:\/\/thailandia.evolutiontravel.it\/infovacanze\/informazioni\/viaggio-thailandia-costi\/","url":"https:\/\/thailandia.evolutiontravel.it\/infovacanze\/informazioni\/viaggio-thailandia-costi\/","name":"Prezzi vacanza in Thailandia: last minute, alta stagione e offerte","isPartOf":{"@id":"https:\/\/thailandia.evolutiontravel.it\/infovacanze\/#website"},"datePublished":"2013-06-03T16:15:22+00:00","dateModified":"2019-06-10T09:03:42+00:00","description":"Vuoi sapere quanto costa una vacanza in Thailandia e avere consigli su come risparmiare? Leggi il nostro articolo e scopri le offerte della settimana!","breadcrumb":{"@id":"https:\/\/thailandia.evolutiontravel.it\/infovacanze\/informazioni\/viaggio-thailandia-costi\/#breadcrumb"},"inLanguage":"it-IT","potentialAction":[{"@type":"ReadAction","target":["https:\/\/thailandia.evolutiontravel.it\/infovacanze\/informazioni\/viaggio-thailandia-costi\/"]}]},{"@type":"BreadcrumbList","@id":"https:\/\/thailandia.evolutiontravel.it\/infovacanze\/informazioni\/viaggio-thailandia-costi\/#breadcrumb","itemListElement":[{"@type":"ListItem","position":1,"name":"Informazioni sulla Thailandia","item":"https:\/\/thailandia.evolutiontravel.it\/infovacanze\/informazioni\/"},{"@type":"ListItem","position":2,"name":"Thailandia: quanto costa?"}]},{"@type":"WebSite","@id":"https:\/\/thailandia.evolutiontravel.it\/infovacanze\/#website","url":"https:\/\/thailandia.evolutiontravel.it\/infovacanze\/","name":"Thailandia","description":"","potentialAction":[{"@type":"SearchAction","target":{"@type":"EntryPoint","urlTemplate":"https:\/\/thailandia.evolutiontravel.it\/infovacanze\/?s={search_term_string}"},"query-input":"required name=search_term_string"}],"inLanguage":"it-IT"}]}},"_links":{"self":[{"href":"https:\/\/thailandia.evolutiontravel.it\/infovacanze\/wp-json\/wp\/v2\/pages\/217"}],"collection":[{"href":"https:\/\/thailandia.evolutiontravel.it\/infovacanze\/wp-json\/wp\/v2\/pages"}],"about":[{"href":"https:\/\/thailandia.evolutiontravel.it\/infovacanze\/wp-json\/wp\/v2\/types\/page"}],"author":[{"embeddable":true,"href":"https:\/\/thailandia.evolutiontravel.it\/infovacanze\/wp-json\/wp\/v2\/users\/1"}],"replies":[{"embeddable":true,"href":"https:\/\/thailandia.evolutiontravel.it\/infovacanze\/wp-json\/wp\/v2\/comments?post=217"}],"version-history":[{"count":19,"href":"https:\/\/thailandia.evolutiontravel.it\/infovacanze\/wp-json\/wp\/v2\/pages\/217\/revisions"}],"predecessor-version":[{"id":2167,"href":"https:\/\/thailandia.evolutiontravel.it\/infovacanze\/wp-json\/wp\/v2\/pages\/217\/revisions\/2167"}],"up":[{"embeddable":true,"href":"https:\/\/thailandia.evolutiontravel.it\/infovacanze\/wp-json\/wp\/v2\/pages\/30"}],"wp:attachment":[{"href":"https:\/\/thailandia.evolutiontravel.it\/infovacanze\/wp-json\/wp\/v2\/media?parent=217"}],"curies":[{"name":"wp","href":"https:\/\/api.w.org\/{rel}","templated":true}]}}