{"id":2029,"date":"2018-08-14T15:16:14","date_gmt":"2018-08-14T13:16:14","guid":{"rendered":"http:\/\/thailandia.evolutiontravel.it\/infovacanze\/?page_id=2029"},"modified":"2018-08-14T15:18:11","modified_gmt":"2018-08-14T13:18:11","slug":"architettura","status":"publish","type":"page","link":"https:\/\/thailandia.evolutiontravel.it\/infovacanze\/architettura\/","title":{"rendered":"Architettura e Arte"},"content":{"rendered":"<p>La maggior parte dell\u2019<strong>architettura thailandese<\/strong> \u00e8 ispirata al <strong>buddhismo Theravada<\/strong>, la religione pi\u00f9 diffusa nel paese. Se siete in questo affascinante paese e siete amanti dell\u2019arte potrete allora <strong>visitare alcuni musei<\/strong> ma per capirla a fondo dovrete visitare i tanti templi costruiti soprattutto come testimonianze di verit\u00e0 eterna. Se per\u00f2 siete a Bangkok fate un salto al <strong>Bangkok Art and Cultural Centre<\/strong> dove sono esposte le <strong>opere d\u2019arte contemporanee<\/strong> pi\u00f9 importanti.<\/p>\n<p>L\u2019architettura thailandese pu\u00f2 essere suddivisa in <strong>varie scuole artistiche<\/strong> corrispondenti ai diversi regni e pu\u00f2 essere fatta risalire al VI secolo con il regno di Dvaravati. Centri culturali dell\u2019epoca erano Nakhon Pathom, Lopburi e U Thong e ad oggi, per vedere un esempio delle costruzioni di quegli anni, potete visitare il Wat Chama Thevi di Lamphun. Potete riconoscere le statue del Buddha realizzate da artisti di questo regno perch\u00e9, per coprire la pietra calcarea di non ottima qualit\u00e0, venivano ricoperte da drappi che le coprivano fino ai piedi.<\/p>\n<p>Mentre il regno Dvaravati aveva la sua influenza sulla Thailandia centro \u2013nord fino all\u2019XI secolo, al sud era l\u2019impero di Srivijaya a dominare dall\u2019VIII al XIII secolo. Qui veniva praticato il buddhismo Mahayana secondo il quale coloro che ricevono l\u2019Illuminazione hanno il compito di aiutare tutti gli altri a praticare questo cammino. Bodhisattva \u00e8 il nome di questi uomini le cui statue, eleganti e sfarzose, sono una delle caratteristiche di questo periodo dell\u2019architettura thailandese. Visitate il <strong>Wat Phra Boromathat di Chaiya<\/strong> per entrare in uno dei templi dello stile Srivijaya.<\/p>\n<p>Intorno al IX secolo l\u2019architettura thailandese sub\u00ec l\u2019<strong>influenza dell\u2019invasione del khmer cambogiani<\/strong> che portarono nel paese la religione induista con il culto del dio-re. Di questa epoca sono un esempio i <strong>grandi santuari<\/strong> in pietra come quelli che ancora potete vedere a Phimai, Khao Phra Viharn e Phanom Rung. Questi castelli templi comprendono anche dei fossati ed una rete di laghi artificiali.<\/p>\n<p>Anche l\u2019architettura thailandese all\u2019epoca dell\u2019impero di Ayutthaya \u00e8 molto importante e si differenzia dalla precedente grazie alla mescolanza di stili che coniugano credenze ind\u00f9 e brahminiche khmer e lo stile di Sukhothai: il risultato sono ad esempio le statue del Buddha vestiti con sembianza da principi reali.<\/p>\n<h2>Arte e cultura<\/h2>\n<p><strong>L&#8217;arte e la cultura thailandesi<\/strong> sono state da sempre influenzate dalle popolazioni che nei secoli hanno transitato in questo paese del sud-est asiatico. Le popolazioni originali dei mon ad esempio sono state piano piano contaminate dalle tradizioni dei khmer cambogiani ma anche tutto ci\u00f2 che proveniva dalla vicina <strong>India o dalla Cina<\/strong> ha avuto un peso notevole nell\u2019architettura e non solo della Thailandia. Anche <strong>i paesi confinati<\/strong> come l\u2019attuale Myanmar o la Cambogia hanno avuto il loro peso cos\u00ec come i paesi europei che tra i XIX ed il XX secolo hanno colonizzato questi territori.<\/p>\n<p><strong>L\u2019arte thailandese<\/strong> \u00e8 per lo pi\u00f9 incentrata sulla scultura e sull\u2019architettura. <strong>Ogni villaggio ha almeno un tempio caratterizzato<\/strong> da tetti spioventi con tegole verde, rosse o dorate mentre un altro degli elementi classici dell\u2019architettura sacra sono gli stupa, monumenti solitamente di forma conica che custodiscono reliquie. <strong>Dal nord al sud del paese<\/strong> potrete allora osservare da vicino le testimonianze delle varie epoche che si sono succedute e toccarle con mano nelle diverse costruzioni principalmente a carattere sacro. Insieme all\u2019architettura anche la scultura ha avuto un grande sviluppo, soprattutto sulle diverse espressioni delle statue del Buddha. Di impero in impero gli stili sono cambiati e se nel regno di Dvaravati venivano scolpite e poi ricoperte con teli finissimi per mascherare la cattiva qualit\u00e0 del materiale calcareo, in quello di Sukhothai sono state invece create le pi\u00f9 raffinate e sinuose del regno.<\/p>\n<p>Cos\u00ec come l\u2019arte anche <strong>la cultura thailandese<\/strong> si \u00e8 incentrata per lo pi\u00f9 su un aspetto: <strong>il teatro danza<\/strong>. Tali spettacoli si basano per lo pi\u00f9 sui racconti del Ramakien, l\u2019epica nella quale viene raccontata la classica lotta tra il bene ed il male. Esistono diversi generi di teatro danza: il khon \u00e8 il pi\u00f9 spettacolare e implica esclusivamente musica e coreografia senza alcuna parte narrata; il lakhon racchiude in s\u00e9 anche racconti pi\u00f9 popolari ed \u00e8 il genere pi\u00f9 raffinato; infine c\u2019\u00e8 il likay, lo spettacolo pi\u00f9 popolare dove, ai racconti pi\u00f9 aulici, vengono affiancate anche storie comiche ed irriverenti in una sorta di satira che pu\u00f2 prevedere anche risvolti sociali e di protesta. Un\u2019altra arte \u00e8 quella del teatro delle ombre, pratica che viene per\u00f2 ancora praticata quasi esclusivamente nel sud della Thailandia.<\/p>\n<p>In generale arte e cultura thailandesi si ispirano moltissimo alla filosofia buddhista e a tutto ci\u00f2 che comporta: non si tratta in realt\u00e0 solo di un approccio religioso ma anche di <strong>un modo di intendere la vita<\/strong>. Il popolo thailandese \u00e8 infatti rinomato per la sua proverbiale dolcezza tanto che questo stato viene conosciuto anche come Paese del sorriso. I concetti buddhisti legati alla reincarnazione, alla transitoriet\u00e0 dell\u2019esistenza e alla calma da applicare in ogni situazione rendono questa popolazione molto rilassata e serena grazie allo stile di vita che tende ad essere sempre affrontato con il sorriso sulle labbra. Durante il vostro viaggio potrete apprezzare anche questo aspetto di questa cultura.<\/p>\n<p><em>Leggi anche<\/em><\/p>\n<ul>\n<li><a href=\"https:\/\/thailandia.evolutiontravel.it\/infovacanze\/religione-in-thailandia\/\">Religione thailandese<\/a><\/li>\n<li><a href=\"https:\/\/thailandia.evolutiontravel.it\/infovacanze\/meditazione\/\">La Meditazione in Thailandia<\/a><\/li>\n<li><a href=\"https:\/\/thailandia.evolutiontravel.it\/infovacanze\/da-vedere\/i-migliori-posti-della-thailandia\/\">Cosa non perdere in Thailandia<\/a><\/li>\n<\/ul>\n<p style=\"text-align: center\"><span style=\"color: #008000\"><strong>CLICCA <\/strong><\/span>sulle <strong><span style=\"color: #008000\">ultime offerte pubblicate<\/span><\/strong> e leggi i dettagli: destinazioni, prezzi, giorni e partenze!<\/p>\n<p style=\"text-align: center\"><span style=\"color: #008000\"><strong>NON PERDERE L&#8217;OCCASIONE!<\/strong><\/span><\/p>\n<h3 style=\"text-align: center\">Offerte viaggi e vacanze in Thailandia<\/h3>\n<div class=\"feedzy-67a4f5a1b3a37f0b51cea48ba74fa8d0 feedzy-rss\">\n\t\t<ul class=\"feedzy-style2\">\n\t\t\t\t\t<li  style=\"padding: 23px 0 38px\" class=\"rss_item feedzy-rss-col-3\" >\n\t\t\t\t\t\t\t\t\t<div class=\"rss_image\" style=\"width:225px; height:225px;\">\n\t\t\t\t\t\t<a href=\"https:\/\/thailandia.evolutiontravel.it\/it_IT\/896\/tab\/35698_la-magia-del-nord-e-il-mare-delle-andamane.html\" target=\"_blank\" \n\t\t\t\t\t\t\trel=\"noopener \"\n\t\t\t\t\t\t\ttitle=\"La Magia del Nord e il Mare delle Andamane\"\n\t\t\t\t\t\t\tstyle=\"width:225px; height:225px;\">\n\t\t\t\t\t\t\t<span class=\"fetched\" style=\"background-image:  url('http:\/\/etcdn.net\/thumbnails\/35698\/it-bangkok-tour-del-nord-phuket-il-fiume-kwai-e-la-magia-del-nord-e-il-mare-delle-andamane-611dc.jpg');\" title=\"La Magia del Nord e il Mare delle Andamane\"><\/span><amp-img width=\"225\" height=\"225\" src=\"http:\/\/etcdn.net\/thumbnails\/35698\/it-bangkok-tour-del-nord-phuket-il-fiume-kwai-e-la-magia-del-nord-e-il-mare-delle-andamane-611dc.jpg\">\t\t\t\t\t\t<\/a>\n\t\t\t\t\t<\/div>\n\t\t\t\t\t\t\t\t<div class=\"rss_content_wrap\">\n\t\t\t\t\t<span class=\"title\">\n\t\t\t\t\t\t<a href=\"https:\/\/thailandia.evolutiontravel.it\/it_IT\/896\/tab\/35698_la-magia-del-nord-e-il-mare-delle-andamane.html\" target=\"_blank\"  rel=\"noopener \">\n\t\t\t\t\t\t\tLa Magia del Nord e il Mare delle Andamane\t\t\t\t\t\t<\/a>\n\t\t\t\t\t<\/span>\n\t\t\t\t\t<div class=\"rss_content\"\n\t\t\t\t\t\t\tstyle=\"\">\n\t\t\t\t\t\t\n\t\t\t\t\t\t\t\t\t\t\t\t<p class=\"description\">Lasciati accompagnare alla scoperta del Paese prima di terminare il viaggio su una delle tante spiagge tropicali del sud del [&hellip;]<\/p>\n\t\t\t\t\t\t\n\t\t\t\t\t\t\t\t\t\t\t\t\t\t\t\t\t\t\t<div class=\"price-wrap\">\n\t\t\t\t\t\t\t\t<a href=\"https:\/\/thailandia.evolutiontravel.it\/it_IT\/896\/tab\/35698_la-magia-del-nord-e-il-mare-delle-andamane.html\" target=\"_blank\" rel=\"noopener\"><button class=\"price\"> 1780<\/button><\/a>\n\t\t\t\t\t\t\t<\/div>\n\t\t\t\t\t\t\t\t\t\t\t<\/div>\n\t\t\t\t<\/div>\n\t\t\t<\/li>\n\t\t\t\t\t\t<li  style=\"padding: 23px 0 38px\" class=\"rss_item feedzy-rss-col-3\" >\n\t\t\t\t\t\t\t\t\t<div class=\"rss_image\" style=\"width:225px; height:225px;\">\n\t\t\t\t\t\t<a href=\"https:\/\/thailandia.evolutiontravel.it\/it_IT\/896\/tab\/9283_le-luci-e-i-colori-della-capitale-il-fascino-del-nord-e-il-mare-delle-andamane.html\" target=\"_blank\" \n\t\t\t\t\t\t\trel=\"noopener \"\n\t\t\t\t\t\t\ttitle=\"Le luci e i colori della capitale, il fascino del Nord e il mare delle Andamane\"\n\t\t\t\t\t\t\tstyle=\"width:225px; height:225px;\">\n\t\t\t\t\t\t\t<span class=\"fetched\" style=\"background-image:  url('http:\/\/etcdn.net\/thumbnails\/9283\/it-bangkok-tour-del-nord-krabi-le-luci-e-i-colori-della-capitale-il-fascino-del-nord-e-il-mare-delle-andamane-4dfa8.jpg');\" title=\"Le luci e i colori della capitale, il fascino del Nord e il mare delle Andamane\"><\/span><amp-img width=\"225\" height=\"225\" src=\"http:\/\/etcdn.net\/thumbnails\/9283\/it-bangkok-tour-del-nord-krabi-le-luci-e-i-colori-della-capitale-il-fascino-del-nord-e-il-mare-delle-andamane-4dfa8.jpg\">\t\t\t\t\t\t<\/a>\n\t\t\t\t\t<\/div>\n\t\t\t\t\t\t\t\t<div class=\"rss_content_wrap\">\n\t\t\t\t\t<span class=\"title\">\n\t\t\t\t\t\t<a href=\"https:\/\/thailandia.evolutiontravel.it\/it_IT\/896\/tab\/9283_le-luci-e-i-colori-della-capitale-il-fascino-del-nord-e-il-mare-delle-andamane.html\" target=\"_blank\"  rel=\"noopener \">\n\t\t\t\t\t\t\tLe luci e i colori della capitale, il fascino del Nord e il mare delle Andamane\t\t\t\t\t\t<\/a>\n\t\t\t\t\t<\/span>\n\t\t\t\t\t<div class=\"rss_content\"\n\t\t\t\t\t\t\tstyle=\"\">\n\t\t\t\t\t\t\n\t\t\t\t\t\t\t\t\t\t\t\t<p class=\"description\">Un viaggio nel viaggio per scoprire il vero volto della Thailandia nel modo pi\u00f9 autentico e affascinante.<\/p>\n\t\t\t\t\t\t\n\t\t\t\t\t\t\t\t\t\t\t\t\t\t\t\t\t\t\t<div class=\"price-wrap\">\n\t\t\t\t\t\t\t\t<a href=\"https:\/\/thailandia.evolutiontravel.it\/it_IT\/896\/tab\/9283_le-luci-e-i-colori-della-capitale-il-fascino-del-nord-e-il-mare-delle-andamane.html\" target=\"_blank\" rel=\"noopener\"><button class=\"price\"> 1710<\/button><\/a>\n\t\t\t\t\t\t\t<\/div>\n\t\t\t\t\t\t\t\t\t\t\t<\/div>\n\t\t\t\t<\/div>\n\t\t\t<\/li>\n\t\t\t\t\t\t<li  style=\"padding: 23px 0 38px\" class=\"rss_item feedzy-rss-col-3\" >\n\t\t\t\t\t\t\t\t\t<div class=\"rss_image\" style=\"width:225px; height:225px;\">\n\t\t\t\t\t\t<a href=\"https:\/\/thailandia.evolutiontravel.it\/it_IT\/896\/tab\/23625_il-meglio-del-golfo-del-siam.html\" target=\"_blank\" \n\t\t\t\t\t\t\trel=\"noopener \"\n\t\t\t\t\t\t\ttitle=\"Il Meglio del Golfo del Siam\"\n\t\t\t\t\t\t\tstyle=\"width:225px; height:225px;\">\n\t\t\t\t\t\t\t<span class=\"fetched\" style=\"background-image:  url('http:\/\/etcdn.net\/thumbnails\/23625\/it-bangkok-koh-samui-koh-tao-il-meglio-del-golfo-del-siam-4bf52.jpg');\" title=\"Il Meglio del Golfo del Siam\"><\/span><amp-img width=\"225\" height=\"225\" src=\"http:\/\/etcdn.net\/thumbnails\/23625\/it-bangkok-koh-samui-koh-tao-il-meglio-del-golfo-del-siam-4bf52.jpg\">\t\t\t\t\t\t<\/a>\n\t\t\t\t\t<\/div>\n\t\t\t\t\t\t\t\t<div class=\"rss_content_wrap\">\n\t\t\t\t\t<span class=\"title\">\n\t\t\t\t\t\t<a href=\"https:\/\/thailandia.evolutiontravel.it\/it_IT\/896\/tab\/23625_il-meglio-del-golfo-del-siam.html\" target=\"_blank\"  rel=\"noopener \">\n\t\t\t\t\t\t\tIl Meglio del Golfo del Siam\t\t\t\t\t\t<\/a>\n\t\t\t\t\t<\/span>\n\t\t\t\t\t<div class=\"rss_content\"\n\t\t\t\t\t\t\tstyle=\"\">\n\t\t\t\t\t\t\n\t\t\t\t\t\t\t\t\t\t\t\t<p class=\"description\">Un bellissimo viaggio tra la cultura e la tradizione di Bangkok, l'incantevole natura di Koh Samui e i magnifici fondali di Koh [&hellip;]<\/p>\n\t\t\t\t\t\t\n\t\t\t\t\t\t\t\t\t\t\t\t\t\t\t\t\t\t\t<div class=\"price-wrap\">\n\t\t\t\t\t\t\t\t<a href=\"https:\/\/thailandia.evolutiontravel.it\/it_IT\/896\/tab\/23625_il-meglio-del-golfo-del-siam.html\" target=\"_blank\" rel=\"noopener\"><button class=\"price\"> 1710<\/button><\/a>\n\t\t\t\t\t\t\t<\/div>\n\t\t\t\t\t\t\t\t\t\t\t<\/div>\n\t\t\t\t<\/div>\n\t\t\t<\/li>\n\t\t\t\t\t\t<li  style=\"padding: 23px 0 38px\" class=\"rss_item feedzy-rss-col-3\" >\n\t\t\t\t\t\t\t\t\t<div class=\"rss_image\" style=\"width:225px; height:225px;\">\n\t\t\t\t\t\t<a href=\"https:\/\/thailandia.evolutiontravel.it\/it_IT\/896\/tab\/23143_i-templi-e-il-meglio-del-mar-delle-andamane.html\" target=\"_blank\" \n\t\t\t\t\t\t\trel=\"noopener \"\n\t\t\t\t\t\t\ttitle=\"I templi e il meglio del mar delle Andamane\"\n\t\t\t\t\t\t\tstyle=\"width:225px; height:225px;\">\n\t\t\t\t\t\t\t<span class=\"fetched\" style=\"background-image:  url('http:\/\/etcdn.net\/thumbnails\/23143\/it-bangkok-phuket-phi-phi-island-i-templi-e-il-meglio-del-mar-delle-andamane-4dfa5.jpg');\" title=\"I templi e il meglio del mar delle Andamane\"><\/span><amp-img width=\"225\" height=\"225\" src=\"http:\/\/etcdn.net\/thumbnails\/23143\/it-bangkok-phuket-phi-phi-island-i-templi-e-il-meglio-del-mar-delle-andamane-4dfa5.jpg\">\t\t\t\t\t\t<\/a>\n\t\t\t\t\t<\/div>\n\t\t\t\t\t\t\t\t<div class=\"rss_content_wrap\">\n\t\t\t\t\t<span class=\"title\">\n\t\t\t\t\t\t<a href=\"https:\/\/thailandia.evolutiontravel.it\/it_IT\/896\/tab\/23143_i-templi-e-il-meglio-del-mar-delle-andamane.html\" target=\"_blank\"  rel=\"noopener \">\n\t\t\t\t\t\t\tI templi e il meglio del mar delle Andamane\t\t\t\t\t\t<\/a>\n\t\t\t\t\t<\/span>\n\t\t\t\t\t<div class=\"rss_content\"\n\t\t\t\t\t\t\tstyle=\"\">\n\t\t\t\t\t\t\n\t\t\t\t\t\t\t\t\t\t\t\t<p class=\"description\">Immagina un arcipelago tropicale formato da migliaia di isolette. Ora immagina di essere su una di queste un verde gioiello [&hellip;]<\/p>\n\t\t\t\t\t\t\n\t\t\t\t\t\t\t\t\t\t\t\t\t\t\t\t\t\t\t<div class=\"price-wrap\">\n\t\t\t\t\t\t\t\t<a href=\"https:\/\/thailandia.evolutiontravel.it\/it_IT\/896\/tab\/23143_i-templi-e-il-meglio-del-mar-delle-andamane.html\" target=\"_blank\" rel=\"noopener\"><button class=\"price\"> 1690<\/button><\/a>\n\t\t\t\t\t\t\t<\/div>\n\t\t\t\t\t\t\t\t\t\t\t<\/div>\n\t\t\t\t<\/div>\n\t\t\t<\/li>\n\t\t\t\t\t\t<li  style=\"padding: 23px 0 38px\" class=\"rss_item feedzy-rss-col-3\" >\n\t\t\t\t\t\t\t\t\t<div class=\"rss_image\" style=\"width:225px; height:225px;\">\n\t\t\t\t\t\t<a href=\"https:\/\/thailandia.evolutiontravel.it\/it_IT\/896\/tab\/23142_il-meglio-della-costa-est.html\" target=\"_blank\" \n\t\t\t\t\t\t\trel=\"noopener \"\n\t\t\t\t\t\t\ttitle=\"Il Meglio della Costa Est\"\n\t\t\t\t\t\t\tstyle=\"width:225px; height:225px;\">\n\t\t\t\t\t\t\t<span class=\"fetched\" style=\"background-image:  url('http:\/\/etcdn.net\/thumbnails\/23142\/it-bangkok-koh-samui-koh-phangan-il-meglio-della-costa-est-4bf48.jpg');\" title=\"Il Meglio della Costa Est\"><\/span><amp-img width=\"225\" height=\"225\" src=\"http:\/\/etcdn.net\/thumbnails\/23142\/it-bangkok-koh-samui-koh-phangan-il-meglio-della-costa-est-4bf48.jpg\">\t\t\t\t\t\t<\/a>\n\t\t\t\t\t<\/div>\n\t\t\t\t\t\t\t\t<div class=\"rss_content_wrap\">\n\t\t\t\t\t<span class=\"title\">\n\t\t\t\t\t\t<a href=\"https:\/\/thailandia.evolutiontravel.it\/it_IT\/896\/tab\/23142_il-meglio-della-costa-est.html\" target=\"_blank\"  rel=\"noopener \">\n\t\t\t\t\t\t\tIl Meglio della Costa Est\t\t\t\t\t\t<\/a>\n\t\t\t\t\t<\/span>\n\t\t\t\t\t<div class=\"rss_content\"\n\t\t\t\t\t\t\tstyle=\"\">\n\t\t\t\t\t\t\n\t\t\t\t\t\t\t\t\t\t\t\t<p class=\"description\">La storia e la cultura di Bangkok, la natura incredibile di Koh Samui, le spiaggie bianchissime di Koh Phangan, con i suoi [&hellip;]<\/p>\n\t\t\t\t\t\t\n\t\t\t\t\t\t\t\t\t\t\t\t\t\t\t\t\t\t\t<div class=\"price-wrap\">\n\t\t\t\t\t\t\t\t<a href=\"https:\/\/thailandia.evolutiontravel.it\/it_IT\/896\/tab\/23142_il-meglio-della-costa-est.html\" target=\"_blank\" rel=\"noopener\"><button class=\"price\"> 1890<\/button><\/a>\n\t\t\t\t\t\t\t<\/div>\n\t\t\t\t\t\t\t\t\t\t\t<\/div>\n\t\t\t\t<\/div>\n\t\t\t<\/li>\n\t\t\t\t\t\t<li  style=\"padding: 23px 0 38px\" class=\"rss_item feedzy-rss-col-3\" >\n\t\t\t\t\t\t\t\t\t<div class=\"rss_image\" style=\"width:225px; height:225px;\">\n\t\t\t\t\t\t<a href=\"https:\/\/thailandia.evolutiontravel.it\/it_IT\/896\/tab\/6357_perle-di-thailandia.html\" target=\"_blank\" \n\t\t\t\t\t\t\trel=\"noopener \"\n\t\t\t\t\t\t\ttitle=\"Perle di Thailandia\"\n\t\t\t\t\t\t\tstyle=\"width:225px; height:225px;\">\n\t\t\t\t\t\t\t<span class=\"fetched\" style=\"background-image:  url('http:\/\/etcdn.net\/thumbnails\/6357\/it-bangkok-tour-del-nord-tour-classico-4bf5c.jpg');\" title=\"Perle di Thailandia\"><\/span><amp-img width=\"225\" height=\"225\" src=\"http:\/\/etcdn.net\/thumbnails\/6357\/it-bangkok-tour-del-nord-tour-classico-4bf5c.jpg\">\t\t\t\t\t\t<\/a>\n\t\t\t\t\t<\/div>\n\t\t\t\t\t\t\t\t<div class=\"rss_content_wrap\">\n\t\t\t\t\t<span class=\"title\">\n\t\t\t\t\t\t<a href=\"https:\/\/thailandia.evolutiontravel.it\/it_IT\/896\/tab\/6357_perle-di-thailandia.html\" target=\"_blank\"  rel=\"noopener \">\n\t\t\t\t\t\t\tPerle di Thailandia\t\t\t\t\t\t<\/a>\n\t\t\t\t\t<\/span>\n\t\t\t\t\t<div class=\"rss_content\"\n\t\t\t\t\t\t\tstyle=\"\">\n\t\t\t\t\t\t\n\t\t\t\t\t\t\t\t\t\t\t\t<p class=\"description\">Viaggiare verso le aree settentrionali della Thailandia scoprire un mondo completamente diverso da quello della Capitale.<\/p>\n\t\t\t\t\t\t\n\t\t\t\t\t\t\t\t\t\t\t\t\t\t\t\t\t\t\t<div class=\"price-wrap\">\n\t\t\t\t\t\t\t\t<a href=\"https:\/\/thailandia.evolutiontravel.it\/it_IT\/896\/tab\/6357_perle-di-thailandia.html\" target=\"_blank\" rel=\"noopener\"><button class=\"price\"> 907<\/button><\/a>\n\t\t\t\t\t\t\t<\/div>\n\t\t\t\t\t\t\t\t\t\t\t<\/div>\n\t\t\t\t<\/div>\n\t\t\t<\/li>\n\t\t\t\t<\/ul>\n<\/div>\n<style type=\"text\/css\" media=\"all\">.feedzy-rss .rss_item .rss_image{float:left;position:relative;border:none;text-decoration:none;max-width:100%}.feedzy-rss .rss_item .rss_image span{display:inline-block;position:absolute;width:100%;height:100%;background-position:50%;background-size:cover}.feedzy-rss .rss_item .rss_image{margin:.3em 1em 0 0;content-visibility:auto}.feedzy-rss ul{list-style:none}.feedzy-rss ul li{display:inline-block}<\/style>\n","protected":false},"excerpt":{"rendered":"<p>La maggior parte dell\u2019architettura thailandese \u00e8 ispirata al buddhismo Theravada, la religione pi\u00f9 diffusa nel paese. Se siete in questo affascinante paese e siete amanti dell\u2019arte potrete allora visitare alcuni musei ma per capirla a fondo dovrete visitare i tanti templi costruiti soprattutto come testimonianze di verit\u00e0 eterna. Se per\u00f2 siete a Bangkok fate un <a class=\"moretag\" href=\"https:\/\/thailandia.evolutiontravel.it\/infovacanze\/architettura\/\">[&#8230;]<\/a><\/p>\n","protected":false},"author":6,"featured_media":0,"parent":0,"menu_order":0,"comment_status":"closed","ping_status":"closed","template":"templates\/template-with-right-sidebar.php","meta":{"footnotes":""},"yoast_head":"<!-- This site is optimized with the Yoast SEO plugin v21.9.1 - https:\/\/yoast.com\/wordpress\/plugins\/seo\/ -->\n<title>Thailandia, Arte e Architettura in viaggio - Itinerari per scoprire la Thailandia<\/title>\n<meta name=\"robots\" content=\"index, follow, max-snippet:-1, max-image-preview:large, max-video-preview:-1\" \/>\n<link rel=\"canonical\" href=\"https:\/\/thailandia.evolutiontravel.it\/infovacanze\/architettura\/\" \/>\n<meta name=\"twitter:label1\" content=\"Tempo di lettura stimato\" \/>\n\t<meta name=\"twitter:data1\" content=\"5 minuti\" \/>\n<script type=\"application\/ld+json\" class=\"yoast-schema-graph\">{\"@context\":\"https:\/\/schema.org\",\"@graph\":[{\"@type\":\"WebPage\",\"@id\":\"https:\/\/thailandia.evolutiontravel.it\/infovacanze\/architettura\/\",\"url\":\"https:\/\/thailandia.evolutiontravel.it\/infovacanze\/architettura\/\",\"name\":\"Thailandia, Arte e Architettura in viaggio - Itinerari per scoprire la Thailandia\",\"isPartOf\":{\"@id\":\"https:\/\/thailandia.evolutiontravel.it\/infovacanze\/#website\"},\"datePublished\":\"2018-08-14T13:16:14+00:00\",\"dateModified\":\"2018-08-14T13:18:11+00:00\",\"inLanguage\":\"it-IT\",\"potentialAction\":[{\"@type\":\"ReadAction\",\"target\":[\"https:\/\/thailandia.evolutiontravel.it\/infovacanze\/architettura\/\"]}]},{\"@type\":\"WebSite\",\"@id\":\"https:\/\/thailandia.evolutiontravel.it\/infovacanze\/#website\",\"url\":\"https:\/\/thailandia.evolutiontravel.it\/infovacanze\/\",\"name\":\"Thailandia\",\"description\":\"\",\"potentialAction\":[{\"@type\":\"SearchAction\",\"target\":{\"@type\":\"EntryPoint\",\"urlTemplate\":\"https:\/\/thailandia.evolutiontravel.it\/infovacanze\/?s={search_term_string}\"},\"query-input\":\"required name=search_term_string\"}],\"inLanguage\":\"it-IT\"}]}<\/script>\n<!-- \/ Yoast SEO plugin. -->","yoast_head_json":{"title":"Thailandia, Arte e Architettura in viaggio - Itinerari per scoprire la Thailandia","robots":{"index":"index","follow":"follow","max-snippet":"max-snippet:-1","max-image-preview":"max-image-preview:large","max-video-preview":"max-video-preview:-1"},"canonical":"https:\/\/thailandia.evolutiontravel.it\/infovacanze\/architettura\/","twitter_misc":{"Tempo di lettura stimato":"5 minuti"},"schema":{"@context":"https:\/\/schema.org","@graph":[{"@type":"WebPage","@id":"https:\/\/thailandia.evolutiontravel.it\/infovacanze\/architettura\/","url":"https:\/\/thailandia.evolutiontravel.it\/infovacanze\/architettura\/","name":"Thailandia, Arte e Architettura in viaggio - Itinerari per scoprire la Thailandia","isPartOf":{"@id":"https:\/\/thailandia.evolutiontravel.it\/infovacanze\/#website"},"datePublished":"2018-08-14T13:16:14+00:00","dateModified":"2018-08-14T13:18:11+00:00","inLanguage":"it-IT","potentialAction":[{"@type":"ReadAction","target":["https:\/\/thailandia.evolutiontravel.it\/infovacanze\/architettura\/"]}]},{"@type":"WebSite","@id":"https:\/\/thailandia.evolutiontravel.it\/infovacanze\/#website","url":"https:\/\/thailandia.evolutiontravel.it\/infovacanze\/","name":"Thailandia","description":"","potentialAction":[{"@type":"SearchAction","target":{"@type":"EntryPoint","urlTemplate":"https:\/\/thailandia.evolutiontravel.it\/infovacanze\/?s={search_term_string}"},"query-input":"required name=search_term_string"}],"inLanguage":"it-IT"}]}},"_links":{"self":[{"href":"https:\/\/thailandia.evolutiontravel.it\/infovacanze\/wp-json\/wp\/v2\/pages\/2029"}],"collection":[{"href":"https:\/\/thailandia.evolutiontravel.it\/infovacanze\/wp-json\/wp\/v2\/pages"}],"about":[{"href":"https:\/\/thailandia.evolutiontravel.it\/infovacanze\/wp-json\/wp\/v2\/types\/page"}],"author":[{"embeddable":true,"href":"https:\/\/thailandia.evolutiontravel.it\/infovacanze\/wp-json\/wp\/v2\/users\/6"}],"replies":[{"embeddable":true,"href":"https:\/\/thailandia.evolutiontravel.it\/infovacanze\/wp-json\/wp\/v2\/comments?post=2029"}],"version-history":[{"count":2,"href":"https:\/\/thailandia.evolutiontravel.it\/infovacanze\/wp-json\/wp\/v2\/pages\/2029\/revisions"}],"predecessor-version":[{"id":2033,"href":"https:\/\/thailandia.evolutiontravel.it\/infovacanze\/wp-json\/wp\/v2\/pages\/2029\/revisions\/2033"}],"wp:attachment":[{"href":"https:\/\/thailandia.evolutiontravel.it\/infovacanze\/wp-json\/wp\/v2\/media?parent=2029"}],"curies":[{"name":"wp","href":"https:\/\/api.w.org\/{rel}","templated":true}]}}