{"id":1731,"date":"2017-09-04T09:38:58","date_gmt":"2017-09-04T07:38:58","guid":{"rendered":"http:\/\/thailandia.evolutiontravel.it\/infovacanze\/?page_id=1731"},"modified":"2019-06-10T12:19:26","modified_gmt":"2019-06-10T10:19:26","slug":"mappa","status":"publish","type":"page","link":"https:\/\/thailandia.evolutiontravel.it\/infovacanze\/informazioni\/mappa\/","title":{"rendered":"Mappa della Thailandia"},"content":{"rendered":"<p>E&#8217; utile guardare la <strong>mappa della Thailandia<\/strong> per rendersi conto di quanto sia grande la &#8220;<em>Terra del Sorriso<\/em>&#8220;. In tal modo potrai pianificare meglio il viaggio e scegliere la zona del paese da visitare.<\/p>\n<p>Quindi se vuoi esplorare la Thailandia dovrai considerare i <strong>molti chilometri di distanza tra un un luogo e l&#8217;altro<\/strong>. Un buon itinerario dovr\u00e0 tenere conto di questi dettagli, cos\u00ec da scegliere i mezzi di trasporto pi\u00f9 adeguati per spostarti facilmente e senza perdere troppe ore.<\/p>\n<p>&nbsp;<\/p>\n<h2>A Nord della Thailandia<\/h2>\n<p><img loading=\"lazy\" decoding=\"async\" class=\"alignright wp-image-504 size-full\" src=\"https:\/\/thailandia.evolutiontravel.it\/infovacanze\/wp-content\/uploads\/sites\/2\/2013\/06\/cartina_geografica_thailandia.gif\" alt=\"Cartina della Thailandia\" width=\"575\" height=\"470\" \/>La regione nord della Thailandia viene spesso visitata dai viaggiatori, qui si trova <strong>Bangkok<\/strong>,\u00a0 il luogo di approdo nel paese.<\/p>\n<p>La zona pi\u00f9 settentrionale svela una grande ricchezza di <strong>templi buddhisti e di luoghi di cultura<\/strong>.<\/p>\n<p>Ne \u00e8 esempio evidente la <strong>citt\u00e0 di Chiang Mai<\/strong>, con\u00a0 Wat Phan Tao e Wat Phra Singh.<\/p>\n<p>Da qui puoi raggiungere il <strong>Parco Nazionale<\/strong> con il Monte Doi Suthep e il suo dorato Wat Phrathat Doi Suthep.<\/p>\n<p>A Nord ci sono altri punti interesse da esplorare, come ad esempio <strong>Mae Sai<\/strong>, <strong>Sukhothai<\/strong> e il suo <strong>Parco storico<\/strong>.<\/p>\n<ul>\n<li>Per approfondire: <em><u><a href=\"https:\/\/thailandia.evolutiontravel.it\/infovacanze\/itinerari\/itinerario-thailandia-nord\/\">Tour nel Nord della Thailandia<\/a><\/u><\/em><\/li>\n<\/ul>\n<h2>Thailandia centrale<\/h2>\n<p>L&#8217;area centrale \u00e8 la zona apprezzata da chi ama il contatto con la natura. Come vedi dalla cartina, c&#8217;\u00e8 infatti molto verde: la regione \u00e8 ricca di <strong>foreste e di parchi naturali<\/strong>, come <strong>Erawan<\/strong> e <strong>Sai Yok<\/strong>, tra i pi\u00f9 noti della Thailandia.<\/p>\n<p>Cascate, panorami suggestivi, sentieri intricati, scimmie che si muovono tra i rami, flora e fauna assolutamente unici!<\/p>\n<p>Allo stesso tempo avrai modo anche di apprezzarne <strong>la storia e le tradizioni<\/strong> secolari come nel caso della <strong>citt\u00e0 di Ayutthaya<\/strong>.<\/p>\n<p>Patrimonio dell&#8217;Umanit\u00e0 UNESCO, qui c&#8217;\u00e8 il <strong>Palazzo Reale<\/strong> e <strong>iconici templi<\/strong>, come ad esempio Wat Chai Wattanaram, Wat Mahathat, Wat Phrarat e Wat Ratchaburana.<\/p>\n<ul>\n<li>Per approfondire: <a href=\"https:\/\/thailandia.evolutiontravel.it\/infovacanze\/itinerari\/itinerario-thailandia-centrale\/\"><em><u>Tour Thailandia centrale<\/u><\/em><\/a><\/li>\n<\/ul>\n<h2>A Sud della Thailandia<\/h2>\n<p>Spostando gli occhi a sud della mappa scopriamo destinazioni e mete pi\u00f9 amate da chi vuole trascorrere anche <strong>qualche giorno al mare<\/strong> tra <a title=\"spiagge thailandia\" href=\"https:\/\/thailandia.evolutiontravel.it\/infovacanze\/informazioni\/le-spiagge-in-thailandia\/\">spiagge paradisiache<\/a>.<\/p>\n<p>La meta pi\u00f9 conosciuta \u00e8 <strong>Phuket<\/strong>, con la famosa <strong>spiaggia di Mai Khao <\/strong>ma ci sono tante altre scelte anche per i viaggiatori pi\u00f9 esigenti. La parte meridionale della Thailandia \u00e8 infatti ricca di <strong>isole meravigliose<\/strong>, da <strong>Phi Phi Island<\/strong> a Koh Jam, passando per Koh Dam, Koh Poda e Kho Kai, solo per citarne alcune.<\/p>\n<p>Chi ama fare <strong>immersioni, snorkeling e attivit\u00e0 sportive<\/strong> in acqua qui non rester\u00e0 deluso: sono localit\u00e0 straordinariamente ricche di vita marina.<\/p>\n<p>Adesso che hai ben presenti i luoghi di maggiore interesse della Thialandia ti sar\u00e0 pi\u00f9 semplice creare un itinerario e prenotare in anticipo anche i voli interni!<\/p>\n<ul>\n<li>Per approfondire: <em><u><a href=\"https:\/\/thailandia.evolutiontravel.it\/infovacanze\/itinerari\/itinerario-thailandia-del-sud\/\">Tour nel sud della Thailandia<\/a><\/u><\/em><\/li>\n<\/ul>\n<h3 style=\"text-align: center\">Offerte viaggi e vacanze in Thailandia<\/h3>\n<p style=\"text-align: center\"><span style=\"color: #008000\"><strong>CLICCA per scoprire subito il programma dei viaggi<\/strong><\/span>: destinazioni, attivit\u00e0, costi e partenze!<\/p>\n<div class=\"feedzy-67a4f5a1b3a37f0b51cea48ba74fa8d0 feedzy-rss\">\n\t\t<ul class=\"feedzy-style2\">\n\t\t\t\t\t<li  style=\"padding: 23px 0 38px\" class=\"rss_item feedzy-rss-col-3\" >\n\t\t\t\t\t\t\t\t\t<div class=\"rss_image\" style=\"width:225px; height:225px;\">\n\t\t\t\t\t\t<a href=\"https:\/\/thailandia.evolutiontravel.it\/it_IT\/896\/tab\/35698_la-magia-del-nord-e-il-mare-delle-andamane.html\" target=\"_blank\" \n\t\t\t\t\t\t\trel=\"noopener \"\n\t\t\t\t\t\t\ttitle=\"La Magia del Nord e il Mare delle Andamane\"\n\t\t\t\t\t\t\tstyle=\"width:225px; height:225px;\">\n\t\t\t\t\t\t\t<span class=\"fetched\" style=\"background-image:  url('http:\/\/etcdn.net\/thumbnails\/35698\/it-bangkok-tour-del-nord-phuket-il-fiume-kwai-e-la-magia-del-nord-e-il-mare-delle-andamane-611dc.jpg');\" title=\"La Magia del Nord e il Mare delle Andamane\"><\/span><amp-img width=\"225\" height=\"225\" src=\"http:\/\/etcdn.net\/thumbnails\/35698\/it-bangkok-tour-del-nord-phuket-il-fiume-kwai-e-la-magia-del-nord-e-il-mare-delle-andamane-611dc.jpg\">\t\t\t\t\t\t<\/a>\n\t\t\t\t\t<\/div>\n\t\t\t\t\t\t\t\t<div class=\"rss_content_wrap\">\n\t\t\t\t\t<span class=\"title\">\n\t\t\t\t\t\t<a href=\"https:\/\/thailandia.evolutiontravel.it\/it_IT\/896\/tab\/35698_la-magia-del-nord-e-il-mare-delle-andamane.html\" target=\"_blank\"  rel=\"noopener \">\n\t\t\t\t\t\t\tLa Magia del Nord e il Mare delle Andamane\t\t\t\t\t\t<\/a>\n\t\t\t\t\t<\/span>\n\t\t\t\t\t<div class=\"rss_content\"\n\t\t\t\t\t\t\tstyle=\"\">\n\t\t\t\t\t\t\n\t\t\t\t\t\t\t\t\t\t\t\t<p class=\"description\">Lasciati accompagnare alla scoperta del Paese prima di terminare il viaggio su una delle tante spiagge tropicali del sud del [&hellip;]<\/p>\n\t\t\t\t\t\t\n\t\t\t\t\t\t\t\t\t\t\t\t\t\t\t\t\t\t\t<div class=\"price-wrap\">\n\t\t\t\t\t\t\t\t<a href=\"https:\/\/thailandia.evolutiontravel.it\/it_IT\/896\/tab\/35698_la-magia-del-nord-e-il-mare-delle-andamane.html\" target=\"_blank\" rel=\"noopener\"><button class=\"price\"> 1780<\/button><\/a>\n\t\t\t\t\t\t\t<\/div>\n\t\t\t\t\t\t\t\t\t\t\t<\/div>\n\t\t\t\t<\/div>\n\t\t\t<\/li>\n\t\t\t\t\t\t<li  style=\"padding: 23px 0 38px\" class=\"rss_item feedzy-rss-col-3\" >\n\t\t\t\t\t\t\t\t\t<div class=\"rss_image\" style=\"width:225px; height:225px;\">\n\t\t\t\t\t\t<a href=\"https:\/\/thailandia.evolutiontravel.it\/it_IT\/896\/tab\/9283_le-luci-e-i-colori-della-capitale-il-fascino-del-nord-e-il-mare-delle-andamane.html\" target=\"_blank\" \n\t\t\t\t\t\t\trel=\"noopener \"\n\t\t\t\t\t\t\ttitle=\"Le luci e i colori della capitale, il fascino del Nord e il mare delle Andamane\"\n\t\t\t\t\t\t\tstyle=\"width:225px; height:225px;\">\n\t\t\t\t\t\t\t<span class=\"fetched\" style=\"background-image:  url('http:\/\/etcdn.net\/thumbnails\/9283\/it-bangkok-tour-del-nord-krabi-le-luci-e-i-colori-della-capitale-il-fascino-del-nord-e-il-mare-delle-andamane-4dfa8.jpg');\" title=\"Le luci e i colori della capitale, il fascino del Nord e il mare delle Andamane\"><\/span><amp-img width=\"225\" height=\"225\" src=\"http:\/\/etcdn.net\/thumbnails\/9283\/it-bangkok-tour-del-nord-krabi-le-luci-e-i-colori-della-capitale-il-fascino-del-nord-e-il-mare-delle-andamane-4dfa8.jpg\">\t\t\t\t\t\t<\/a>\n\t\t\t\t\t<\/div>\n\t\t\t\t\t\t\t\t<div class=\"rss_content_wrap\">\n\t\t\t\t\t<span class=\"title\">\n\t\t\t\t\t\t<a href=\"https:\/\/thailandia.evolutiontravel.it\/it_IT\/896\/tab\/9283_le-luci-e-i-colori-della-capitale-il-fascino-del-nord-e-il-mare-delle-andamane.html\" target=\"_blank\"  rel=\"noopener \">\n\t\t\t\t\t\t\tLe luci e i colori della capitale, il fascino del Nord e il mare delle Andamane\t\t\t\t\t\t<\/a>\n\t\t\t\t\t<\/span>\n\t\t\t\t\t<div class=\"rss_content\"\n\t\t\t\t\t\t\tstyle=\"\">\n\t\t\t\t\t\t\n\t\t\t\t\t\t\t\t\t\t\t\t<p class=\"description\">Un viaggio nel viaggio per scoprire il vero volto della Thailandia nel modo pi\u00f9 autentico e affascinante.<\/p>\n\t\t\t\t\t\t\n\t\t\t\t\t\t\t\t\t\t\t\t\t\t\t\t\t\t\t<div class=\"price-wrap\">\n\t\t\t\t\t\t\t\t<a href=\"https:\/\/thailandia.evolutiontravel.it\/it_IT\/896\/tab\/9283_le-luci-e-i-colori-della-capitale-il-fascino-del-nord-e-il-mare-delle-andamane.html\" target=\"_blank\" rel=\"noopener\"><button class=\"price\"> 1710<\/button><\/a>\n\t\t\t\t\t\t\t<\/div>\n\t\t\t\t\t\t\t\t\t\t\t<\/div>\n\t\t\t\t<\/div>\n\t\t\t<\/li>\n\t\t\t\t\t\t<li  style=\"padding: 23px 0 38px\" class=\"rss_item feedzy-rss-col-3\" >\n\t\t\t\t\t\t\t\t\t<div class=\"rss_image\" style=\"width:225px; height:225px;\">\n\t\t\t\t\t\t<a href=\"https:\/\/thailandia.evolutiontravel.it\/it_IT\/896\/tab\/23625_il-meglio-del-golfo-del-siam.html\" target=\"_blank\" \n\t\t\t\t\t\t\trel=\"noopener \"\n\t\t\t\t\t\t\ttitle=\"Il Meglio del Golfo del Siam\"\n\t\t\t\t\t\t\tstyle=\"width:225px; height:225px;\">\n\t\t\t\t\t\t\t<span class=\"fetched\" style=\"background-image:  url('http:\/\/etcdn.net\/thumbnails\/23625\/it-bangkok-koh-samui-koh-tao-il-meglio-del-golfo-del-siam-4bf52.jpg');\" title=\"Il Meglio del Golfo del Siam\"><\/span><amp-img width=\"225\" height=\"225\" src=\"http:\/\/etcdn.net\/thumbnails\/23625\/it-bangkok-koh-samui-koh-tao-il-meglio-del-golfo-del-siam-4bf52.jpg\">\t\t\t\t\t\t<\/a>\n\t\t\t\t\t<\/div>\n\t\t\t\t\t\t\t\t<div class=\"rss_content_wrap\">\n\t\t\t\t\t<span class=\"title\">\n\t\t\t\t\t\t<a href=\"https:\/\/thailandia.evolutiontravel.it\/it_IT\/896\/tab\/23625_il-meglio-del-golfo-del-siam.html\" target=\"_blank\"  rel=\"noopener \">\n\t\t\t\t\t\t\tIl Meglio del Golfo del Siam\t\t\t\t\t\t<\/a>\n\t\t\t\t\t<\/span>\n\t\t\t\t\t<div class=\"rss_content\"\n\t\t\t\t\t\t\tstyle=\"\">\n\t\t\t\t\t\t\n\t\t\t\t\t\t\t\t\t\t\t\t<p class=\"description\">Un bellissimo viaggio tra la cultura e la tradizione di Bangkok, l'incantevole natura di Koh Samui e i magnifici fondali di Koh [&hellip;]<\/p>\n\t\t\t\t\t\t\n\t\t\t\t\t\t\t\t\t\t\t\t\t\t\t\t\t\t\t<div class=\"price-wrap\">\n\t\t\t\t\t\t\t\t<a href=\"https:\/\/thailandia.evolutiontravel.it\/it_IT\/896\/tab\/23625_il-meglio-del-golfo-del-siam.html\" target=\"_blank\" rel=\"noopener\"><button class=\"price\"> 1710<\/button><\/a>\n\t\t\t\t\t\t\t<\/div>\n\t\t\t\t\t\t\t\t\t\t\t<\/div>\n\t\t\t\t<\/div>\n\t\t\t<\/li>\n\t\t\t\t\t\t<li  style=\"padding: 23px 0 38px\" class=\"rss_item feedzy-rss-col-3\" >\n\t\t\t\t\t\t\t\t\t<div class=\"rss_image\" style=\"width:225px; height:225px;\">\n\t\t\t\t\t\t<a href=\"https:\/\/thailandia.evolutiontravel.it\/it_IT\/896\/tab\/23143_i-templi-e-il-meglio-del-mar-delle-andamane.html\" target=\"_blank\" \n\t\t\t\t\t\t\trel=\"noopener \"\n\t\t\t\t\t\t\ttitle=\"I templi e il meglio del mar delle Andamane\"\n\t\t\t\t\t\t\tstyle=\"width:225px; height:225px;\">\n\t\t\t\t\t\t\t<span class=\"fetched\" style=\"background-image:  url('http:\/\/etcdn.net\/thumbnails\/23143\/it-bangkok-phuket-phi-phi-island-i-templi-e-il-meglio-del-mar-delle-andamane-4dfa5.jpg');\" title=\"I templi e il meglio del mar delle Andamane\"><\/span><amp-img width=\"225\" height=\"225\" src=\"http:\/\/etcdn.net\/thumbnails\/23143\/it-bangkok-phuket-phi-phi-island-i-templi-e-il-meglio-del-mar-delle-andamane-4dfa5.jpg\">\t\t\t\t\t\t<\/a>\n\t\t\t\t\t<\/div>\n\t\t\t\t\t\t\t\t<div class=\"rss_content_wrap\">\n\t\t\t\t\t<span class=\"title\">\n\t\t\t\t\t\t<a href=\"https:\/\/thailandia.evolutiontravel.it\/it_IT\/896\/tab\/23143_i-templi-e-il-meglio-del-mar-delle-andamane.html\" target=\"_blank\"  rel=\"noopener \">\n\t\t\t\t\t\t\tI templi e il meglio del mar delle Andamane\t\t\t\t\t\t<\/a>\n\t\t\t\t\t<\/span>\n\t\t\t\t\t<div class=\"rss_content\"\n\t\t\t\t\t\t\tstyle=\"\">\n\t\t\t\t\t\t\n\t\t\t\t\t\t\t\t\t\t\t\t<p class=\"description\">Immagina un arcipelago tropicale formato da migliaia di isolette. Ora immagina di essere su una di queste un verde gioiello [&hellip;]<\/p>\n\t\t\t\t\t\t\n\t\t\t\t\t\t\t\t\t\t\t\t\t\t\t\t\t\t\t<div class=\"price-wrap\">\n\t\t\t\t\t\t\t\t<a href=\"https:\/\/thailandia.evolutiontravel.it\/it_IT\/896\/tab\/23143_i-templi-e-il-meglio-del-mar-delle-andamane.html\" target=\"_blank\" rel=\"noopener\"><button class=\"price\"> 1690<\/button><\/a>\n\t\t\t\t\t\t\t<\/div>\n\t\t\t\t\t\t\t\t\t\t\t<\/div>\n\t\t\t\t<\/div>\n\t\t\t<\/li>\n\t\t\t\t\t\t<li  style=\"padding: 23px 0 38px\" class=\"rss_item feedzy-rss-col-3\" >\n\t\t\t\t\t\t\t\t\t<div class=\"rss_image\" style=\"width:225px; height:225px;\">\n\t\t\t\t\t\t<a href=\"https:\/\/thailandia.evolutiontravel.it\/it_IT\/896\/tab\/23142_il-meglio-della-costa-est.html\" target=\"_blank\" \n\t\t\t\t\t\t\trel=\"noopener \"\n\t\t\t\t\t\t\ttitle=\"Il Meglio della Costa Est\"\n\t\t\t\t\t\t\tstyle=\"width:225px; height:225px;\">\n\t\t\t\t\t\t\t<span class=\"fetched\" style=\"background-image:  url('http:\/\/etcdn.net\/thumbnails\/23142\/it-bangkok-koh-samui-koh-phangan-il-meglio-della-costa-est-4bf48.jpg');\" title=\"Il Meglio della Costa Est\"><\/span><amp-img width=\"225\" height=\"225\" src=\"http:\/\/etcdn.net\/thumbnails\/23142\/it-bangkok-koh-samui-koh-phangan-il-meglio-della-costa-est-4bf48.jpg\">\t\t\t\t\t\t<\/a>\n\t\t\t\t\t<\/div>\n\t\t\t\t\t\t\t\t<div class=\"rss_content_wrap\">\n\t\t\t\t\t<span class=\"title\">\n\t\t\t\t\t\t<a href=\"https:\/\/thailandia.evolutiontravel.it\/it_IT\/896\/tab\/23142_il-meglio-della-costa-est.html\" target=\"_blank\"  rel=\"noopener \">\n\t\t\t\t\t\t\tIl Meglio della Costa Est\t\t\t\t\t\t<\/a>\n\t\t\t\t\t<\/span>\n\t\t\t\t\t<div class=\"rss_content\"\n\t\t\t\t\t\t\tstyle=\"\">\n\t\t\t\t\t\t\n\t\t\t\t\t\t\t\t\t\t\t\t<p class=\"description\">La storia e la cultura di Bangkok, la natura incredibile di Koh Samui, le spiaggie bianchissime di Koh Phangan, con i suoi [&hellip;]<\/p>\n\t\t\t\t\t\t\n\t\t\t\t\t\t\t\t\t\t\t\t\t\t\t\t\t\t\t<div class=\"price-wrap\">\n\t\t\t\t\t\t\t\t<a href=\"https:\/\/thailandia.evolutiontravel.it\/it_IT\/896\/tab\/23142_il-meglio-della-costa-est.html\" target=\"_blank\" rel=\"noopener\"><button class=\"price\"> 1890<\/button><\/a>\n\t\t\t\t\t\t\t<\/div>\n\t\t\t\t\t\t\t\t\t\t\t<\/div>\n\t\t\t\t<\/div>\n\t\t\t<\/li>\n\t\t\t\t\t\t<li  style=\"padding: 23px 0 38px\" class=\"rss_item feedzy-rss-col-3\" >\n\t\t\t\t\t\t\t\t\t<div class=\"rss_image\" style=\"width:225px; height:225px;\">\n\t\t\t\t\t\t<a href=\"https:\/\/thailandia.evolutiontravel.it\/it_IT\/896\/tab\/6357_perle-di-thailandia.html\" target=\"_blank\" \n\t\t\t\t\t\t\trel=\"noopener \"\n\t\t\t\t\t\t\ttitle=\"Perle di Thailandia\"\n\t\t\t\t\t\t\tstyle=\"width:225px; height:225px;\">\n\t\t\t\t\t\t\t<span class=\"fetched\" style=\"background-image:  url('http:\/\/etcdn.net\/thumbnails\/6357\/it-bangkok-tour-del-nord-tour-classico-4bf5c.jpg');\" title=\"Perle di Thailandia\"><\/span><amp-img width=\"225\" height=\"225\" src=\"http:\/\/etcdn.net\/thumbnails\/6357\/it-bangkok-tour-del-nord-tour-classico-4bf5c.jpg\">\t\t\t\t\t\t<\/a>\n\t\t\t\t\t<\/div>\n\t\t\t\t\t\t\t\t<div class=\"rss_content_wrap\">\n\t\t\t\t\t<span class=\"title\">\n\t\t\t\t\t\t<a href=\"https:\/\/thailandia.evolutiontravel.it\/it_IT\/896\/tab\/6357_perle-di-thailandia.html\" target=\"_blank\"  rel=\"noopener \">\n\t\t\t\t\t\t\tPerle di Thailandia\t\t\t\t\t\t<\/a>\n\t\t\t\t\t<\/span>\n\t\t\t\t\t<div class=\"rss_content\"\n\t\t\t\t\t\t\tstyle=\"\">\n\t\t\t\t\t\t\n\t\t\t\t\t\t\t\t\t\t\t\t<p class=\"description\">Viaggiare verso le aree settentrionali della Thailandia scoprire un mondo completamente diverso da quello della Capitale.<\/p>\n\t\t\t\t\t\t\n\t\t\t\t\t\t\t\t\t\t\t\t\t\t\t\t\t\t\t<div class=\"price-wrap\">\n\t\t\t\t\t\t\t\t<a href=\"https:\/\/thailandia.evolutiontravel.it\/it_IT\/896\/tab\/6357_perle-di-thailandia.html\" target=\"_blank\" rel=\"noopener\"><button class=\"price\"> 907<\/button><\/a>\n\t\t\t\t\t\t\t<\/div>\n\t\t\t\t\t\t\t\t\t\t\t<\/div>\n\t\t\t\t<\/div>\n\t\t\t<\/li>\n\t\t\t\t<\/ul>\n<\/div>\n<style type=\"text\/css\" media=\"all\">.feedzy-rss .rss_item .rss_image{float:left;position:relative;border:none;text-decoration:none;max-width:100%}.feedzy-rss .rss_item .rss_image span{display:inline-block;position:absolute;width:100%;height:100%;background-position:50%;background-size:cover}.feedzy-rss .rss_item .rss_image{margin:.3em 1em 0 0;content-visibility:auto}.feedzy-rss ul{list-style:none}.feedzy-rss ul li{display:inline-block}<\/style>\n","protected":false},"excerpt":{"rendered":"<p>E&#8217; utile guardare la mappa della Thailandia per rendersi conto di quanto sia grande la &#8220;Terra del Sorriso&#8220;. In tal modo potrai pianificare meglio il viaggio e scegliere la zona del paese da visitare. Quindi se vuoi esplorare la Thailandia dovrai considerare i molti chilometri di distanza tra un un luogo e l&#8217;altro. Un buon <a class=\"moretag\" href=\"https:\/\/thailandia.evolutiontravel.it\/infovacanze\/informazioni\/mappa\/\">[&#8230;]<\/a><\/p>\n","protected":false},"author":6,"featured_media":0,"parent":30,"menu_order":0,"comment_status":"closed","ping_status":"closed","template":"templates\/template-with-right-sidebar.php","meta":{"footnotes":""},"yoast_head":"<!-- This site is optimized with the Yoast SEO plugin v21.9.1 - https:\/\/yoast.com\/wordpress\/plugins\/seo\/ -->\n<title>Mappa della Thailandia per scoprire isole, citt\u00e0 e attrazioni<\/title>\n<meta name=\"description\" content=\"Mappa della Thailandia e suggerimenti utili per scoprire le isole con un tour virtuale: leggi il nostro articolo, parti con le nostre offerte speciali!\" \/>\n<meta name=\"robots\" content=\"index, follow, max-snippet:-1, max-image-preview:large, max-video-preview:-1\" \/>\n<link rel=\"canonical\" href=\"https:\/\/thailandia.evolutiontravel.it\/infovacanze\/informazioni\/mappa\/\" \/>\n<meta name=\"twitter:label1\" content=\"Tempo di lettura stimato\" \/>\n\t<meta name=\"twitter:data1\" content=\"2 minuti\" \/>\n<script type=\"application\/ld+json\" class=\"yoast-schema-graph\">{\"@context\":\"https:\/\/schema.org\",\"@graph\":[{\"@type\":\"WebPage\",\"@id\":\"https:\/\/thailandia.evolutiontravel.it\/infovacanze\/informazioni\/mappa\/\",\"url\":\"https:\/\/thailandia.evolutiontravel.it\/infovacanze\/informazioni\/mappa\/\",\"name\":\"Mappa della Thailandia per scoprire isole, citt\u00e0 e attrazioni\",\"isPartOf\":{\"@id\":\"https:\/\/thailandia.evolutiontravel.it\/infovacanze\/#website\"},\"datePublished\":\"2017-09-04T07:38:58+00:00\",\"dateModified\":\"2019-06-10T10:19:26+00:00\",\"description\":\"Mappa della Thailandia e suggerimenti utili per scoprire le isole con un tour virtuale: leggi il nostro articolo, parti con le nostre offerte speciali!\",\"breadcrumb\":{\"@id\":\"https:\/\/thailandia.evolutiontravel.it\/infovacanze\/informazioni\/mappa\/#breadcrumb\"},\"inLanguage\":\"it-IT\",\"potentialAction\":[{\"@type\":\"ReadAction\",\"target\":[\"https:\/\/thailandia.evolutiontravel.it\/infovacanze\/informazioni\/mappa\/\"]}]},{\"@type\":\"BreadcrumbList\",\"@id\":\"https:\/\/thailandia.evolutiontravel.it\/infovacanze\/informazioni\/mappa\/#breadcrumb\",\"itemListElement\":[{\"@type\":\"ListItem\",\"position\":1,\"name\":\"Informazioni sulla Thailandia\",\"item\":\"https:\/\/thailandia.evolutiontravel.it\/infovacanze\/informazioni\/\"},{\"@type\":\"ListItem\",\"position\":2,\"name\":\"Mappa della Thailandia\"}]},{\"@type\":\"WebSite\",\"@id\":\"https:\/\/thailandia.evolutiontravel.it\/infovacanze\/#website\",\"url\":\"https:\/\/thailandia.evolutiontravel.it\/infovacanze\/\",\"name\":\"Thailandia\",\"description\":\"\",\"potentialAction\":[{\"@type\":\"SearchAction\",\"target\":{\"@type\":\"EntryPoint\",\"urlTemplate\":\"https:\/\/thailandia.evolutiontravel.it\/infovacanze\/?s={search_term_string}\"},\"query-input\":\"required name=search_term_string\"}],\"inLanguage\":\"it-IT\"}]}<\/script>\n<!-- \/ Yoast SEO plugin. -->","yoast_head_json":{"title":"Mappa della Thailandia per scoprire isole, citt\u00e0 e attrazioni","description":"Mappa della Thailandia e suggerimenti utili per scoprire le isole con un tour virtuale: leggi il nostro articolo, parti con le nostre offerte speciali!","robots":{"index":"index","follow":"follow","max-snippet":"max-snippet:-1","max-image-preview":"max-image-preview:large","max-video-preview":"max-video-preview:-1"},"canonical":"https:\/\/thailandia.evolutiontravel.it\/infovacanze\/informazioni\/mappa\/","twitter_misc":{"Tempo di lettura stimato":"2 minuti"},"schema":{"@context":"https:\/\/schema.org","@graph":[{"@type":"WebPage","@id":"https:\/\/thailandia.evolutiontravel.it\/infovacanze\/informazioni\/mappa\/","url":"https:\/\/thailandia.evolutiontravel.it\/infovacanze\/informazioni\/mappa\/","name":"Mappa della Thailandia per scoprire isole, citt\u00e0 e attrazioni","isPartOf":{"@id":"https:\/\/thailandia.evolutiontravel.it\/infovacanze\/#website"},"datePublished":"2017-09-04T07:38:58+00:00","dateModified":"2019-06-10T10:19:26+00:00","description":"Mappa della Thailandia e suggerimenti utili per scoprire le isole con un tour virtuale: leggi il nostro articolo, parti con le nostre offerte speciali!","breadcrumb":{"@id":"https:\/\/thailandia.evolutiontravel.it\/infovacanze\/informazioni\/mappa\/#breadcrumb"},"inLanguage":"it-IT","potentialAction":[{"@type":"ReadAction","target":["https:\/\/thailandia.evolutiontravel.it\/infovacanze\/informazioni\/mappa\/"]}]},{"@type":"BreadcrumbList","@id":"https:\/\/thailandia.evolutiontravel.it\/infovacanze\/informazioni\/mappa\/#breadcrumb","itemListElement":[{"@type":"ListItem","position":1,"name":"Informazioni sulla Thailandia","item":"https:\/\/thailandia.evolutiontravel.it\/infovacanze\/informazioni\/"},{"@type":"ListItem","position":2,"name":"Mappa della Thailandia"}]},{"@type":"WebSite","@id":"https:\/\/thailandia.evolutiontravel.it\/infovacanze\/#website","url":"https:\/\/thailandia.evolutiontravel.it\/infovacanze\/","name":"Thailandia","description":"","potentialAction":[{"@type":"SearchAction","target":{"@type":"EntryPoint","urlTemplate":"https:\/\/thailandia.evolutiontravel.it\/infovacanze\/?s={search_term_string}"},"query-input":"required name=search_term_string"}],"inLanguage":"it-IT"}]}},"_links":{"self":[{"href":"https:\/\/thailandia.evolutiontravel.it\/infovacanze\/wp-json\/wp\/v2\/pages\/1731"}],"collection":[{"href":"https:\/\/thailandia.evolutiontravel.it\/infovacanze\/wp-json\/wp\/v2\/pages"}],"about":[{"href":"https:\/\/thailandia.evolutiontravel.it\/infovacanze\/wp-json\/wp\/v2\/types\/page"}],"author":[{"embeddable":true,"href":"https:\/\/thailandia.evolutiontravel.it\/infovacanze\/wp-json\/wp\/v2\/users\/6"}],"replies":[{"embeddable":true,"href":"https:\/\/thailandia.evolutiontravel.it\/infovacanze\/wp-json\/wp\/v2\/comments?post=1731"}],"version-history":[{"count":8,"href":"https:\/\/thailandia.evolutiontravel.it\/infovacanze\/wp-json\/wp\/v2\/pages\/1731\/revisions"}],"predecessor-version":[{"id":2170,"href":"https:\/\/thailandia.evolutiontravel.it\/infovacanze\/wp-json\/wp\/v2\/pages\/1731\/revisions\/2170"}],"up":[{"embeddable":true,"href":"https:\/\/thailandia.evolutiontravel.it\/infovacanze\/wp-json\/wp\/v2\/pages\/30"}],"wp:attachment":[{"href":"https:\/\/thailandia.evolutiontravel.it\/infovacanze\/wp-json\/wp\/v2\/media?parent=1731"}],"curies":[{"name":"wp","href":"https:\/\/api.w.org\/{rel}","templated":true}]}}