{"id":1225,"date":"2013-10-23T17:46:51","date_gmt":"2013-10-23T15:46:51","guid":{"rendered":"http:\/\/thailandia.evolutiontravel.it\/infovacanze\/?page_id=1225"},"modified":"2018-07-13T15:13:43","modified_gmt":"2018-07-13T13:13:43","slug":"roma-bangkok-voli-diretti","status":"publish","type":"page","link":"https:\/\/thailandia.evolutiontravel.it\/infovacanze\/voli\/roma-bangkok-voli-diretti\/","title":{"rendered":"Roma Bangkok: ci sono voli diretti?"},"content":{"rendered":"<p>S\u00ec, ci sono <strong>voli diretti da Roma a Bangkok <\/strong>e la durata del volo \u00e8 di <strong>circa 10 ore<\/strong> mentre per il viaggio di ritorno sarete a bordo per circa 11 ore. Una delle compagnie alle quale potete rivolgervi \u00e8 la compagnia di bandiera thailandese, la <a href=\"https:\/\/www.thaiairways.com\/it_IT\/index.page\" target=\"_blank\" rel=\"noopener\"><b>Thai Airways<\/b><\/a>. Tra le migliori in tutta l\u2019Asia, questa compagnia effettua 8 voli settimanali dall\u2019Italia, 4 dalla capitale e 4 da Milano Malpensa.<\/p>\n<p>Partendo da Roma atterrerete al <b>Bangkok Suvarnabhumi Airport<\/b>, un aeroporto molto moderno a soli 20 minuti dal centro della citt\u00e0.<\/p>\n<p>Anche l\u2019<b>Alitalia<\/b> effettua voli diretti da Roma a Bangkok. Controllate periodicamente la sezione <b>offerte<\/b>: qui potreste trovare un biglietto aereo per la Thailandia a prezzi vantaggiosi e generalmente ai Giovani under 26 sono inoltre riservate altre offerte a tariffe agevolate.<\/p>\n<p>Poi c&#8217;\u00e8 <b>Skyscanner<\/b> <strong>compara tutti i prezzi<\/strong> dei voli attualmente sul mercato e vi propone l\u2019<b>offerta migliore<\/b>, reindirizzandovi anche direttamente al sito della compagnia aerea interessata o a quello dell\u2019agenzia di viaggi.<\/p>\n<p>Per quanto riguarda i prezzi, in generale i voli diretti costano di pi\u00f9 di quelli con scalo, per la Thailanda sui 800 \u2013 1000 \u20ac e i prezzi aumentano <strong>in alta stagione da novembre a met\u00e0 febbraio<\/strong>. I voli hanno il costo pi\u00f9 alto in occasione delle feste natalizie, a Capodanno e nei mesi di luglio ed agosto, durante il periodo che coincide con le nostre ferie estive.<\/p>\n<p>Noi vi suggeriamo <strong>la soluzione pi\u00f9 semplice<\/strong>: affidatevi a un<strong> consulente di viaggio esperto in questa destinazione<\/strong>!<\/p>\n<p style=\"text-align: center\"><span style=\"color: #008000\"><strong>THAILANDIA: VOLO + SOGGIORNO<\/strong> <\/span><\/p>\n<p style=\"text-align: center\"><strong><span style=\"color: #008000\">OFFERTE IMPERDIBILI DELLA SETTIMANA<\/span><\/strong><\/p>\n<div class=\"feedzy-3b4c574963ecc685a6b9f8269d8ddeca feedzy-rss\">\n\t\t<ul class=\"feedzy-style2\">\n\t\t\t\t\t<li  style=\"padding: 23px 0 38px\" class=\"rss_item feedzy-rss-col-3\" >\n\t\t\t\t\t\t\t\t\t<div class=\"rss_image\" style=\"width:225px; height:225px;\">\n\t\t\t\t\t\t<a href=\"https:\/\/thailandia.evolutiontravel.it\/it_IT\/896\/tab\/23625_il-meglio-del-golfo-del-siam.html\" target=\"_blank\" \n\t\t\t\t\t\t\trel=\"noopener \"\n\t\t\t\t\t\t\ttitle=\"Il Meglio del Golfo del Siam\"\n\t\t\t\t\t\t\tstyle=\"width:225px; height:225px;\">\n\t\t\t\t\t\t\t<span class=\"fetched\" style=\"background-image:  url('http:\/\/etcdn.net\/thumbnails\/23625\/it-bangkok-koh-samui-koh-tao-il-meglio-del-golfo-del-siam-4bf52.jpg');\" title=\"Il Meglio del Golfo del Siam\"><\/span><amp-img width=\"225\" height=\"225\" src=\"http:\/\/etcdn.net\/thumbnails\/23625\/it-bangkok-koh-samui-koh-tao-il-meglio-del-golfo-del-siam-4bf52.jpg\">\t\t\t\t\t\t<\/a>\n\t\t\t\t\t<\/div>\n\t\t\t\t\t\t\t\t<div class=\"rss_content_wrap\">\n\t\t\t\t\t<span class=\"title\">\n\t\t\t\t\t\t<a href=\"https:\/\/thailandia.evolutiontravel.it\/it_IT\/896\/tab\/23625_il-meglio-del-golfo-del-siam.html\" target=\"_blank\"  rel=\"noopener \">\n\t\t\t\t\t\t\tIl Meglio del Golfo del Siam\t\t\t\t\t\t<\/a>\n\t\t\t\t\t<\/span>\n\t\t\t\t\t<div class=\"rss_content\"\n\t\t\t\t\t\t\tstyle=\"\">\n\t\t\t\t\t\t\n\t\t\t\t\t\t\t\t\t\t\t\t<p class=\"description\">Un bellissimo viaggio tra la cultura e la tradizione di Bangkok, l'incantevole natura di Koh Samui e i magnifici fondali di Koh [&hellip;]<\/p>\n\t\t\t\t\t\t\n\t\t\t\t\t\t\t\t\t\t\t\t\t\t\t\t\t\t\t<div class=\"price-wrap\">\n\t\t\t\t\t\t\t\t<a href=\"https:\/\/thailandia.evolutiontravel.it\/it_IT\/896\/tab\/23625_il-meglio-del-golfo-del-siam.html\" target=\"_blank\" rel=\"noopener\"><button class=\"price\"> 1710<\/button><\/a>\n\t\t\t\t\t\t\t<\/div>\n\t\t\t\t\t\t\t\t\t\t\t<\/div>\n\t\t\t\t<\/div>\n\t\t\t<\/li>\n\t\t\t\t\t\t<li  style=\"padding: 23px 0 38px\" class=\"rss_item feedzy-rss-col-3\" >\n\t\t\t\t\t\t\t\t\t<div class=\"rss_image\" style=\"width:225px; height:225px;\">\n\t\t\t\t\t\t<a href=\"https:\/\/thailandia.evolutiontravel.it\/it_IT\/896\/tab\/23143_i-templi-e-il-meglio-del-mar-delle-andamane.html\" target=\"_blank\" \n\t\t\t\t\t\t\trel=\"noopener \"\n\t\t\t\t\t\t\ttitle=\"I templi e il meglio del mar delle Andamane\"\n\t\t\t\t\t\t\tstyle=\"width:225px; height:225px;\">\n\t\t\t\t\t\t\t<span class=\"fetched\" style=\"background-image:  url('http:\/\/etcdn.net\/thumbnails\/23143\/it-bangkok-phuket-phi-phi-island-i-templi-e-il-meglio-del-mar-delle-andamane-4dfa5.jpg');\" title=\"I templi e il meglio del mar delle Andamane\"><\/span><amp-img width=\"225\" height=\"225\" src=\"http:\/\/etcdn.net\/thumbnails\/23143\/it-bangkok-phuket-phi-phi-island-i-templi-e-il-meglio-del-mar-delle-andamane-4dfa5.jpg\">\t\t\t\t\t\t<\/a>\n\t\t\t\t\t<\/div>\n\t\t\t\t\t\t\t\t<div class=\"rss_content_wrap\">\n\t\t\t\t\t<span class=\"title\">\n\t\t\t\t\t\t<a href=\"https:\/\/thailandia.evolutiontravel.it\/it_IT\/896\/tab\/23143_i-templi-e-il-meglio-del-mar-delle-andamane.html\" target=\"_blank\"  rel=\"noopener \">\n\t\t\t\t\t\t\tI templi e il meglio del mar delle Andamane\t\t\t\t\t\t<\/a>\n\t\t\t\t\t<\/span>\n\t\t\t\t\t<div class=\"rss_content\"\n\t\t\t\t\t\t\tstyle=\"\">\n\t\t\t\t\t\t\n\t\t\t\t\t\t\t\t\t\t\t\t<p class=\"description\">Immagina un arcipelago tropicale formato da migliaia di isolette. Ora immagina di essere su una di queste un verde gioiello [&hellip;]<\/p>\n\t\t\t\t\t\t\n\t\t\t\t\t\t\t\t\t\t\t\t\t\t\t\t\t\t\t<div class=\"price-wrap\">\n\t\t\t\t\t\t\t\t<a href=\"https:\/\/thailandia.evolutiontravel.it\/it_IT\/896\/tab\/23143_i-templi-e-il-meglio-del-mar-delle-andamane.html\" target=\"_blank\" rel=\"noopener\"><button class=\"price\"> 1690<\/button><\/a>\n\t\t\t\t\t\t\t<\/div>\n\t\t\t\t\t\t\t\t\t\t\t<\/div>\n\t\t\t\t<\/div>\n\t\t\t<\/li>\n\t\t\t\t\t\t<li  style=\"padding: 23px 0 38px\" class=\"rss_item feedzy-rss-col-3\" >\n\t\t\t\t\t\t\t\t\t<div class=\"rss_image\" style=\"width:225px; height:225px;\">\n\t\t\t\t\t\t<a href=\"https:\/\/thailandia.evolutiontravel.it\/it_IT\/896\/tab\/23142_il-meglio-della-costa-est.html\" target=\"_blank\" \n\t\t\t\t\t\t\trel=\"noopener \"\n\t\t\t\t\t\t\ttitle=\"Il Meglio della Costa Est\"\n\t\t\t\t\t\t\tstyle=\"width:225px; height:225px;\">\n\t\t\t\t\t\t\t<span class=\"fetched\" style=\"background-image:  url('http:\/\/etcdn.net\/thumbnails\/23142\/it-bangkok-koh-samui-koh-phangan-il-meglio-della-costa-est-4bf48.jpg');\" title=\"Il Meglio della Costa Est\"><\/span><amp-img width=\"225\" height=\"225\" src=\"http:\/\/etcdn.net\/thumbnails\/23142\/it-bangkok-koh-samui-koh-phangan-il-meglio-della-costa-est-4bf48.jpg\">\t\t\t\t\t\t<\/a>\n\t\t\t\t\t<\/div>\n\t\t\t\t\t\t\t\t<div class=\"rss_content_wrap\">\n\t\t\t\t\t<span class=\"title\">\n\t\t\t\t\t\t<a href=\"https:\/\/thailandia.evolutiontravel.it\/it_IT\/896\/tab\/23142_il-meglio-della-costa-est.html\" target=\"_blank\"  rel=\"noopener \">\n\t\t\t\t\t\t\tIl Meglio della Costa Est\t\t\t\t\t\t<\/a>\n\t\t\t\t\t<\/span>\n\t\t\t\t\t<div class=\"rss_content\"\n\t\t\t\t\t\t\tstyle=\"\">\n\t\t\t\t\t\t\n\t\t\t\t\t\t\t\t\t\t\t\t<p class=\"description\">La storia e la cultura di Bangkok, la natura incredibile di Koh Samui, le spiaggie bianchissime di Koh Phangan, con i suoi [&hellip;]<\/p>\n\t\t\t\t\t\t\n\t\t\t\t\t\t\t\t\t\t\t\t\t\t\t\t\t\t\t<div class=\"price-wrap\">\n\t\t\t\t\t\t\t\t<a href=\"https:\/\/thailandia.evolutiontravel.it\/it_IT\/896\/tab\/23142_il-meglio-della-costa-est.html\" target=\"_blank\" rel=\"noopener\"><button class=\"price\"> 1890<\/button><\/a>\n\t\t\t\t\t\t\t<\/div>\n\t\t\t\t\t\t\t\t\t\t\t<\/div>\n\t\t\t\t<\/div>\n\t\t\t<\/li>\n\t\t\t\t\t\t<li  style=\"padding: 23px 0 38px\" class=\"rss_item feedzy-rss-col-3\" >\n\t\t\t\t\t\t\t\t\t<div class=\"rss_image\" style=\"width:225px; height:225px;\">\n\t\t\t\t\t\t<a href=\"https:\/\/thailandia.evolutiontravel.it\/it_IT\/896\/tab\/3728_i-templi-e-larcipelago-piu-bello.html\" target=\"_blank\" \n\t\t\t\t\t\t\trel=\"noopener \"\n\t\t\t\t\t\t\ttitle=\"I templi e l&#039;arcipelago pi\u00f9 bello\"\n\t\t\t\t\t\t\tstyle=\"width:225px; height:225px;\">\n\t\t\t\t\t\t\t<span class=\"fetched\" style=\"background-image:  url('http:\/\/etcdn.net\/thumbnails\/3728\/it-bangkok-krabi-i-templi-e-larcipelago-piu-bello-4df70.jpg');\" title=\"I templi e l&#039;arcipelago pi\u00f9 bello\"><\/span><amp-img width=\"225\" height=\"225\" src=\"http:\/\/etcdn.net\/thumbnails\/3728\/it-bangkok-krabi-i-templi-e-larcipelago-piu-bello-4df70.jpg\">\t\t\t\t\t\t<\/a>\n\t\t\t\t\t<\/div>\n\t\t\t\t\t\t\t\t<div class=\"rss_content_wrap\">\n\t\t\t\t\t<span class=\"title\">\n\t\t\t\t\t\t<a href=\"https:\/\/thailandia.evolutiontravel.it\/it_IT\/896\/tab\/3728_i-templi-e-larcipelago-piu-bello.html\" target=\"_blank\"  rel=\"noopener \">\n\t\t\t\t\t\t\tI templi e l'arcipelago pi\u00f9 bello\t\t\t\t\t\t<\/a>\n\t\t\t\t\t<\/span>\n\t\t\t\t\t<div class=\"rss_content\"\n\t\t\t\t\t\t\tstyle=\"\">\n\t\t\t\t\t\t\n\t\t\t\t\t\t\t\t\t\t\t\t<p class=\"description\">Il pi\u00f9 bel arcipelago della Thailandia, incastonato in acque cristalline, rocce e rigogliose foreste.\u00a0<\/p>\n\t\t\t\t\t\t\n\t\t\t\t\t\t\t\t\t\t\t\t\t\t\t\t\t\t\t<div class=\"price-wrap\">\n\t\t\t\t\t\t\t\t<a href=\"https:\/\/thailandia.evolutiontravel.it\/it_IT\/896\/tab\/3728_i-templi-e-larcipelago-piu-bello.html\" target=\"_blank\" rel=\"noopener\"><button class=\"price\"> 1690<\/button><\/a>\n\t\t\t\t\t\t\t<\/div>\n\t\t\t\t\t\t\t\t\t\t\t<\/div>\n\t\t\t\t<\/div>\n\t\t\t<\/li>\n\t\t\t\t\t\t<li  style=\"padding: 23px 0 38px\" class=\"rss_item feedzy-rss-col-3\" >\n\t\t\t\t\t\t\t\t\t<div class=\"rss_image\" style=\"width:225px; height:225px;\">\n\t\t\t\t\t\t<a href=\"https:\/\/thailandia.evolutiontravel.it\/it_IT\/896\/tab\/32764_i-templi-e-le-meraviglie-del-mar-delle-andamane.html\" target=\"_blank\" \n\t\t\t\t\t\t\trel=\"noopener \"\n\t\t\t\t\t\t\ttitle=\"I templi e le meraviglie del mar delle Andamane\"\n\t\t\t\t\t\t\tstyle=\"width:225px; height:225px;\">\n\t\t\t\t\t\t\t<span class=\"fetched\" style=\"background-image:  url('http:\/\/etcdn.net\/thumbnails\/32764\/it-bangkok-krabi-phi-phi-island-i-templi-e-le-meraviglie-del-mar-delle-andamane-4df34.jpg');\" title=\"I templi e le meraviglie del mar delle Andamane\"><\/span><amp-img width=\"225\" height=\"225\" src=\"http:\/\/etcdn.net\/thumbnails\/32764\/it-bangkok-krabi-phi-phi-island-i-templi-e-le-meraviglie-del-mar-delle-andamane-4df34.jpg\">\t\t\t\t\t\t<\/a>\n\t\t\t\t\t<\/div>\n\t\t\t\t\t\t\t\t<div class=\"rss_content_wrap\">\n\t\t\t\t\t<span class=\"title\">\n\t\t\t\t\t\t<a href=\"https:\/\/thailandia.evolutiontravel.it\/it_IT\/896\/tab\/32764_i-templi-e-le-meraviglie-del-mar-delle-andamane.html\" target=\"_blank\"  rel=\"noopener \">\n\t\t\t\t\t\t\tI templi e le meraviglie del mar delle Andamane\t\t\t\t\t\t<\/a>\n\t\t\t\t\t<\/span>\n\t\t\t\t\t<div class=\"rss_content\"\n\t\t\t\t\t\t\tstyle=\"\">\n\t\t\t\t\t\t\n\t\t\t\t\t\t\t\t\t\t\t\t<p class=\"description\">Terra di misterioso fascino e con un ricco patrimonio culturale e multietnico, la Thailandia rappresenta ancora oggi una terra [&hellip;]<\/p>\n\t\t\t\t\t\t\n\t\t\t\t\t\t\t\t\t\t\t\t\t\t\t\t\t\t\t<div class=\"price-wrap\">\n\t\t\t\t\t\t\t\t<a href=\"https:\/\/thailandia.evolutiontravel.it\/it_IT\/896\/tab\/32764_i-templi-e-le-meraviglie-del-mar-delle-andamane.html\" target=\"_blank\" rel=\"noopener\"><button class=\"price\"> 1690<\/button><\/a>\n\t\t\t\t\t\t\t<\/div>\n\t\t\t\t\t\t\t\t\t\t\t<\/div>\n\t\t\t\t<\/div>\n\t\t\t<\/li>\n\t\t\t\t\t\t<li  style=\"padding: 23px 0 38px\" class=\"rss_item feedzy-rss-col-3\" >\n\t\t\t\t\t\t\t\t\t<div class=\"rss_image\" style=\"width:225px; height:225px;\">\n\t\t\t\t\t\t<a href=\"https:\/\/thailandia.evolutiontravel.it\/it_IT\/896\/tab\/7868_i-templi-e-il-mare-del-golfo-del-siam.html\" target=\"_blank\" \n\t\t\t\t\t\t\trel=\"noopener \"\n\t\t\t\t\t\t\ttitle=\"I templi e il mare del golfo del Siam\"\n\t\t\t\t\t\t\tstyle=\"width:225px; height:225px;\">\n\t\t\t\t\t\t\t<span class=\"fetched\" style=\"background-image:  url('http:\/\/etcdn.net\/thumbnails\/7868\/it-bangkok-koh-samui-i-templi-e-il-mare-del-golfo-del-siam-4bf3d.jpg');\" title=\"I templi e il mare del golfo del Siam\"><\/span><amp-img width=\"225\" height=\"225\" src=\"http:\/\/etcdn.net\/thumbnails\/7868\/it-bangkok-koh-samui-i-templi-e-il-mare-del-golfo-del-siam-4bf3d.jpg\">\t\t\t\t\t\t<\/a>\n\t\t\t\t\t<\/div>\n\t\t\t\t\t\t\t\t<div class=\"rss_content_wrap\">\n\t\t\t\t\t<span class=\"title\">\n\t\t\t\t\t\t<a href=\"https:\/\/thailandia.evolutiontravel.it\/it_IT\/896\/tab\/7868_i-templi-e-il-mare-del-golfo-del-siam.html\" target=\"_blank\"  rel=\"noopener \">\n\t\t\t\t\t\t\tI templi e il mare del golfo del Siam\t\t\t\t\t\t<\/a>\n\t\t\t\t\t<\/span>\n\t\t\t\t\t<div class=\"rss_content\"\n\t\t\t\t\t\t\tstyle=\"\">\n\t\t\t\t\t\t\n\t\t\t\t\t\t\t\t\t\t\t\t<p class=\"description\">Definita \"l'isola delle palme\" per l'impareggiabile scenario cui si assiste arrivando in volo sull'isola, Koh Samui possiede [&hellip;]<\/p>\n\t\t\t\t\t\t\n\t\t\t\t\t\t\t\t\t\t\t\t\t\t\t\t\t\t\t<div class=\"price-wrap\">\n\t\t\t\t\t\t\t\t<a href=\"https:\/\/thailandia.evolutiontravel.it\/it_IT\/896\/tab\/7868_i-templi-e-il-mare-del-golfo-del-siam.html\" target=\"_blank\" rel=\"noopener\"><button class=\"price\"> 1710<\/button><\/a>\n\t\t\t\t\t\t\t<\/div>\n\t\t\t\t\t\t\t\t\t\t\t<\/div>\n\t\t\t\t<\/div>\n\t\t\t<\/li>\n\t\t\t\t\t\t<li  style=\"padding: 23px 0 38px\" class=\"rss_item feedzy-rss-col-3\" >\n\t\t\t\t\t\t\t\t\t<div class=\"rss_image\" style=\"width:225px; height:225px;\">\n\t\t\t\t\t\t<a href=\"https:\/\/thailandia.evolutiontravel.it\/it_IT\/896\/tab\/23141_il-fascino-della-capitale-e-lisola-che-hai-sempre-sognato.html\" target=\"_blank\" \n\t\t\t\t\t\t\trel=\"noopener \"\n\t\t\t\t\t\t\ttitle=\"Il fascino della capitale e l&#039;isola che hai sempre sognato\"\n\t\t\t\t\t\t\tstyle=\"width:225px; height:225px;\">\n\t\t\t\t\t\t\t<span class=\"fetched\" style=\"background-image:  url('http:\/\/etcdn.net\/thumbnails\/23141\/it-bangkok-phi-phi-island-il-fascino-della-capitale-e-lisola-che-hai-sempre-sognato-524ff.jpg');\" title=\"Il fascino della capitale e l&#039;isola che hai sempre sognato\"><\/span><amp-img width=\"225\" height=\"225\" src=\"http:\/\/etcdn.net\/thumbnails\/23141\/it-bangkok-phi-phi-island-il-fascino-della-capitale-e-lisola-che-hai-sempre-sognato-524ff.jpg\">\t\t\t\t\t\t<\/a>\n\t\t\t\t\t<\/div>\n\t\t\t\t\t\t\t\t<div class=\"rss_content_wrap\">\n\t\t\t\t\t<span class=\"title\">\n\t\t\t\t\t\t<a href=\"https:\/\/thailandia.evolutiontravel.it\/it_IT\/896\/tab\/23141_il-fascino-della-capitale-e-lisola-che-hai-sempre-sognato.html\" target=\"_blank\"  rel=\"noopener \">\n\t\t\t\t\t\t\tIl fascino della capitale e l'isola che hai sempre sognato\t\t\t\t\t\t<\/a>\n\t\t\t\t\t<\/span>\n\t\t\t\t\t<div class=\"rss_content\"\n\t\t\t\t\t\t\tstyle=\"\">\n\t\t\t\t\t\t\n\t\t\t\t\t\t\t\t\t\t\t\t<p class=\"description\">Abbina il fascino della capitale con la sua storia e la sua cultura tutta da scoprire al gioiello pi\u00f9 bello della Thailandia.<\/p>\n\t\t\t\t\t\t\n\t\t\t\t\t\t\t\t\t\t\t\t\t\t\t\t\t\t\t<div class=\"price-wrap\">\n\t\t\t\t\t\t\t\t<a href=\"https:\/\/thailandia.evolutiontravel.it\/it_IT\/896\/tab\/23141_il-fascino-della-capitale-e-lisola-che-hai-sempre-sognato.html\" target=\"_blank\" rel=\"noopener\"><button class=\"price\"> 1710<\/button><\/a>\n\t\t\t\t\t\t\t<\/div>\n\t\t\t\t\t\t\t\t\t\t\t<\/div>\n\t\t\t\t<\/div>\n\t\t\t<\/li>\n\t\t\t\t\t\t<li  style=\"padding: 23px 0 38px\" class=\"rss_item feedzy-rss-col-3\" >\n\t\t\t\t\t\t\t\t\t<div class=\"rss_image\" style=\"width:225px; height:225px;\">\n\t\t\t\t\t\t<a href=\"https:\/\/thailandia.evolutiontravel.it\/it_IT\/896\/tab\/23671_la-perla-del-sud.html\" target=\"_blank\" \n\t\t\t\t\t\t\trel=\"noopener \"\n\t\t\t\t\t\t\ttitle=\"La Perla del Sud\"\n\t\t\t\t\t\t\tstyle=\"width:225px; height:225px;\">\n\t\t\t\t\t\t\t<span class=\"fetched\" style=\"background-image:  url('http:\/\/etcdn.net\/thumbnails\/23671\/it-phuket-la-perla-del-sud-4bf31.jpg');\" title=\"La Perla del Sud\"><\/span><amp-img width=\"225\" height=\"225\" src=\"http:\/\/etcdn.net\/thumbnails\/23671\/it-phuket-la-perla-del-sud-4bf31.jpg\">\t\t\t\t\t\t<\/a>\n\t\t\t\t\t<\/div>\n\t\t\t\t\t\t\t\t<div class=\"rss_content_wrap\">\n\t\t\t\t\t<span class=\"title\">\n\t\t\t\t\t\t<a href=\"https:\/\/thailandia.evolutiontravel.it\/it_IT\/896\/tab\/23671_la-perla-del-sud.html\" target=\"_blank\"  rel=\"noopener \">\n\t\t\t\t\t\t\tLa Perla del Sud\t\t\t\t\t\t<\/a>\n\t\t\t\t\t<\/span>\n\t\t\t\t\t<div class=\"rss_content\"\n\t\t\t\t\t\t\tstyle=\"\">\n\t\t\t\t\t\t\n\t\t\t\t\t\t\t\t\t\t\t\t<p class=\"description\">Soprannominata la \"Perla del Sud\", Phuket \u00e8 la localit\u00e0 turistica pi\u00f9 rinomata della Thailandia ed offre nel contempo [&hellip;]<\/p>\n\t\t\t\t\t\t\n\t\t\t\t\t\t\t\t\t\t\t\t\t\t\t\t\t\t\t<div class=\"price-wrap\">\n\t\t\t\t\t\t\t\t<a href=\"https:\/\/thailandia.evolutiontravel.it\/it_IT\/896\/tab\/23671_la-perla-del-sud.html\" target=\"_blank\" rel=\"noopener\"><button class=\"price\"> 1410<\/button><\/a>\n\t\t\t\t\t\t\t<\/div>\n\t\t\t\t\t\t\t\t\t\t\t<\/div>\n\t\t\t\t<\/div>\n\t\t\t<\/li>\n\t\t\t\t\t\t<li  style=\"padding: 23px 0 38px\" class=\"rss_item feedzy-rss-col-3\" >\n\t\t\t\t\t\t\t\t\t<div class=\"rss_image\" style=\"width:225px; height:225px;\">\n\t\t\t\t\t\t<a href=\"https:\/\/thailandia.evolutiontravel.it\/it_IT\/896\/tab\/23677_lisola-delle-palme.html\" target=\"_blank\" \n\t\t\t\t\t\t\trel=\"noopener \"\n\t\t\t\t\t\t\ttitle=\"L&#039;isola delle Palme\"\n\t\t\t\t\t\t\tstyle=\"width:225px; height:225px;\">\n\t\t\t\t\t\t\t<span class=\"fetched\" style=\"background-image:  url('http:\/\/etcdn.net\/thumbnails\/23677\/it-koh-samui-lisola-delle-palme-4bf26.jpg');\" title=\"L&#039;isola delle Palme\"><\/span><amp-img width=\"225\" height=\"225\" src=\"http:\/\/etcdn.net\/thumbnails\/23677\/it-koh-samui-lisola-delle-palme-4bf26.jpg\">\t\t\t\t\t\t<\/a>\n\t\t\t\t\t<\/div>\n\t\t\t\t\t\t\t\t<div class=\"rss_content_wrap\">\n\t\t\t\t\t<span class=\"title\">\n\t\t\t\t\t\t<a href=\"https:\/\/thailandia.evolutiontravel.it\/it_IT\/896\/tab\/23677_lisola-delle-palme.html\" target=\"_blank\"  rel=\"noopener \">\n\t\t\t\t\t\t\tL'isola delle Palme\t\t\t\t\t\t<\/a>\n\t\t\t\t\t<\/span>\n\t\t\t\t\t<div class=\"rss_content\"\n\t\t\t\t\t\t\tstyle=\"\">\n\t\t\t\t\t\t\n\t\t\t\t\t\t\t\t\t\t\t\t<p class=\"description\">Benvenuto nell'isola delle palme tra spiagge incantevoli, una natura lussureggiante immersi in un parco marino naturale quello di [&hellip;]<\/p>\n\t\t\t\t\t\t\n\t\t\t\t\t\t\t\t\t\t\t\t\t\t\t\t\t\t\t<div class=\"price-wrap\">\n\t\t\t\t\t\t\t\t<a href=\"https:\/\/thailandia.evolutiontravel.it\/it_IT\/896\/tab\/23677_lisola-delle-palme.html\" target=\"_blank\" rel=\"noopener\"><button class=\"price\"> 1790<\/button><\/a>\n\t\t\t\t\t\t\t<\/div>\n\t\t\t\t\t\t\t\t\t\t\t<\/div>\n\t\t\t\t<\/div>\n\t\t\t<\/li>\n\t\t\t\t<\/ul>\n<\/div>\n<style type=\"text\/css\" media=\"all\">.feedzy-rss .rss_item .rss_image{float:left;position:relative;border:none;text-decoration:none;max-width:100%}.feedzy-rss .rss_item .rss_image span{display:inline-block;position:absolute;width:100%;height:100%;background-position:50%;background-size:cover}.feedzy-rss .rss_item .rss_image{margin:.3em 1em 0 0;content-visibility:auto}.feedzy-rss ul{list-style:none}.feedzy-rss ul li{display:inline-block}<\/style>\n<h3>Articoli per approfondire<\/h3>\n<p>Probabilmente se sei nella fase di ricerca informazioni sulla Thailandia potresti trovare utili anche altri articoli che la nostra redazione ha realizzato per farti amare questa destinazione ancora prima di arrivarci. Clicca sull&#8217;argomento di tuo interesse qui di seguito, ti sar\u00e0 utile per pianificare la tua vacanza:<\/p>\n<ul>\n<li><a href=\"https:\/\/thailandia.evolutiontravel.it\/infovacanze\/informazioni\/quando-andare-in-thailandia\/\">Quando andare in Thailandia<\/a><\/li>\n<li><a href=\"https:\/\/thailandia.evolutiontravel.it\/infovacanze\/da-vedere\/\">Cosa vedere in Thailandia<\/a><\/li>\n<li><a href=\"https:\/\/thailandia.evolutiontravel.it\/infovacanze\/informazioni\/viaggio-thailandia-costi\/\">Thailandia, quanto mi costi?<\/a><\/li>\n<\/ul>\n","protected":false},"excerpt":{"rendered":"<p>S\u00ec, ci sono voli diretti da Roma a Bangkok e la durata del volo \u00e8 di circa 10 ore mentre per il viaggio di ritorno sarete a bordo per circa 11 ore. Una delle compagnie alle quale potete rivolgervi \u00e8 la compagnia di bandiera thailandese, la Thai Airways. Tra le migliori in tutta l\u2019Asia, questa <a class=\"moretag\" href=\"https:\/\/thailandia.evolutiontravel.it\/infovacanze\/voli\/roma-bangkok-voli-diretti\/\">[&#8230;]<\/a><\/p>\n","protected":false},"author":1,"featured_media":0,"parent":42,"menu_order":0,"comment_status":"closed","ping_status":"open","template":"templates\/template-with-right-sidebar.php","meta":{"footnotes":""},"yoast_head":"<!-- This site is optimized with the Yoast SEO plugin v21.9.1 - https:\/\/yoast.com\/wordpress\/plugins\/seo\/ -->\n<title>Voli diretti Roma Bangkok - Consigli viaggio per la Thailandia<\/title>\n<meta name=\"description\" content=\"Qualche consiglio per scegliere i voli per la Thailandia: scopri anche le nostre imperdibili offerte del momento, non farti sfuggire queste occasioni!\" \/>\n<meta name=\"robots\" content=\"index, follow, max-snippet:-1, max-image-preview:large, max-video-preview:-1\" \/>\n<link rel=\"canonical\" href=\"https:\/\/thailandia.evolutiontravel.it\/infovacanze\/voli\/roma-bangkok-voli-diretti\/\" \/>\n<meta name=\"twitter:label1\" content=\"Tempo di lettura stimato\" \/>\n\t<meta name=\"twitter:data1\" content=\"2 minuti\" \/>\n<script type=\"application\/ld+json\" class=\"yoast-schema-graph\">{\"@context\":\"https:\/\/schema.org\",\"@graph\":[{\"@type\":\"WebPage\",\"@id\":\"https:\/\/thailandia.evolutiontravel.it\/infovacanze\/voli\/roma-bangkok-voli-diretti\/\",\"url\":\"https:\/\/thailandia.evolutiontravel.it\/infovacanze\/voli\/roma-bangkok-voli-diretti\/\",\"name\":\"Voli diretti Roma Bangkok - Consigli viaggio per la Thailandia\",\"isPartOf\":{\"@id\":\"https:\/\/thailandia.evolutiontravel.it\/infovacanze\/#website\"},\"datePublished\":\"2013-10-23T15:46:51+00:00\",\"dateModified\":\"2018-07-13T13:13:43+00:00\",\"description\":\"Qualche consiglio per scegliere i voli per la Thailandia: scopri anche le nostre imperdibili offerte del momento, non farti sfuggire queste occasioni!\",\"breadcrumb\":{\"@id\":\"https:\/\/thailandia.evolutiontravel.it\/infovacanze\/voli\/roma-bangkok-voli-diretti\/#breadcrumb\"},\"inLanguage\":\"it-IT\",\"potentialAction\":[{\"@type\":\"ReadAction\",\"target\":[\"https:\/\/thailandia.evolutiontravel.it\/infovacanze\/voli\/roma-bangkok-voli-diretti\/\"]}]},{\"@type\":\"BreadcrumbList\",\"@id\":\"https:\/\/thailandia.evolutiontravel.it\/infovacanze\/voli\/roma-bangkok-voli-diretti\/#breadcrumb\",\"itemListElement\":[{\"@type\":\"ListItem\",\"position\":1,\"name\":\"Voli per la Thailandia\",\"item\":\"https:\/\/thailandia.evolutiontravel.it\/infovacanze\/voli\/\"},{\"@type\":\"ListItem\",\"position\":2,\"name\":\"Roma Bangkok: ci sono voli diretti?\"}]},{\"@type\":\"WebSite\",\"@id\":\"https:\/\/thailandia.evolutiontravel.it\/infovacanze\/#website\",\"url\":\"https:\/\/thailandia.evolutiontravel.it\/infovacanze\/\",\"name\":\"Thailandia\",\"description\":\"\",\"potentialAction\":[{\"@type\":\"SearchAction\",\"target\":{\"@type\":\"EntryPoint\",\"urlTemplate\":\"https:\/\/thailandia.evolutiontravel.it\/infovacanze\/?s={search_term_string}\"},\"query-input\":\"required name=search_term_string\"}],\"inLanguage\":\"it-IT\"}]}<\/script>\n<!-- \/ Yoast SEO plugin. -->","yoast_head_json":{"title":"Voli diretti Roma Bangkok - Consigli viaggio per la Thailandia","description":"Qualche consiglio per scegliere i voli per la Thailandia: scopri anche le nostre imperdibili offerte del momento, non farti sfuggire queste occasioni!","robots":{"index":"index","follow":"follow","max-snippet":"max-snippet:-1","max-image-preview":"max-image-preview:large","max-video-preview":"max-video-preview:-1"},"canonical":"https:\/\/thailandia.evolutiontravel.it\/infovacanze\/voli\/roma-bangkok-voli-diretti\/","twitter_misc":{"Tempo di lettura stimato":"2 minuti"},"schema":{"@context":"https:\/\/schema.org","@graph":[{"@type":"WebPage","@id":"https:\/\/thailandia.evolutiontravel.it\/infovacanze\/voli\/roma-bangkok-voli-diretti\/","url":"https:\/\/thailandia.evolutiontravel.it\/infovacanze\/voli\/roma-bangkok-voli-diretti\/","name":"Voli diretti Roma Bangkok - Consigli viaggio per la Thailandia","isPartOf":{"@id":"https:\/\/thailandia.evolutiontravel.it\/infovacanze\/#website"},"datePublished":"2013-10-23T15:46:51+00:00","dateModified":"2018-07-13T13:13:43+00:00","description":"Qualche consiglio per scegliere i voli per la Thailandia: scopri anche le nostre imperdibili offerte del momento, non farti sfuggire queste occasioni!","breadcrumb":{"@id":"https:\/\/thailandia.evolutiontravel.it\/infovacanze\/voli\/roma-bangkok-voli-diretti\/#breadcrumb"},"inLanguage":"it-IT","potentialAction":[{"@type":"ReadAction","target":["https:\/\/thailandia.evolutiontravel.it\/infovacanze\/voli\/roma-bangkok-voli-diretti\/"]}]},{"@type":"BreadcrumbList","@id":"https:\/\/thailandia.evolutiontravel.it\/infovacanze\/voli\/roma-bangkok-voli-diretti\/#breadcrumb","itemListElement":[{"@type":"ListItem","position":1,"name":"Voli per la Thailandia","item":"https:\/\/thailandia.evolutiontravel.it\/infovacanze\/voli\/"},{"@type":"ListItem","position":2,"name":"Roma Bangkok: ci sono voli diretti?"}]},{"@type":"WebSite","@id":"https:\/\/thailandia.evolutiontravel.it\/infovacanze\/#website","url":"https:\/\/thailandia.evolutiontravel.it\/infovacanze\/","name":"Thailandia","description":"","potentialAction":[{"@type":"SearchAction","target":{"@type":"EntryPoint","urlTemplate":"https:\/\/thailandia.evolutiontravel.it\/infovacanze\/?s={search_term_string}"},"query-input":"required name=search_term_string"}],"inLanguage":"it-IT"}]}},"_links":{"self":[{"href":"https:\/\/thailandia.evolutiontravel.it\/infovacanze\/wp-json\/wp\/v2\/pages\/1225"}],"collection":[{"href":"https:\/\/thailandia.evolutiontravel.it\/infovacanze\/wp-json\/wp\/v2\/pages"}],"about":[{"href":"https:\/\/thailandia.evolutiontravel.it\/infovacanze\/wp-json\/wp\/v2\/types\/page"}],"author":[{"embeddable":true,"href":"https:\/\/thailandia.evolutiontravel.it\/infovacanze\/wp-json\/wp\/v2\/users\/1"}],"replies":[{"embeddable":true,"href":"https:\/\/thailandia.evolutiontravel.it\/infovacanze\/wp-json\/wp\/v2\/comments?post=1225"}],"version-history":[{"count":6,"href":"https:\/\/thailandia.evolutiontravel.it\/infovacanze\/wp-json\/wp\/v2\/pages\/1225\/revisions"}],"predecessor-version":[{"id":1999,"href":"https:\/\/thailandia.evolutiontravel.it\/infovacanze\/wp-json\/wp\/v2\/pages\/1225\/revisions\/1999"}],"up":[{"embeddable":true,"href":"https:\/\/thailandia.evolutiontravel.it\/infovacanze\/wp-json\/wp\/v2\/pages\/42"}],"wp:attachment":[{"href":"https:\/\/thailandia.evolutiontravel.it\/infovacanze\/wp-json\/wp\/v2\/media?parent=1225"}],"curies":[{"name":"wp","href":"https:\/\/api.w.org\/{rel}","templated":true}]}}