{"id":121,"date":"2013-06-03T16:19:09","date_gmt":"2013-06-03T14:19:09","guid":{"rendered":"http:\/\/wpseo.evolutiontravel.it\/thailandia\/?page_id=121"},"modified":"2019-06-12T11:55:09","modified_gmt":"2019-06-12T09:55:09","slug":"viaggio-phuket","status":"publish","type":"page","link":"https:\/\/thailandia.evolutiontravel.it\/infovacanze\/da-vedere\/viaggio-phuket\/","title":{"rendered":"Isola di Phuket"},"content":{"rendered":"<p align=\"justify\">L&#8217;<strong>isola di Phuket <\/strong>\u00e8 una delle <strong>localit\u00e0 balnerari pi\u00f9 gettonate<\/strong> da chi sceglie la Thailandia per fare una vacanza di mare e spiaggia. E&#8217; la pi\u00f9 grande tra le isole del paese, una terra emersa dal <strong>fascino tropicale e ricca di natura<\/strong>.<\/p>\n<p align=\"justify\">Phuket \u00e8 la meta ideale per trascorre una vacanza di totale relax. Qui ci sono <strong>spiagge incantevoli con barriere coralline<\/strong> da esplorare, <strong>vegetazione tropicale<\/strong> fatta di mangrovie, palme, fiori, alberi della gomma e tanto altro.<\/p>\n<p align=\"justify\"><strong>Comunque Phuket non \u00e8 solo mare<\/strong>, infatti a pochi chilometri si trova <strong>il tempio\u00a0Wat Chalong<\/strong>, il pi\u00f9 grande tempio buddhista dell&#8217;isola. E inoltre sull&#8217;isola \u00e8 possibile fare anche passeggiate nella foresta. Infatti a nord di Phuket c&#8217;\u00e8 una foresta pluviale con tanto di cascate, le Bang Pae.<\/p>\n<h2>Spiagge dell&#8217;Isola di Phuket<\/h2>\n<p align=\"justify\"><strong>Patong \u00e8 una delle spiagge pi\u00f9 belle dell&#8217;isola di Phuket<\/strong>. Si tratta di un <strong>litorale di oltre 3 chilometri<\/strong> con tante occasioni di divertimento.<\/p>\n<p align=\"justify\">E&#8217; possibile affittare barche, praticare sport acquatici. Questa localit\u00e0 ha anche una <strong>vivacae vita notturna<\/strong> sopratutto nella zona di Soi Bangl\u00e0.<\/p>\n<p align=\"justify\"><strong>Se invece preferite la tranquillit\u00e0<\/strong> dirigetevi alle spiagge di\u00a0<strong>Karon<\/strong>\u00a0e\u00a0<strong>Kata<\/strong>. La prima \u00e8 conosciuta come &#8220;<em>la spiaggia che canta<\/em>&#8221; perch\u00e9 calpestandola si avverte lo stesso rumore che produce la neve fresca.<\/p>\n<p align=\"justify\">In tutte queste spiagge troverete un\u00a0<strong>mare limpido dalle sfumature azzurre e verdi<\/strong>, di\u00a0sabbia\u00a0finissima e piacevole al tatto, il tutto circondato da una\u00a0vegetazione lussureggiante.<\/p>\n<p align=\"justify\">Se pensate di visitare l&#8217;isola di Phuket programmate anche <strong>un&#8217;escursione a\u00a0Krabi<\/strong>. Qui il\u00a0mare \u00e8 circondato da rocce che si gettano nell&#8217;acqua ricoperte di vegetazione: <strong>un piccolo angolo di paradiso<\/strong> che non potete perdere.<\/p>\n<p style=\"text-align: center\" align=\"justify\"><img loading=\"lazy\" decoding=\"async\" class=\"alignnone wp-image-581 size-full\" src=\"https:\/\/thailandia.evolutiontravel.it\/infovacanze\/wp-content\/uploads\/sites\/2\/2013\/06\/PhuketThailandia.jpg\" alt=\"Phuket mare\" width=\"640\" height=\"425\" srcset=\"https:\/\/thailandia.evolutiontravel.it\/infovacanze\/wp-content\/uploads\/sites\/2\/2013\/06\/PhuketThailandia.jpg 640w, https:\/\/thailandia.evolutiontravel.it\/infovacanze\/wp-content\/uploads\/sites\/2\/2013\/06\/PhuketThailandia-300x199.jpg 300w, https:\/\/thailandia.evolutiontravel.it\/infovacanze\/wp-content\/uploads\/sites\/2\/2013\/06\/PhuketThailandia-451x300.jpg 451w\" sizes=\"(max-width: 640px) 100vw, 640px\" \/><\/p>\n<h2>Il periodo migliore per andare a Phuket<\/h2>\n<p><a title=\"quando andare in thailandia\" href=\"https:\/\/thailandia.evolutiontravel.it\/infovacanze\/informazioni\/quando-andare-in-thailandia\/\">Come nel resto della Thailandia<\/a> anche a Phuket il clima si divide in <strong>due stagioni<\/strong>, una delle <strong>piogge e una secca<\/strong>. <strong>La stagione umida \u00e8 quella che va da giugno ad ottobre<\/strong>: in questo periodo le precipitazioni aumentano.<\/p>\n<p><strong>L\u2019isola \u00e8 perfetta tutto l\u2019anno<\/strong> perch\u00e9 anche nella stagione dei monsoni gli acquazzoni durano pochi minuti e poi torna a splendere il sole. Le temperature non subiscono forti cambiamenti tra le due stagioni rimanendo tra i 25 e i 32\u00b0C.<\/p>\n<p>Si pu\u00f2 dire che <strong>il periodo pi\u00f9 caldo dell\u2019anno sull&#8217;isola \u00e8 da marzo ad aprile<\/strong>, mesi nei quali le temperature massime arrivano anche a 40\u00b0C mentre le minime si assestano sui 25\u00b0C.<\/p>\n<h3 style=\"text-align: center\">Offerte speciali per la Thailandia<\/h3>\n<p style=\"text-align: center\"><strong><span style=\"color: #008000\">CLICCA sulle ultime proposte pubblicate<\/span><\/strong> per vedere subito tutti i <span style=\"color: #008000\"><strong>dettagli della vacanza<\/strong><\/span>: luoghi, attivit\u00e0, partenze e costi!<\/p>\n<div class=\"feedzy-67a4f5a1b3a37f0b51cea48ba74fa8d0 feedzy-rss\">\n\t\t<ul class=\"feedzy-style2\">\n\t\t\t\t\t<li  style=\"padding: 23px 0 38px\" class=\"rss_item feedzy-rss-col-3\" >\n\t\t\t\t\t\t\t\t\t<div class=\"rss_image\" style=\"width:225px; height:225px;\">\n\t\t\t\t\t\t<a href=\"https:\/\/thailandia.evolutiontravel.it\/it_IT\/896\/tab\/35698_la-magia-del-nord-e-il-mare-delle-andamane.html\" target=\"_blank\" \n\t\t\t\t\t\t\trel=\"noopener \"\n\t\t\t\t\t\t\ttitle=\"La Magia del Nord e il Mare delle Andamane\"\n\t\t\t\t\t\t\tstyle=\"width:225px; height:225px;\">\n\t\t\t\t\t\t\t<span class=\"fetched\" style=\"background-image:  url('http:\/\/etcdn.net\/thumbnails\/35698\/it-bangkok-tour-del-nord-phuket-il-fiume-kwai-e-la-magia-del-nord-e-il-mare-delle-andamane-611dc.jpg');\" title=\"La Magia del Nord e il Mare delle Andamane\"><\/span><amp-img width=\"225\" height=\"225\" src=\"http:\/\/etcdn.net\/thumbnails\/35698\/it-bangkok-tour-del-nord-phuket-il-fiume-kwai-e-la-magia-del-nord-e-il-mare-delle-andamane-611dc.jpg\">\t\t\t\t\t\t<\/a>\n\t\t\t\t\t<\/div>\n\t\t\t\t\t\t\t\t<div class=\"rss_content_wrap\">\n\t\t\t\t\t<span class=\"title\">\n\t\t\t\t\t\t<a href=\"https:\/\/thailandia.evolutiontravel.it\/it_IT\/896\/tab\/35698_la-magia-del-nord-e-il-mare-delle-andamane.html\" target=\"_blank\"  rel=\"noopener \">\n\t\t\t\t\t\t\tLa Magia del Nord e il Mare delle Andamane\t\t\t\t\t\t<\/a>\n\t\t\t\t\t<\/span>\n\t\t\t\t\t<div class=\"rss_content\"\n\t\t\t\t\t\t\tstyle=\"\">\n\t\t\t\t\t\t\n\t\t\t\t\t\t\t\t\t\t\t\t<p class=\"description\">Lasciati accompagnare alla scoperta del Paese prima di terminare il viaggio su una delle tante spiagge tropicali del sud del [&hellip;]<\/p>\n\t\t\t\t\t\t\n\t\t\t\t\t\t\t\t\t\t\t\t\t\t\t\t\t\t\t<div class=\"price-wrap\">\n\t\t\t\t\t\t\t\t<a href=\"https:\/\/thailandia.evolutiontravel.it\/it_IT\/896\/tab\/35698_la-magia-del-nord-e-il-mare-delle-andamane.html\" target=\"_blank\" rel=\"noopener\"><button class=\"price\"> 1780<\/button><\/a>\n\t\t\t\t\t\t\t<\/div>\n\t\t\t\t\t\t\t\t\t\t\t<\/div>\n\t\t\t\t<\/div>\n\t\t\t<\/li>\n\t\t\t\t\t\t<li  style=\"padding: 23px 0 38px\" class=\"rss_item feedzy-rss-col-3\" >\n\t\t\t\t\t\t\t\t\t<div class=\"rss_image\" style=\"width:225px; height:225px;\">\n\t\t\t\t\t\t<a href=\"https:\/\/thailandia.evolutiontravel.it\/it_IT\/896\/tab\/9283_le-luci-e-i-colori-della-capitale-il-fascino-del-nord-e-il-mare-delle-andamane.html\" target=\"_blank\" \n\t\t\t\t\t\t\trel=\"noopener \"\n\t\t\t\t\t\t\ttitle=\"Le luci e i colori della capitale, il fascino del Nord e il mare delle Andamane\"\n\t\t\t\t\t\t\tstyle=\"width:225px; height:225px;\">\n\t\t\t\t\t\t\t<span class=\"fetched\" style=\"background-image:  url('http:\/\/etcdn.net\/thumbnails\/9283\/it-bangkok-tour-del-nord-krabi-le-luci-e-i-colori-della-capitale-il-fascino-del-nord-e-il-mare-delle-andamane-4dfa8.jpg');\" title=\"Le luci e i colori della capitale, il fascino del Nord e il mare delle Andamane\"><\/span><amp-img width=\"225\" height=\"225\" src=\"http:\/\/etcdn.net\/thumbnails\/9283\/it-bangkok-tour-del-nord-krabi-le-luci-e-i-colori-della-capitale-il-fascino-del-nord-e-il-mare-delle-andamane-4dfa8.jpg\">\t\t\t\t\t\t<\/a>\n\t\t\t\t\t<\/div>\n\t\t\t\t\t\t\t\t<div class=\"rss_content_wrap\">\n\t\t\t\t\t<span class=\"title\">\n\t\t\t\t\t\t<a href=\"https:\/\/thailandia.evolutiontravel.it\/it_IT\/896\/tab\/9283_le-luci-e-i-colori-della-capitale-il-fascino-del-nord-e-il-mare-delle-andamane.html\" target=\"_blank\"  rel=\"noopener \">\n\t\t\t\t\t\t\tLe luci e i colori della capitale, il fascino del Nord e il mare delle Andamane\t\t\t\t\t\t<\/a>\n\t\t\t\t\t<\/span>\n\t\t\t\t\t<div class=\"rss_content\"\n\t\t\t\t\t\t\tstyle=\"\">\n\t\t\t\t\t\t\n\t\t\t\t\t\t\t\t\t\t\t\t<p class=\"description\">Un viaggio nel viaggio per scoprire il vero volto della Thailandia nel modo pi\u00f9 autentico e affascinante.<\/p>\n\t\t\t\t\t\t\n\t\t\t\t\t\t\t\t\t\t\t\t\t\t\t\t\t\t\t<div class=\"price-wrap\">\n\t\t\t\t\t\t\t\t<a href=\"https:\/\/thailandia.evolutiontravel.it\/it_IT\/896\/tab\/9283_le-luci-e-i-colori-della-capitale-il-fascino-del-nord-e-il-mare-delle-andamane.html\" target=\"_blank\" rel=\"noopener\"><button class=\"price\"> 1710<\/button><\/a>\n\t\t\t\t\t\t\t<\/div>\n\t\t\t\t\t\t\t\t\t\t\t<\/div>\n\t\t\t\t<\/div>\n\t\t\t<\/li>\n\t\t\t\t\t\t<li  style=\"padding: 23px 0 38px\" class=\"rss_item feedzy-rss-col-3\" >\n\t\t\t\t\t\t\t\t\t<div class=\"rss_image\" style=\"width:225px; height:225px;\">\n\t\t\t\t\t\t<a href=\"https:\/\/thailandia.evolutiontravel.it\/it_IT\/896\/tab\/23625_il-meglio-del-golfo-del-siam.html\" target=\"_blank\" \n\t\t\t\t\t\t\trel=\"noopener \"\n\t\t\t\t\t\t\ttitle=\"Il Meglio del Golfo del Siam\"\n\t\t\t\t\t\t\tstyle=\"width:225px; height:225px;\">\n\t\t\t\t\t\t\t<span class=\"fetched\" style=\"background-image:  url('http:\/\/etcdn.net\/thumbnails\/23625\/it-bangkok-koh-samui-koh-tao-il-meglio-del-golfo-del-siam-4bf52.jpg');\" title=\"Il Meglio del Golfo del Siam\"><\/span><amp-img width=\"225\" height=\"225\" src=\"http:\/\/etcdn.net\/thumbnails\/23625\/it-bangkok-koh-samui-koh-tao-il-meglio-del-golfo-del-siam-4bf52.jpg\">\t\t\t\t\t\t<\/a>\n\t\t\t\t\t<\/div>\n\t\t\t\t\t\t\t\t<div class=\"rss_content_wrap\">\n\t\t\t\t\t<span class=\"title\">\n\t\t\t\t\t\t<a href=\"https:\/\/thailandia.evolutiontravel.it\/it_IT\/896\/tab\/23625_il-meglio-del-golfo-del-siam.html\" target=\"_blank\"  rel=\"noopener \">\n\t\t\t\t\t\t\tIl Meglio del Golfo del Siam\t\t\t\t\t\t<\/a>\n\t\t\t\t\t<\/span>\n\t\t\t\t\t<div class=\"rss_content\"\n\t\t\t\t\t\t\tstyle=\"\">\n\t\t\t\t\t\t\n\t\t\t\t\t\t\t\t\t\t\t\t<p class=\"description\">Un bellissimo viaggio tra la cultura e la tradizione di Bangkok, l'incantevole natura di Koh Samui e i magnifici fondali di Koh [&hellip;]<\/p>\n\t\t\t\t\t\t\n\t\t\t\t\t\t\t\t\t\t\t\t\t\t\t\t\t\t\t<div class=\"price-wrap\">\n\t\t\t\t\t\t\t\t<a href=\"https:\/\/thailandia.evolutiontravel.it\/it_IT\/896\/tab\/23625_il-meglio-del-golfo-del-siam.html\" target=\"_blank\" rel=\"noopener\"><button class=\"price\"> 1710<\/button><\/a>\n\t\t\t\t\t\t\t<\/div>\n\t\t\t\t\t\t\t\t\t\t\t<\/div>\n\t\t\t\t<\/div>\n\t\t\t<\/li>\n\t\t\t\t<\/ul>\n<\/div>\n<style type=\"text\/css\" media=\"all\">.feedzy-rss .rss_item .rss_image{float:left;position:relative;border:none;text-decoration:none;max-width:100%}.feedzy-rss .rss_item .rss_image span{display:inline-block;position:absolute;width:100%;height:100%;background-position:50%;background-size:cover}.feedzy-rss .rss_item .rss_image{margin:.3em 1em 0 0;content-visibility:auto}.feedzy-rss ul{list-style:none}.feedzy-rss ul li{display:inline-block}<\/style>\n","protected":false},"excerpt":{"rendered":"<p>L&#8217;isola di Phuket \u00e8 una delle localit\u00e0 balnerari pi\u00f9 gettonate da chi sceglie la Thailandia per fare una vacanza di mare e spiaggia. E&#8217; la pi\u00f9 grande tra le isole del paese, una terra emersa dal fascino tropicale e ricca di natura. Phuket \u00e8 la meta ideale per trascorre una vacanza di totale relax. Qui <a class=\"moretag\" href=\"https:\/\/thailandia.evolutiontravel.it\/infovacanze\/da-vedere\/viaggio-phuket\/\">[&#8230;]<\/a><\/p>\n","protected":false},"author":1,"featured_media":0,"parent":29,"menu_order":0,"comment_status":"closed","ping_status":"open","template":"templates\/template-with-right-sidebar.php","meta":{"footnotes":""},"yoast_head":"<!-- This site is optimized with the Yoast SEO plugin v21.9.1 - https:\/\/yoast.com\/wordpress\/plugins\/seo\/ -->\n<title>Isola di Phuket: l&#039;isola pi\u00f9 grande della Thailandia - Vacanze mare<\/title>\n<meta name=\"description\" content=\"Vacanze a Phuket, l&#039;isola pi\u00f9 grande della Thailandia: tra natura, mare, spiagge bianchissime per le tue vacanze al mare!\" \/>\n<meta name=\"robots\" content=\"index, follow, max-snippet:-1, max-image-preview:large, max-video-preview:-1\" \/>\n<link rel=\"canonical\" href=\"https:\/\/thailandia.evolutiontravel.it\/infovacanze\/da-vedere\/viaggio-phuket\/\" \/>\n<meta name=\"twitter:label1\" content=\"Tempo di lettura stimato\" \/>\n\t<meta name=\"twitter:data1\" content=\"2 minuti\" \/>\n<script type=\"application\/ld+json\" class=\"yoast-schema-graph\">{\"@context\":\"https:\/\/schema.org\",\"@graph\":[{\"@type\":\"WebPage\",\"@id\":\"https:\/\/thailandia.evolutiontravel.it\/infovacanze\/da-vedere\/viaggio-phuket\/\",\"url\":\"https:\/\/thailandia.evolutiontravel.it\/infovacanze\/da-vedere\/viaggio-phuket\/\",\"name\":\"Isola di Phuket: l'isola pi\u00f9 grande della Thailandia - Vacanze mare\",\"isPartOf\":{\"@id\":\"https:\/\/thailandia.evolutiontravel.it\/infovacanze\/#website\"},\"datePublished\":\"2013-06-03T14:19:09+00:00\",\"dateModified\":\"2019-06-12T09:55:09+00:00\",\"description\":\"Vacanze a Phuket, l'isola pi\u00f9 grande della Thailandia: tra natura, mare, spiagge bianchissime per le tue vacanze al mare!\",\"breadcrumb\":{\"@id\":\"https:\/\/thailandia.evolutiontravel.it\/infovacanze\/da-vedere\/viaggio-phuket\/#breadcrumb\"},\"inLanguage\":\"it-IT\",\"potentialAction\":[{\"@type\":\"ReadAction\",\"target\":[\"https:\/\/thailandia.evolutiontravel.it\/infovacanze\/da-vedere\/viaggio-phuket\/\"]}]},{\"@type\":\"BreadcrumbList\",\"@id\":\"https:\/\/thailandia.evolutiontravel.it\/infovacanze\/da-vedere\/viaggio-phuket\/#breadcrumb\",\"itemListElement\":[{\"@type\":\"ListItem\",\"position\":1,\"name\":\"Destinazioni della Thailandia\",\"item\":\"https:\/\/thailandia.evolutiontravel.it\/infovacanze\/da-vedere\/\"},{\"@type\":\"ListItem\",\"position\":2,\"name\":\"Isola di Phuket\"}]},{\"@type\":\"WebSite\",\"@id\":\"https:\/\/thailandia.evolutiontravel.it\/infovacanze\/#website\",\"url\":\"https:\/\/thailandia.evolutiontravel.it\/infovacanze\/\",\"name\":\"Thailandia\",\"description\":\"\",\"potentialAction\":[{\"@type\":\"SearchAction\",\"target\":{\"@type\":\"EntryPoint\",\"urlTemplate\":\"https:\/\/thailandia.evolutiontravel.it\/infovacanze\/?s={search_term_string}\"},\"query-input\":\"required name=search_term_string\"}],\"inLanguage\":\"it-IT\"}]}<\/script>\n<!-- \/ Yoast SEO plugin. -->","yoast_head_json":{"title":"Isola di Phuket: l'isola pi\u00f9 grande della Thailandia - Vacanze mare","description":"Vacanze a Phuket, l'isola pi\u00f9 grande della Thailandia: tra natura, mare, spiagge bianchissime per le tue vacanze al mare!","robots":{"index":"index","follow":"follow","max-snippet":"max-snippet:-1","max-image-preview":"max-image-preview:large","max-video-preview":"max-video-preview:-1"},"canonical":"https:\/\/thailandia.evolutiontravel.it\/infovacanze\/da-vedere\/viaggio-phuket\/","twitter_misc":{"Tempo di lettura stimato":"2 minuti"},"schema":{"@context":"https:\/\/schema.org","@graph":[{"@type":"WebPage","@id":"https:\/\/thailandia.evolutiontravel.it\/infovacanze\/da-vedere\/viaggio-phuket\/","url":"https:\/\/thailandia.evolutiontravel.it\/infovacanze\/da-vedere\/viaggio-phuket\/","name":"Isola di Phuket: l'isola pi\u00f9 grande della Thailandia - Vacanze mare","isPartOf":{"@id":"https:\/\/thailandia.evolutiontravel.it\/infovacanze\/#website"},"datePublished":"2013-06-03T14:19:09+00:00","dateModified":"2019-06-12T09:55:09+00:00","description":"Vacanze a Phuket, l'isola pi\u00f9 grande della Thailandia: tra natura, mare, spiagge bianchissime per le tue vacanze al mare!","breadcrumb":{"@id":"https:\/\/thailandia.evolutiontravel.it\/infovacanze\/da-vedere\/viaggio-phuket\/#breadcrumb"},"inLanguage":"it-IT","potentialAction":[{"@type":"ReadAction","target":["https:\/\/thailandia.evolutiontravel.it\/infovacanze\/da-vedere\/viaggio-phuket\/"]}]},{"@type":"BreadcrumbList","@id":"https:\/\/thailandia.evolutiontravel.it\/infovacanze\/da-vedere\/viaggio-phuket\/#breadcrumb","itemListElement":[{"@type":"ListItem","position":1,"name":"Destinazioni della Thailandia","item":"https:\/\/thailandia.evolutiontravel.it\/infovacanze\/da-vedere\/"},{"@type":"ListItem","position":2,"name":"Isola di Phuket"}]},{"@type":"WebSite","@id":"https:\/\/thailandia.evolutiontravel.it\/infovacanze\/#website","url":"https:\/\/thailandia.evolutiontravel.it\/infovacanze\/","name":"Thailandia","description":"","potentialAction":[{"@type":"SearchAction","target":{"@type":"EntryPoint","urlTemplate":"https:\/\/thailandia.evolutiontravel.it\/infovacanze\/?s={search_term_string}"},"query-input":"required name=search_term_string"}],"inLanguage":"it-IT"}]}},"_links":{"self":[{"href":"https:\/\/thailandia.evolutiontravel.it\/infovacanze\/wp-json\/wp\/v2\/pages\/121"}],"collection":[{"href":"https:\/\/thailandia.evolutiontravel.it\/infovacanze\/wp-json\/wp\/v2\/pages"}],"about":[{"href":"https:\/\/thailandia.evolutiontravel.it\/infovacanze\/wp-json\/wp\/v2\/types\/page"}],"author":[{"embeddable":true,"href":"https:\/\/thailandia.evolutiontravel.it\/infovacanze\/wp-json\/wp\/v2\/users\/1"}],"replies":[{"embeddable":true,"href":"https:\/\/thailandia.evolutiontravel.it\/infovacanze\/wp-json\/wp\/v2\/comments?post=121"}],"version-history":[{"count":17,"href":"https:\/\/thailandia.evolutiontravel.it\/infovacanze\/wp-json\/wp\/v2\/pages\/121\/revisions"}],"predecessor-version":[{"id":2189,"href":"https:\/\/thailandia.evolutiontravel.it\/infovacanze\/wp-json\/wp\/v2\/pages\/121\/revisions\/2189"}],"up":[{"embeddable":true,"href":"https:\/\/thailandia.evolutiontravel.it\/infovacanze\/wp-json\/wp\/v2\/pages\/29"}],"wp:attachment":[{"href":"https:\/\/thailandia.evolutiontravel.it\/infovacanze\/wp-json\/wp\/v2\/media?parent=121"}],"curies":[{"name":"wp","href":"https:\/\/api.w.org\/{rel}","templated":true}]}}